{"id":8395,"date":"2025-09-18T19:55:53","date_gmt":"2025-09-18T19:55:53","guid":{"rendered":"https:\/\/sharpcaci4.betademowork.com\/?page_id=8395"},"modified":"2025-10-09T19:06:19","modified_gmt":"2025-10-09T19:06:19","slug":"environmental-policy","status":"publish","type":"page","link":"https:\/\/sharpcaci4.betademowork.com\/fr\/environmental-policy\/","title":{"rendered":"Environmental Policy"},"content":{"rendered":"\t\t<div data-elementor-type=\"wp-page\" data-elementor-id=\"8395\" class=\"elementor elementor-8395 elementor-7077\" data-elementor-post-type=\"page\">\n\t\t\t\t<div class=\"elementor-element elementor-element-6d0ad0d e-flex e-con-boxed e-con e-child\" data-id=\"6d0ad0d\" data-element_type=\"container\" data-settings=\"{&quot;background_background&quot;:&quot;classic&quot;}\">\n\t\t\t\t\t<div class=\"e-con-inner\">\n\t\t<div class=\"elementor-element elementor-element-8790ad7 e-con-full e-flex e-con e-child\" data-id=\"8790ad7\" data-element_type=\"container\" id=\"privacypolices\">\n\t\t\t\t<div class=\"elementor-element elementor-element-9017c84 elementor-widget__width-inherit elementor-invisible elementor-widget elementor-widget-heading\" data-id=\"9017c84\" data-element_type=\"widget\" data-settings=\"{&quot;_animation&quot;:&quot;fadeInUp&quot;}\" data-widget_type=\"heading.default\">\n\t\t\t\t\t<h1 class=\"elementor-heading-title elementor-size-default\">\u00c9NONC\u00c9 DE POLITIQUE ENVIRONNEMENTALE <\/h1>\t\t\t\t<\/div>\n\t\t\t\t<\/div>\n\t\t\t\t\t<\/div>\n\t\t\t\t<\/div>\n\t\t<div class=\"elementor-element elementor-element-13d8c55 e-flex e-con-boxed e-con e-parent\" data-id=\"13d8c55\" data-element_type=\"container\">\n\t\t\t\t\t<div class=\"e-con-inner\">\n\t\t<div class=\"elementor-element elementor-element-2b743c8 e-con-full e-flex e-con e-child\" data-id=\"2b743c8\" data-element_type=\"container\">\n\t\t\t\t<div class=\"elementor-element elementor-element-c62fdcf elementor-widget elementor-widget-heading\" data-id=\"c62fdcf\" data-element_type=\"widget\" data-widget_type=\"heading.default\">\n\t\t\t\t\t<h2 class=\"elementor-heading-title elementor-size-default\"><b>D\u00e9claration<\/b><\/h2>\t\t\t\t<\/div>\n\t\t\t\t<div class=\"elementor-element elementor-element-ddb13e7 elementor-widget elementor-widget-text-editor\" data-id=\"ddb13e7\" data-element_type=\"widget\" data-widget_type=\"text-editor.default\">\n\t\t\t\t\t\t\t\t\t<p>Les employ\u00e9s de Sharp \u00c9lectronique du Canada Lt\u00e9e s&rsquo;engagent \u00e0 mener leurs op\u00e9rations et activit\u00e9s commerciales de mani\u00e8re \u00e0 prot\u00e9ger la sant\u00e9 humaine et l&rsquo;environnement.<\/p><p>Pour respecter cet engagement, Sharp \u00c9lectronique du Canada Lt\u00e9e a mis en place un syst\u00e8me de gestion environnementale (SGE) qui sert de cadre pour \u00e9tablir des objectifs et des cibles en mati\u00e8re de protection de l&rsquo;environnement, pour faire r\u00e9guli\u00e8rement le point sur nos r\u00e9alisations et nos progr\u00e8s, et pour am\u00e9liorer continuellement notre capacit\u00e9 \u00e0 atteindre les r\u00e9sultats suivants :<\/p>\t\t\t\t\t\t\t\t<\/div>\n\t\t\t\t<\/div>\n\t\t<div class=\"elementor-element elementor-element-9e6cf42 e-con-full e-flex e-con e-child\" data-id=\"9e6cf42\" data-element_type=\"container\">\n\t\t\t\t<div class=\"elementor-element elementor-element-89b5505 elementor-widget elementor-widget-heading\" data-id=\"89b5505\" data-element_type=\"widget\" data-widget_type=\"heading.default\">\n\t\t\t\t\t<h4 class=\"elementor-heading-title elementor-size-default\"><b><span style=\"font-size: 28px\">Conformit\u00e9 <\/span><\/b><\/h4>\t\t\t\t<\/div>\n\t\t\t\t<div class=\"elementor-element elementor-element-bf25de8 elementor-widget elementor-widget-text-editor\" data-id=\"bf25de8\" data-element_type=\"widget\" data-widget_type=\"text-editor.default\">\n\t\t\t\t\t\t\t\t\t<p>Nous r\u00e9pertorierons, \u00e9valuerons et respecterons l\u2019ensemble des lois et r\u00e8glements environnementaux applicables ainsi que les autres exigences auxquelles nous adh\u00e9rons dans le cadre de nos activit\u00e9s.<\/p>\t\t\t\t\t\t\t\t<\/div>\n\t\t\t\t<\/div>\n\t\t<div class=\"elementor-element elementor-element-6008924 e-con-full e-flex e-con e-child\" data-id=\"6008924\" data-element_type=\"container\">\n\t\t\t\t<div class=\"elementor-element elementor-element-f5d4bb1 elementor-widget elementor-widget-heading\" data-id=\"f5d4bb1\" data-element_type=\"widget\" data-widget_type=\"heading.default\">\n\t\t\t\t\t<h4 class=\"elementor-heading-title elementor-size-default\"><b><span style=\"font-size: 28px\">Sensibilisation \u00e0 l'environnement<\/span><\/b><\/h4>\t\t\t\t<\/div>\n\t\t\t\t<div class=\"elementor-element elementor-element-c47112e elementor-widget elementor-widget-text-editor\" data-id=\"c47112e\" data-element_type=\"widget\" data-widget_type=\"text-editor.default\">\n\t\t\t\t\t\t\t\t\t<p>We will promote the participation of all employees in the EMS. We will communicate this policy to all employees, make it available to the public, and establish procedures to receive and respond to inquiries from external interested parties.<\/p>\t\t\t\t\t\t\t\t<\/div>\n\t\t\t\t<\/div>\n\t\t<div class=\"elementor-element elementor-element-1a1c24e e-con-full e-flex e-con e-child\" data-id=\"1a1c24e\" data-element_type=\"container\">\n\t\t\t\t<div class=\"elementor-element elementor-element-8ecf4ee elementor-widget elementor-widget-heading\" data-id=\"8ecf4ee\" data-element_type=\"widget\" data-widget_type=\"heading.default\">\n\t\t\t\t\t<h4 class=\"elementor-heading-title elementor-size-default\"><b><span style=\"font-size: 28px\">Partenariats responsables<\/span><\/b><\/h4>\t\t\t\t<\/div>\n\t\t\t\t<div class=\"elementor-element elementor-element-db35809 elementor-widget elementor-widget-text-editor\" data-id=\"db35809\" data-element_type=\"widget\" data-widget_type=\"text-editor.default\">\n\t\t\t\t\t\t\t\t\t<p>Nous travaillerons avec nos clients pour r\u00e9pondre aux pr\u00e9occupations environnementales communes et encouragerons nos fournisseurs, importateurs et distributeurs \u00e0 se conformer \u00e0 des politiques de protection de l&rsquo;environnement similaires.<\/p>\t\t\t\t\t\t\t\t<\/div>\n\t\t\t\t<\/div>\n\t\t<div class=\"elementor-element elementor-element-91649b7 e-con-full e-flex e-con e-child\" data-id=\"91649b7\" data-element_type=\"container\">\n\t\t\t\t<div class=\"elementor-element elementor-element-6ecdf76 elementor-widget elementor-widget-heading\" data-id=\"6ecdf76\" data-element_type=\"widget\" data-widget_type=\"heading.default\">\n\t\t\t\t\t<h4 class=\"elementor-heading-title elementor-size-default\"><b><span style=\"font-size: 28px\">Encourager le recyclage et la pr\u00e9vention de la pollution  <\/span><\/b><\/h4>\t\t\t\t<\/div>\n\t\t\t\t<div class=\"elementor-element elementor-element-1ca030e elementor-widget elementor-widget-text-editor\" data-id=\"1ca030e\" data-element_type=\"widget\" data-widget_type=\"text-editor.default\">\n\t\t\t\t\t\t\t\t\t<p>Nous nous efforcerons de r\u00e9duire notre consommation de ressources naturelles par l\u2019utilisation rentable des mat\u00e9riaux recycl\u00e9s et r\u00e9utilis\u00e9s et la conservation de l&rsquo;\u00e9nergie et de l&rsquo;eau. La premi\u00e8re option consistera \u00e0 pr\u00e9venir la pollution et, dans un deuxi\u00e8me temps, \u00e0 utiliser des m\u00e9thodes s\u00e9curitaires d&rsquo;\u00e9limination, de contr\u00f4le ou de r\u00e9duction lorsque la pr\u00e9vention n&rsquo;est pas possible.<\/p><p>Sharp \u00c9lectronique du Canada Lt\u00e9e s&rsquo;engage \u00e0 garantir un environnement de travail s\u00e9curitaire et sain pour tous les employ\u00e9s et visiteurs. <\/p>\t\t\t\t\t\t\t\t<\/div>\n\t\t\t\t<\/div>\n\t\t<div class=\"elementor-element elementor-element-924c8aa e-con-full e-flex e-con e-child\" data-id=\"924c8aa\" data-element_type=\"container\">\n\t\t\t\t<div class=\"elementor-element elementor-element-bfae912 elementor-widget elementor-widget-text-editor\" data-id=\"bfae912\" data-element_type=\"widget\" data-widget_type=\"text-editor.default\">\n\t\t\t\t\t\t\t\t\t<p><strong>LA DURABILIT\u00c9 ENVIRONNEMENTALE<\/strong> est la responsabilit\u00e9 de tous.<\/p>\t\t\t\t\t\t\t\t<\/div>\n\t\t\t\t<div class=\"elementor-element elementor-element-f98b27c elementor-widget elementor-widget-spacer\" data-id=\"f98b27c\" data-element_type=\"widget\" data-widget_type=\"spacer.default\">\n\t\t\t\t\t\t\t<div class=\"elementor-spacer\">\n\t\t\t<div class=\"elementor-spacer-inner\"><\/div>\n\t\t<\/div>\n\t\t\t\t\t\t<\/div>\n\t\t\t\t<div class=\"elementor-element elementor-element-1ea0fcc elementor-widget elementor-widget-button\" data-id=\"1ea0fcc\" data-element_type=\"widget\" data-widget_type=\"button.default\">\n\t\t\t\t\t\t\t\t\t\t<a class=\"elementor-button elementor-button-link elementor-size-sm\" href=\"https:\/\/sharpcaci4.betademowork.com\/docs\/2025_Environmental_Policy_FR.pdf\" target=\"_blank\">\n\t\t\t\t\t\t<span class=\"elementor-button-content-wrapper\">\n\t\t\t\t\t\t\t\t\t<span class=\"elementor-button-text\">En savoir plus<\/span>\n\t\t\t\t\t<\/span>\n\t\t\t\t\t<\/a>\n\t\t\t\t\t\t\t\t<\/div>\n\t\t\t\t<div class=\"elementor-element elementor-element-9e392e0 elementor-widget elementor-widget-spacer\" data-id=\"9e392e0\" data-element_type=\"widget\" data-widget_type=\"spacer.default\">\n\t\t\t\t\t\t\t<div class=\"elementor-spacer\">\n\t\t\t<div class=\"elementor-spacer-inner\"><\/div>\n\t\t<\/div>\n\t\t\t\t\t\t<\/div>\n\t\t\t\t<\/div>\n\t\t<div class=\"elementor-element elementor-element-5065427 e-con-full e-flex e-con e-child\" data-id=\"5065427\" data-element_type=\"container\">\n\t\t\t\t<\/div>\n\t\t\t\t\t<\/div>\n\t\t\t\t<\/div>\n\t\t<div class=\"elementor-element elementor-element-c7b041b e-con-full e-flex e-con e-parent\" data-id=\"c7b041b\" data-element_type=\"container\">\n\t\t\t\t<div class=\"elementor-element elementor-element-db863d3 elementor-align-right elementor-widget elementor-widget-button\" data-id=\"db863d3\" data-element_type=\"widget\" data-widget_type=\"button.default\">\n\t\t\t\t\t\t\t\t\t\t<a class=\"elementor-button elementor-button-link elementor-size-sm\" href=\"#privacypolices\">\n\t\t\t\t\t\t<span class=\"elementor-button-content-wrapper\">\n\t\t\t\t\t\t\t\t\t<span class=\"elementor-button-text\">RETOUR AU SOMMET<\/span>\n\t\t\t\t\t<\/span>\n\t\t\t\t\t<\/a>\n\t\t\t\t\t\t\t\t<\/div>\n\t\t\t\t<\/div>\n\t\t\t\t<\/div>\n\t\t","protected":false},"excerpt":{"rendered":"<p>\u00c9NONC\u00c9 DE POLITIQUE ENVIRONNEMENTALE D\u00e9claration Les employ\u00e9s de Sharp \u00c9lectronique du Canada Lt\u00e9e s&rsquo;engagent \u00e0 mener leurs op\u00e9rations et activit\u00e9s commerciales de mani\u00e8re \u00e0 prot\u00e9ger la sant\u00e9 humaine et l&rsquo;environnement. Pour respecter cet engagement, Sharp \u00c9lectronique du Canada Lt\u00e9e a mis en place un syst\u00e8me de gestion environnementale (SGE) qui sert de cadre pour \u00e9tablir [&hellip;]<\/p>\n","protected":false},"author":1,"featured_media":0,"parent":0,"menu_order":0,"comment_status":"closed","ping_status":"open","template":"","meta":{"_acf_changed":false,"footnotes":""},"class_list":["post-8395","page","type-page","status-publish","hentry"],"acf":[],"yoast_head":"<!-- This site is optimized with the Yoast SEO plugin v25.6 - https:\/\/yoast.com\/wordpress\/plugins\/seo\/ -->\n<title>Politique environnementale Sharp Canada<\/title>\n<meta name=\"description\" content=\"Sharp s&#039;engage \u00e0 r\u00e9duire son impact environnemental. Notre politique environnementale d\u00e9crit nos pratiques en mati\u00e8re d&#039;exploitation durable, d&#039;utilisation responsable des ressources et d&#039;am\u00e9lioration continue pour un avenir plus propre.\" \/>\n<meta name=\"robots\" content=\"noindex, follow, max-snippet:-1, max-image-preview:large, max-video-preview:-1\" \/>\n<meta property=\"og:locale\" content=\"fr_FR\" \/>\n<meta property=\"og:type\" content=\"article\" \/>\n<meta property=\"og:title\" content=\"Politique environnementale Sharp Canada\" \/>\n<meta property=\"og:description\" content=\"Sharp s&#039;engage \u00e0 r\u00e9duire son impact environnemental. Notre politique environnementale d\u00e9crit nos pratiques en mati\u00e8re d&#039;exploitation durable, d&#039;utilisation responsable des ressources et d&#039;am\u00e9lioration continue pour un avenir plus propre.\" \/>\n<meta property=\"og:url\" content=\"https:\/\/sharpcaci4.betademowork.com\/en\/environmental-policy\/\" \/>\n<meta property=\"og:site_name\" content=\"Sharp Electronics of Canada Ltd\" \/>\n<meta property=\"article:modified_time\" content=\"2025-10-09T19:06:19+00:00\" \/>\n<meta name=\"twitter:card\" content=\"summary_large_image\" \/>\n<meta name=\"twitter:label1\" content=\"Dur\u00e9e de lecture estim\u00e9e\" \/>\n\t<meta name=\"twitter:data1\" content=\"2 minutes\" \/>\n<script type=\"application\/ld+json\" class=\"yoast-schema-graph\">{\"@context\":\"https:\/\/schema.org\",\"@graph\":[{\"@type\":\"WebPage\",\"@id\":\"https:\/\/sharpcaci4.betademowork.com\/en\/environmental-policy\/\",\"url\":\"https:\/\/sharpcaci4.betademowork.com\/en\/environmental-policy\/\",\"name\":\"Politique environnementale Sharp Canada\",\"isPartOf\":{\"@id\":\"https:\/\/sharpcaci4.betademowork.com\/en\/#website\"},\"datePublished\":\"2025-09-18T19:55:53+00:00\",\"dateModified\":\"2025-10-09T19:06:19+00:00\",\"description\":\"Sharp s'engage \u00e0 r\u00e9duire son impact environnemental. Notre politique environnementale d\u00e9crit nos pratiques en mati\u00e8re d'exploitation durable, d'utilisation responsable des ressources et d'am\u00e9lioration continue pour un avenir plus propre.\",\"breadcrumb\":{\"@id\":\"https:\/\/sharpcaci4.betademowork.com\/en\/environmental-policy\/#breadcrumb\"},\"inLanguage\":\"fr-FR\",\"potentialAction\":[{\"@type\":\"ReadAction\",\"target\":[\"https:\/\/sharpcaci4.betademowork.com\/en\/environmental-policy\/\"]}]},{\"@type\":\"BreadcrumbList\",\"@id\":\"https:\/\/sharpcaci4.betademowork.com\/en\/environmental-policy\/#breadcrumb\",\"itemListElement\":[{\"@type\":\"ListItem\",\"position\":1,\"name\":\"Home | About Us\",\"item\":\"https:\/\/sharpcaci4.betademowork.com\/en\/\"},{\"@type\":\"ListItem\",\"position\":2,\"name\":\"Environmental Policy\"}]},{\"@type\":\"WebSite\",\"@id\":\"https:\/\/sharpcaci4.betademowork.com\/en\/#website\",\"url\":\"https:\/\/sharpcaci4.betademowork.com\/en\/\",\"name\":\"Sharp Electronics of Canada Ltd\",\"description\":\"\",\"publisher\":{\"@id\":\"https:\/\/sharpcaci4.betademowork.com\/en\/#organization\"},\"potentialAction\":[{\"@type\":\"SearchAction\",\"target\":{\"@type\":\"EntryPoint\",\"urlTemplate\":\"https:\/\/sharpcaci4.betademowork.com\/en\/?s={search_term_string}\"},\"query-input\":{\"@type\":\"PropertyValueSpecification\",\"valueRequired\":true,\"valueName\":\"search_term_string\"}}],\"inLanguage\":\"fr-FR\"},{\"@type\":\"Organization\",\"@id\":\"https:\/\/sharpcaci4.betademowork.com\/en\/#organization\",\"name\":\"Sharp Electronics of Canada Ltd\",\"url\":\"https:\/\/sharpcaci4.betademowork.com\/en\/\",\"logo\":{\"@type\":\"ImageObject\",\"inLanguage\":\"fr-FR\",\"@id\":\"https:\/\/sharpcaci4.betademowork.com\/en\/#\/schema\/logo\/image\/\",\"url\":\"https:\/\/sharpcaci4.betademowork.com\/wp-content\/uploads\/2025\/10\/Sharp_logo-200.png\",\"contentUrl\":\"https:\/\/sharpcaci4.betademowork.com\/wp-content\/uploads\/2025\/10\/Sharp_logo-200.png\",\"width\":200,\"height\":55,\"caption\":\"Sharp Electronics of Canada Ltd\"},\"image\":{\"@id\":\"https:\/\/sharpcaci4.betademowork.com\/en\/#\/schema\/logo\/image\/\"}}]}<\/script>\n<!-- \/ Yoast SEO plugin. -->","yoast_head_json":{"title":"Politique environnementale Sharp Canada","description":"Sharp s'engage \u00e0 r\u00e9duire son impact environnemental. Notre politique environnementale d\u00e9crit nos pratiques en mati\u00e8re d'exploitation durable, d'utilisation responsable des ressources et d'am\u00e9lioration continue pour un avenir plus propre.","robots":{"index":"noindex","follow":"follow","max-snippet":"max-snippet:-1","max-image-preview":"max-image-preview:large","max-video-preview":"max-video-preview:-1"},"og_locale":"fr_FR","og_type":"article","og_title":"Politique environnementale Sharp Canada","og_description":"Sharp s'engage \u00e0 r\u00e9duire son impact environnemental. Notre politique environnementale d\u00e9crit nos pratiques en mati\u00e8re d'exploitation durable, d'utilisation responsable des ressources et d'am\u00e9lioration continue pour un avenir plus propre.","og_url":"https:\/\/sharpcaci4.betademowork.com\/en\/environmental-policy\/","og_site_name":"Sharp Electronics of Canada Ltd","article_modified_time":"2025-10-09T19:06:19+00:00","twitter_card":"summary_large_image","twitter_misc":{"Dur\u00e9e de lecture estim\u00e9e":"2 minutes"},"schema":{"@context":"https:\/\/schema.org","@graph":[{"@type":"WebPage","@id":"https:\/\/sharpcaci4.betademowork.com\/en\/environmental-policy\/","url":"https:\/\/sharpcaci4.betademowork.com\/en\/environmental-policy\/","name":"Politique environnementale Sharp Canada","isPartOf":{"@id":"https:\/\/sharpcaci4.betademowork.com\/en\/#website"},"datePublished":"2025-09-18T19:55:53+00:00","dateModified":"2025-10-09T19:06:19+00:00","description":"Sharp s'engage \u00e0 r\u00e9duire son impact environnemental. Notre politique environnementale d\u00e9crit nos pratiques en mati\u00e8re d'exploitation durable, d'utilisation responsable des ressources et d'am\u00e9lioration continue pour un avenir plus propre.","breadcrumb":{"@id":"https:\/\/sharpcaci4.betademowork.com\/en\/environmental-policy\/#breadcrumb"},"inLanguage":"fr-FR","potentialAction":[{"@type":"ReadAction","target":["https:\/\/sharpcaci4.betademowork.com\/en\/environmental-policy\/"]}]},{"@type":"BreadcrumbList","@id":"https:\/\/sharpcaci4.betademowork.com\/en\/environmental-policy\/#breadcrumb","itemListElement":[{"@type":"ListItem","position":1,"name":"Home | About Us","item":"https:\/\/sharpcaci4.betademowork.com\/en\/"},{"@type":"ListItem","position":2,"name":"Environmental Policy"}]},{"@type":"WebSite","@id":"https:\/\/sharpcaci4.betademowork.com\/en\/#website","url":"https:\/\/sharpcaci4.betademowork.com\/en\/","name":"Sharp Electronics of Canada Ltd","description":"","publisher":{"@id":"https:\/\/sharpcaci4.betademowork.com\/en\/#organization"},"potentialAction":[{"@type":"SearchAction","target":{"@type":"EntryPoint","urlTemplate":"https:\/\/sharpcaci4.betademowork.com\/en\/?s={search_term_string}"},"query-input":{"@type":"PropertyValueSpecification","valueRequired":true,"valueName":"search_term_string"}}],"inLanguage":"fr-FR"},{"@type":"Organization","@id":"https:\/\/sharpcaci4.betademowork.com\/en\/#organization","name":"Sharp Electronics of Canada Ltd","url":"https:\/\/sharpcaci4.betademowork.com\/en\/","logo":{"@type":"ImageObject","inLanguage":"fr-FR","@id":"https:\/\/sharpcaci4.betademowork.com\/en\/#\/schema\/logo\/image\/","url":"https:\/\/sharpcaci4.betademowork.com\/wp-content\/uploads\/2025\/10\/Sharp_logo-200.png","contentUrl":"https:\/\/sharpcaci4.betademowork.com\/wp-content\/uploads\/2025\/10\/Sharp_logo-200.png","width":200,"height":55,"caption":"Sharp Electronics of Canada Ltd"},"image":{"@id":"https:\/\/sharpcaci4.betademowork.com\/en\/#\/schema\/logo\/image\/"}}]}},"_links":{"self":[{"href":"https:\/\/sharpcaci4.betademowork.com\/fr\/wp-json\/wp\/v2\/pages\/8395","targetHints":{"allow":["GET"]}}],"collection":[{"href":"https:\/\/sharpcaci4.betademowork.com\/fr\/wp-json\/wp\/v2\/pages"}],"about":[{"href":"https:\/\/sharpcaci4.betademowork.com\/fr\/wp-json\/wp\/v2\/types\/page"}],"author":[{"embeddable":true,"href":"https:\/\/sharpcaci4.betademowork.com\/fr\/wp-json\/wp\/v2\/users\/1"}],"replies":[{"embeddable":true,"href":"https:\/\/sharpcaci4.betademowork.com\/fr\/wp-json\/wp\/v2\/comments?post=8395"}],"version-history":[{"count":3,"href":"https:\/\/sharpcaci4.betademowork.com\/fr\/wp-json\/wp\/v2\/pages\/8395\/revisions"}],"predecessor-version":[{"id":9128,"href":"https:\/\/sharpcaci4.betademowork.com\/fr\/wp-json\/wp\/v2\/pages\/8395\/revisions\/9128"}],"wp:attachment":[{"href":"https:\/\/sharpcaci4.betademowork.com\/fr\/wp-json\/wp\/v2\/media?parent=8395"}],"curies":[{"name":"wp","href":"https:\/\/api.w.org\/{rel}","templated":true}]}}