{"id":4596,"date":"2025-08-19T10:26:22","date_gmt":"2025-08-19T10:26:22","guid":{"rendered":"https:\/\/sharpcaci4.betademowork.com\/where-to-buy\/"},"modified":"2025-10-13T06:19:25","modified_gmt":"2025-10-13T10:19:25","slug":"where-to-buy","status":"publish","type":"page","link":"https:\/\/sharpcaci4.betademowork.com\/fr\/where-to-buy\/","title":{"rendered":"Where to Buy"},"content":{"rendered":"\t\t<div data-elementor-type=\"wp-page\" data-elementor-id=\"4596\" class=\"elementor elementor-4596\" data-elementor-post-type=\"page\">\n\t\t\t\t<div class=\"elementor-element elementor-element-bf99436 e-flex e-con-boxed e-con e-child\" data-id=\"bf99436\" data-element_type=\"container\" data-settings=\"{&quot;background_background&quot;:&quot;classic&quot;}\">\n\t\t\t\t\t<div class=\"e-con-inner\">\n\t\t<div class=\"elementor-element elementor-element-b1df728 e-con-full e-flex e-con e-child\" data-id=\"b1df728\" data-element_type=\"container\">\n\t\t\t\t<div class=\"elementor-element elementor-element-5021f0b elementor-widget__width-initial elementor-widget elementor-widget-heading\" data-id=\"5021f0b\" data-element_type=\"widget\" data-widget_type=\"heading.default\">\n\t\t\t\t\t<h1 class=\"elementor-heading-title elementor-size-default\">O\u00f9 acheter<\/h1>\t\t\t\t<\/div>\n\t\t\t\t<\/div>\n\t\t\t\t\t<\/div>\n\t\t\t\t<\/div>\n\t\t<div class=\"elementor-element elementor-element-a58fe3b e-con-full e-flex e-con e-parent\" data-id=\"a58fe3b\" data-element_type=\"container\">\n\t\t<div class=\"elementor-element elementor-element-71f8d0c e-flex e-con-boxed e-con e-child\" data-id=\"71f8d0c\" data-element_type=\"container\">\n\t\t\t\t\t<div class=\"e-con-inner\">\n\t\t\t\t<div class=\"elementor-element elementor-element-f0b6759 elementor-widget elementor-widget-heading\" data-id=\"f0b6759\" data-element_type=\"widget\" data-widget_type=\"heading.default\">\n\t\t\t\t\t<h2 class=\"elementor-heading-title elementor-size-default\">O\u00f9 acheter des \u00e9lectrom\u00e9nagers et produits commerciaux de SHARP<\/h2>\t\t\t\t<\/div>\n\t\t\t\t<div class=\"elementor-element elementor-element-2ffc2c4 elementor-widget-tablet_extra__width-inherit elementor-widget elementor-widget-text-editor\" data-id=\"2ffc2c4\" data-element_type=\"widget\" data-widget_type=\"text-editor.default\">\n\t\t\t\t\t\t\t\t\t<p>Les produits SHARP sont offerts par l\u2019interm\u00e9diaire d\u2019un vaste r\u00e9seau national\u00a0 de d\u00e9taillants et revendeurs agr\u00e9\u00e9s. Vous pouvez utiliser l\u2019outil ci-dessous pour voir o\u00f9 acheter des appareils de cuisine SHARP, des moniteurs de bureau, des calculatrices, des filtres de purificateur d\u2019air, photocopieuses et imprimantes et bien plus encore.<\/p>\t\t\t\t\t\t\t\t<\/div>\n\t\t\t\t\t<\/div>\n\t\t\t\t<\/div>\n\t\t\t\t<div class=\"elementor-element elementor-element-5c88db8 elementor-widget__width-inherit elementor-widget elementor-widget-shortcode\" data-id=\"5c88db8\" data-element_type=\"widget\" data-widget_type=\"shortcode.default\">\n\t\t\t\t\t\t\t<div class=\"elementor-shortcode\"><div class=\"spc-wtb-wrapper\">  \n    <div class=\"spc-topsearch-wrapper\">    \n    <div class=\"spc-wtb-right-top-search-bar\">\n              <div class=\"spc-wtb-field-row\">\n        <label for=\"categoryFilter\">Cat\u00e9gorie de produit<\/label>   \n        <select id=\"categoryFilter\">\n                        <option value=\"\" disabled hidden>Toutes les cat\u00e9gories<\/option>\n                    \n                      <option value=\"1\"  >Photocopieuses et imprimantes<\/option>\n                      <option value=\"2\"  >Affichage grand format<\/option>\n                      <option value=\"3\"  >DEL<\/option>\n                      <option value=\"4\"  >Calculatrices<\/option>\n                      <option value=\"5\"  >Appareils de cuisine<\/option>\n                      <option value=\"8\"  >Purificateur d'air<\/option>\n                      <option value=\"9\"  >Moniteurs pour ordinateur de bureau<\/option>\n                      <option value=\"10\"  >Projecteurs<\/option>\n                      <option value=\"12\"  >Micro-ondes commerciaux<\/option>\n                      <option value=\"14\"  >QA Category for the French<\/option>\n            \n        <\/select>\n        <\/div>\n          <div class=\"spc-wtb-field-row\">\n      <label for=\"categoryFilter\">Code postal<\/label>\n      <input type=\"text\" id=\"postalCode\" placeholder=\"\" \/>\n     <\/div>\n     <div class=\"spc-wtb-field-row spc-wtb-field-row-radius\">\n       <label for=\"radiusSlider\">\n        Rayon (km): \n        <input type=\"range\" id=\"radiusSlider\" min=\"0\" max=\"250\" value=\"0\" oninput=\"updateSlider(this.value)\">\n        <span id=\"radiusValue\">0<\/span> kilom\u00e8tres      <\/label>      \n     <\/div>\n     <div class=\"spc-wtb-field-row\">\n      <button onclick=\"applyFilters()\">Rechercher<\/button> \n      <button onclick=\"resetFilters()\">R\u00e9initialiser<\/button> \n      <input type=\"hidden\" name=\"dc_type\" id=\"dc_type\" value=\"\">\n     <\/div>\n    <\/div>\n  <\/div>  \n  <div class=\"spc-wtb-partwraps \" >\n    <div class=\"spc-wtb-left-part\">\n      <div class=\"store-list\" id=\"storeList\"><\/div>\n    <\/div>\n    <div class=\"spc-wtb-right-part\">      \n      <div class=\"spc-wtb-right-map-wrapper\">\t\n        <div id=\"location-box\">\n          <button id=\"use-location\"> Utiliser ma position <\/button>\n          <button id=\"close-box\">\u2716<\/button>\n        <\/div>\n        <div id=\"map\" style=\"width:100%;height: 700px;\"><\/div>\n      <\/div>\n    <\/div> \n    <\/div>\n<\/div>\n<script>\n\/\/---- Where to Buy page | Select drop dawn hide --------\/\/ \n  document.addEventListener(\"DOMContentLoaded\", function () {\n    const select = document.getElementById(\"categoryFilter\");\n    if(select.length){\n      select.selectedIndex = 0;\n      select.options[0].textContent = \"\";      \n      select.options[0].disabled = true;\n    }\n  });\n<\/script>\n<script>\n  const slider = document.getElementById(\"radiusSlider\");\n  const radiusValue = document.getElementById(\"radiusValue\");\n  function updateSlider(val) {\n    const percent = (val - slider.min) \/ (slider.max - slider.min) * 100;\n    slider.style.background = `linear-gradient(to right, #e60028 ${percent}%, #eee ${percent}%)`;\n    radiusValue.innerText = val;\n  }   \n  updateSlider(slider.value);\n<\/script>\n<\/div>\n\t\t\t\t\t\t<\/div>\n\t\t\t\t<\/div>\n\t\t\t\t<\/div>\n\t\t","protected":false},"excerpt":{"rendered":"<p>O\u00f9 acheter O\u00f9 acheter des \u00e9lectrom\u00e9nagers et produits commerciaux de SHARP Les produits SHARP sont offerts par l\u2019interm\u00e9diaire d\u2019un vaste r\u00e9seau national\u00a0 de d\u00e9taillants et revendeurs agr\u00e9\u00e9s. Vous pouvez utiliser l\u2019outil ci-dessous pour voir o\u00f9 acheter des appareils de cuisine SHARP, des moniteurs de bureau, des calculatrices, des filtres de purificateur d\u2019air, photocopieuses et imprimantes [&hellip;]<\/p>\n","protected":false},"author":1,"featured_media":0,"parent":0,"menu_order":0,"comment_status":"closed","ping_status":"closed","template":"","meta":{"_acf_changed":false,"footnotes":""},"class_list":["post-4596","page","type-page","status-publish","hentry"],"acf":[],"yoast_head":"<!-- This site is optimized with the Yoast SEO plugin v25.6 - https:\/\/yoast.com\/wordpress\/plugins\/seo\/ -->\n<title>O\u00f9 acheter des \u00e9lectrom\u00e9nagers et produits commerciaux<\/title>\n<meta name=\"description\" content=\"Les produits commerciaux et domestiques de SHARP sont disponibles partout au Canada. Voyez o\u00f9 acheter des purificateurs d\u2019air, des filtres, des calculatrices, des moniteurs, des appareils et bien plus encore.\" \/>\n<meta name=\"robots\" content=\"noindex, follow, max-snippet:-1, max-image-preview:large, max-video-preview:-1\" \/>\n<meta property=\"og:locale\" content=\"fr_FR\" \/>\n<meta property=\"og:type\" content=\"article\" \/>\n<meta property=\"og:title\" content=\"O\u00f9 acheter des \u00e9lectrom\u00e9nagers et produits commerciaux\" \/>\n<meta property=\"og:description\" content=\"Les produits commerciaux et domestiques de SHARP sont disponibles partout au Canada. Voyez o\u00f9 acheter des purificateurs d\u2019air, des filtres, des calculatrices, des moniteurs, des appareils et bien plus encore.\" \/>\n<meta property=\"og:url\" content=\"https:\/\/sharpcaci4.betademowork.com\/fr\/where-to-buy\/\" \/>\n<meta property=\"og:site_name\" content=\"Sharp Electronics of Canada Ltd\" \/>\n<meta property=\"article:modified_time\" content=\"2025-10-13T10:19:25+00:00\" \/>\n<meta name=\"twitter:card\" content=\"summary_large_image\" \/>\n<meta name=\"twitter:label1\" content=\"Dur\u00e9e de lecture estim\u00e9e\" \/>\n\t<meta name=\"twitter:data1\" content=\"1 minute\" \/>\n<script type=\"application\/ld+json\" class=\"yoast-schema-graph\">{\"@context\":\"https:\/\/schema.org\",\"@graph\":[{\"@type\":\"WebPage\",\"@id\":\"https:\/\/sharpcaci4.betademowork.com\/fr\/where-to-buy\/\",\"url\":\"https:\/\/sharpcaci4.betademowork.com\/fr\/where-to-buy\/\",\"name\":\"O\u00f9 acheter des \u00e9lectrom\u00e9nagers et produits commerciaux\",\"isPartOf\":{\"@id\":\"https:\/\/sharpcaci4.betademowork.com\/en\/#website\"},\"datePublished\":\"2025-08-19T10:26:22+00:00\",\"dateModified\":\"2025-10-13T10:19:25+00:00\",\"description\":\"Les produits commerciaux et domestiques de SHARP sont disponibles partout au Canada. Voyez o\u00f9 acheter des purificateurs d\u2019air, des filtres, des calculatrices, des moniteurs, des appareils et bien plus encore.\",\"breadcrumb\":{\"@id\":\"https:\/\/sharpcaci4.betademowork.com\/fr\/where-to-buy\/#breadcrumb\"},\"inLanguage\":\"fr-FR\",\"potentialAction\":[{\"@type\":\"ReadAction\",\"target\":[\"https:\/\/sharpcaci4.betademowork.com\/fr\/where-to-buy\/\"]}]},{\"@type\":\"BreadcrumbList\",\"@id\":\"https:\/\/sharpcaci4.betademowork.com\/fr\/where-to-buy\/#breadcrumb\",\"itemListElement\":[{\"@type\":\"ListItem\",\"position\":1,\"name\":\"Home | About Us\",\"item\":\"https:\/\/sharpcaci4.betademowork.com\/en\/\"},{\"@type\":\"ListItem\",\"position\":2,\"name\":\"Where to Buy\"}]},{\"@type\":\"WebSite\",\"@id\":\"https:\/\/sharpcaci4.betademowork.com\/en\/#website\",\"url\":\"https:\/\/sharpcaci4.betademowork.com\/en\/\",\"name\":\"Sharp Electronics of Canada Ltd\",\"description\":\"\",\"publisher\":{\"@id\":\"https:\/\/sharpcaci4.betademowork.com\/en\/#organization\"},\"potentialAction\":[{\"@type\":\"SearchAction\",\"target\":{\"@type\":\"EntryPoint\",\"urlTemplate\":\"https:\/\/sharpcaci4.betademowork.com\/en\/?s={search_term_string}\"},\"query-input\":{\"@type\":\"PropertyValueSpecification\",\"valueRequired\":true,\"valueName\":\"search_term_string\"}}],\"inLanguage\":\"fr-FR\"},{\"@type\":\"Organization\",\"@id\":\"https:\/\/sharpcaci4.betademowork.com\/en\/#organization\",\"name\":\"Sharp Electronics of Canada Ltd\",\"url\":\"https:\/\/sharpcaci4.betademowork.com\/en\/\",\"logo\":{\"@type\":\"ImageObject\",\"inLanguage\":\"fr-FR\",\"@id\":\"https:\/\/sharpcaci4.betademowork.com\/en\/#\/schema\/logo\/image\/\",\"url\":\"https:\/\/sharpcaci4.betademowork.com\/wp-content\/uploads\/2025\/10\/Sharp_logo-200.png\",\"contentUrl\":\"https:\/\/sharpcaci4.betademowork.com\/wp-content\/uploads\/2025\/10\/Sharp_logo-200.png\",\"width\":200,\"height\":55,\"caption\":\"Sharp Electronics of Canada Ltd\"},\"image\":{\"@id\":\"https:\/\/sharpcaci4.betademowork.com\/en\/#\/schema\/logo\/image\/\"}}]}<\/script>\n<!-- \/ Yoast SEO plugin. -->","yoast_head_json":{"title":"O\u00f9 acheter des \u00e9lectrom\u00e9nagers et produits commerciaux","description":"Les produits commerciaux et domestiques de SHARP sont disponibles partout au Canada. Voyez o\u00f9 acheter des purificateurs d\u2019air, des filtres, des calculatrices, des moniteurs, des appareils et bien plus encore.","robots":{"index":"noindex","follow":"follow","max-snippet":"max-snippet:-1","max-image-preview":"max-image-preview:large","max-video-preview":"max-video-preview:-1"},"og_locale":"fr_FR","og_type":"article","og_title":"O\u00f9 acheter des \u00e9lectrom\u00e9nagers et produits commerciaux","og_description":"Les produits commerciaux et domestiques de SHARP sont disponibles partout au Canada. Voyez o\u00f9 acheter des purificateurs d\u2019air, des filtres, des calculatrices, des moniteurs, des appareils et bien plus encore.","og_url":"https:\/\/sharpcaci4.betademowork.com\/fr\/where-to-buy\/","og_site_name":"Sharp Electronics of Canada Ltd","article_modified_time":"2025-10-13T10:19:25+00:00","twitter_card":"summary_large_image","twitter_misc":{"Dur\u00e9e de lecture estim\u00e9e":"1 minute"},"schema":{"@context":"https:\/\/schema.org","@graph":[{"@type":"WebPage","@id":"https:\/\/sharpcaci4.betademowork.com\/fr\/where-to-buy\/","url":"https:\/\/sharpcaci4.betademowork.com\/fr\/where-to-buy\/","name":"O\u00f9 acheter des \u00e9lectrom\u00e9nagers et produits commerciaux","isPartOf":{"@id":"https:\/\/sharpcaci4.betademowork.com\/en\/#website"},"datePublished":"2025-08-19T10:26:22+00:00","dateModified":"2025-10-13T10:19:25+00:00","description":"Les produits commerciaux et domestiques de SHARP sont disponibles partout au Canada. Voyez o\u00f9 acheter des purificateurs d\u2019air, des filtres, des calculatrices, des moniteurs, des appareils et bien plus encore.","breadcrumb":{"@id":"https:\/\/sharpcaci4.betademowork.com\/fr\/where-to-buy\/#breadcrumb"},"inLanguage":"fr-FR","potentialAction":[{"@type":"ReadAction","target":["https:\/\/sharpcaci4.betademowork.com\/fr\/where-to-buy\/"]}]},{"@type":"BreadcrumbList","@id":"https:\/\/sharpcaci4.betademowork.com\/fr\/where-to-buy\/#breadcrumb","itemListElement":[{"@type":"ListItem","position":1,"name":"Home | About Us","item":"https:\/\/sharpcaci4.betademowork.com\/en\/"},{"@type":"ListItem","position":2,"name":"Where to Buy"}]},{"@type":"WebSite","@id":"https:\/\/sharpcaci4.betademowork.com\/en\/#website","url":"https:\/\/sharpcaci4.betademowork.com\/en\/","name":"Sharp Electronics of Canada Ltd","description":"","publisher":{"@id":"https:\/\/sharpcaci4.betademowork.com\/en\/#organization"},"potentialAction":[{"@type":"SearchAction","target":{"@type":"EntryPoint","urlTemplate":"https:\/\/sharpcaci4.betademowork.com\/en\/?s={search_term_string}"},"query-input":{"@type":"PropertyValueSpecification","valueRequired":true,"valueName":"search_term_string"}}],"inLanguage":"fr-FR"},{"@type":"Organization","@id":"https:\/\/sharpcaci4.betademowork.com\/en\/#organization","name":"Sharp Electronics of Canada Ltd","url":"https:\/\/sharpcaci4.betademowork.com\/en\/","logo":{"@type":"ImageObject","inLanguage":"fr-FR","@id":"https:\/\/sharpcaci4.betademowork.com\/en\/#\/schema\/logo\/image\/","url":"https:\/\/sharpcaci4.betademowork.com\/wp-content\/uploads\/2025\/10\/Sharp_logo-200.png","contentUrl":"https:\/\/sharpcaci4.betademowork.com\/wp-content\/uploads\/2025\/10\/Sharp_logo-200.png","width":200,"height":55,"caption":"Sharp Electronics of Canada Ltd"},"image":{"@id":"https:\/\/sharpcaci4.betademowork.com\/en\/#\/schema\/logo\/image\/"}}]}},"_links":{"self":[{"href":"https:\/\/sharpcaci4.betademowork.com\/fr\/wp-json\/wp\/v2\/pages\/4596","targetHints":{"allow":["GET"]}}],"collection":[{"href":"https:\/\/sharpcaci4.betademowork.com\/fr\/wp-json\/wp\/v2\/pages"}],"about":[{"href":"https:\/\/sharpcaci4.betademowork.com\/fr\/wp-json\/wp\/v2\/types\/page"}],"author":[{"embeddable":true,"href":"https:\/\/sharpcaci4.betademowork.com\/fr\/wp-json\/wp\/v2\/users\/1"}],"replies":[{"embeddable":true,"href":"https:\/\/sharpcaci4.betademowork.com\/fr\/wp-json\/wp\/v2\/comments?post=4596"}],"version-history":[{"count":3,"href":"https:\/\/sharpcaci4.betademowork.com\/fr\/wp-json\/wp\/v2\/pages\/4596\/revisions"}],"predecessor-version":[{"id":9763,"href":"https:\/\/sharpcaci4.betademowork.com\/fr\/wp-json\/wp\/v2\/pages\/4596\/revisions\/9763"}],"wp:attachment":[{"href":"https:\/\/sharpcaci4.betademowork.com\/fr\/wp-json\/wp\/v2\/media?parent=4596"}],"curies":[{"name":"wp","href":"https:\/\/api.w.org\/{rel}","templated":true}]}}