{"id":4582,"date":"2025-07-03T07:07:46","date_gmt":"2025-07-03T07:07:46","guid":{"rendered":"https:\/\/sharpcaci4.betademowork.com\/privacy-policy\/"},"modified":"2025-10-10T12:47:58","modified_gmt":"2025-10-10T16:47:58","slug":"privacy-policy","status":"publish","type":"page","link":"https:\/\/sharpcaci4.betademowork.com\/fr\/privacy-policy\/","title":{"rendered":"Privacy Policy"},"content":{"rendered":"\t\t<div data-elementor-type=\"wp-page\" data-elementor-id=\"4582\" class=\"elementor elementor-4582\" data-elementor-post-type=\"page\">\n\t\t\t\t<div class=\"elementor-element elementor-element-6d0ad0d e-flex e-con-boxed e-con e-child\" data-id=\"6d0ad0d\" data-element_type=\"container\" data-settings=\"{&quot;background_background&quot;:&quot;classic&quot;}\">\n\t\t\t\t\t<div class=\"e-con-inner\">\n\t\t<div class=\"elementor-element elementor-element-8790ad7 e-con-full e-flex e-con e-child\" data-id=\"8790ad7\" data-element_type=\"container\" id=\"privacypolices\">\n\t\t\t\t<div class=\"elementor-element elementor-element-9017c84 elementor-widget__width-inherit elementor-invisible elementor-widget elementor-widget-heading\" data-id=\"9017c84\" data-element_type=\"widget\" data-settings=\"{&quot;_animation&quot;:&quot;fadeInUp&quot;}\" data-widget_type=\"heading.default\">\n\t\t\t\t\t<h1 class=\"elementor-heading-title elementor-size-default\">Politique de vie priv\u00e9e<\/h1>\t\t\t\t<\/div>\n\t\t\t\t<\/div>\n\t\t\t\t\t<\/div>\n\t\t\t\t<\/div>\n\t\t<div class=\"elementor-element elementor-element-13d8c55 e-flex e-con-boxed e-con e-parent\" data-id=\"13d8c55\" data-element_type=\"container\">\n\t\t\t\t\t<div class=\"e-con-inner\">\n\t\t<div class=\"elementor-element elementor-element-2b743c8 e-con-full e-flex e-con e-child\" data-id=\"2b743c8\" data-element_type=\"container\">\n\t\t\t\t<div class=\"elementor-element elementor-element-c62fdcf elementor-widget elementor-widget-heading\" data-id=\"c62fdcf\" data-element_type=\"widget\" data-widget_type=\"heading.default\">\n\t\t\t\t\t<h2 class=\"elementor-heading-title elementor-size-default\">Nous nous engageons \u00e0 prot\u00e9ger vos renseignements personnels<\/h2>\t\t\t\t<\/div>\n\t\t\t\t<div class=\"elementor-element elementor-element-ddb13e7 elementor-widget elementor-widget-text-editor\" data-id=\"ddb13e7\" data-element_type=\"widget\" data-widget_type=\"text-editor.default\">\n\t\t\t\t\t\t\t\t\t<p>Sharp \u00c9lectronique du Canada Lt\u00e9e. (\u00abSharp\u00bb) et ses partenaires commerciaux sont conscients de la nature sensible des renseignements personnels. Sharp se souscrit \u00e0 des r\u00e8gles tr\u00e8s strictes en ce qui concerne la protection des informations confidentielles, dans le contexte de la Loi C-6, (Loi sur la protection de renseignements personnels et des documents \u00e9lectroniques.,\u00abLPRPDE\u00bb) qui s&rsquo;applique \u00e0 la collecte, l&rsquo;utilisation et la divulgation des \u00abinformations personnelles\u00bb dans le cadre des activit\u00e9s commerciales.<\/p>\t\t\t\t\t\t\t\t<\/div>\n\t\t\t\t<\/div>\n\t\t<div class=\"elementor-element elementor-element-9e6cf42 e-con-full e-flex e-con e-child\" data-id=\"9e6cf42\" data-element_type=\"container\">\n\t\t\t\t<div class=\"elementor-element elementor-element-89b5505 elementor-widget elementor-widget-heading\" data-id=\"89b5505\" data-element_type=\"widget\" data-widget_type=\"heading.default\">\n\t\t\t\t\t<h4 class=\"elementor-heading-title elementor-size-default\">Qu'est-ce que \u00e7a signifie, protection de la vie priv\u00e9e?<\/h4>\t\t\t\t<\/div>\n\t\t\t\t<div class=\"elementor-element elementor-element-bf25de8 elementor-widget elementor-widget-text-editor\" data-id=\"bf25de8\" data-element_type=\"widget\" data-widget_type=\"text-editor.default\">\n\t\t\t\t\t\t\t\t\t<p>La collecte, l&rsquo;utilisation et la divulgation de vos renseignements personnels se feront d&rsquo;une mani\u00e8re qui tient toujours compte de votre droit \u00e0 une vie priv\u00e9e.<\/p><p>Vous avez le droit de consulter les renseignements \u00e0 votre titre que nous avons dans nos dossiers.<br \/>Vos renseignements et vos transactions avec nous sont gard\u00e9s dans la plus stricte confidentialit\u00e9.<br \/>Nous avons \u00e9labor\u00e9 la pr\u00e9sente Politique de vie priv\u00e9e pour expliquer notre engagement \u00e0 prot\u00e9ger votre vie priv\u00e9e lorsque nous cueillons et utilisons les renseignements personnels.<\/p>\t\t\t\t\t\t\t\t<\/div>\n\t\t\t\t<\/div>\n\t\t<div class=\"elementor-element elementor-element-6008924 e-con-full e-flex e-con e-child\" data-id=\"6008924\" data-element_type=\"container\">\n\t\t\t\t<div class=\"elementor-element elementor-element-f5d4bb1 elementor-widget elementor-widget-heading\" data-id=\"f5d4bb1\" data-element_type=\"widget\" data-widget_type=\"heading.default\">\n\t\t\t\t\t<h4 class=\"elementor-heading-title elementor-size-default\">Port\u00e9e et objectif<\/h4>\t\t\t\t<\/div>\n\t\t\t\t<div class=\"elementor-element elementor-element-c47112e elementor-widget elementor-widget-text-editor\" data-id=\"c47112e\" data-element_type=\"widget\" data-widget_type=\"text-editor.default\">\n\t\t\t\t\t\t\t\t\t<p>La pr\u00e9sente politique s&rsquo;applique \u00e0 la collecte, l&rsquo;utilisation et la divulgation de renseignements personnels acquis par Sharp \u00c9lectronique du Canada Lt\u00e9e. (\u00abSharp\u00bb).<\/p>\t\t\t\t\t\t\t\t<\/div>\n\t\t\t\t<\/div>\n\t\t<div class=\"elementor-element elementor-element-91649b7 e-con-full e-flex e-con e-child\" data-id=\"91649b7\" data-element_type=\"container\">\n\t\t\t\t<div class=\"elementor-element elementor-element-6ecdf76 elementor-widget elementor-widget-heading\" data-id=\"6ecdf76\" data-element_type=\"widget\" data-widget_type=\"heading.default\">\n\t\t\t\t\t<h4 class=\"elementor-heading-title elementor-size-default\">D\u00e9finitions<\/h4>\t\t\t\t<\/div>\n\t\t\t\t<div class=\"elementor-element elementor-element-1ca030e elementor-widget elementor-widget-text-editor\" data-id=\"1ca030e\" data-element_type=\"widget\" data-widget_type=\"text-editor.default\">\n\t\t\t\t\t\t\t\t\t<p>\u00abrenseignements personnels\u00bb sont des informations \u00e0 propos d&rsquo;une personne identifiable, cependant \u00ables renseignements personnels n&rsquo;incluent pas le nom, le titre, l&rsquo;adresse commerciale ou le num\u00e9ro de t\u00e9l\u00e9phone d&rsquo;un employ\u00e9 ou d&rsquo;une organisation.<\/p>\t\t\t\t\t\t\t\t<\/div>\n\t\t\t\t<\/div>\n\t\t<div class=\"elementor-element elementor-element-924c8aa e-con-full e-flex e-con e-child\" data-id=\"924c8aa\" data-element_type=\"container\">\n\t\t\t\t<div class=\"elementor-element elementor-element-02abca3 elementor-widget elementor-widget-heading\" data-id=\"02abca3\" data-element_type=\"widget\" data-widget_type=\"heading.default\">\n\t\t\t\t\t<h4 class=\"elementor-heading-title elementor-size-default\">Identification des objectifs<\/h4>\t\t\t\t<\/div>\n\t\t\t\t<div class=\"elementor-element elementor-element-bfae912 elementor-widget elementor-widget-text-editor\" data-id=\"bfae912\" data-element_type=\"widget\" data-widget_type=\"text-editor.default\">\n\t\t\t\t\t\t\t\t\t<p>Sharp identifiera la raison pour laquelle les renseignements se cueillent et\/ou s&#8217;emploient et\/ou se divulguent et ce, avant ou au moment de les cueillir. Tout changement d&rsquo;objectif sera signal\u00e9 aux personnes concern\u00e9es, et un nouveau consentement sera obtenu.<\/p><p>La collecte de renseignements personnels se limitera aux informations n\u00e9cessaires pour les objectifs pr\u00e9cis\u00e9s par Sharp \u00c9lectronique. Les renseignements personnels seront tenus aussi exacts, complets et \u00e0 jour que n\u00e9cessaire pour les utiliser aux fins stipul\u00e9es.<\/p><p>Les renseignements personnels peuvent \u00eatre utilis\u00e9s pour :<\/p><ul><li>D\u00e9terminer l&rsquo;admissibilit\u00e9 aux produits et services<\/li><li>Traiter les demandes de nos clients<\/li><li>Fournir les informations demand\u00e9es sur nos produits et services<\/li><li>\u00c9valuer les besoins courants de nos clients et proposer des produits et services qui correspondent \u00e0 ces besoins<\/li><li>Services de facturation, perception et comptabilit\u00e9 qui rel\u00e8vent de nos produits et services<\/li><li>Communications, service et administration<\/li><li>V\u00e9rifications internes, externes et r\u00e8glementaires<\/li><li>Identifier les pr\u00e9f\u00e9rences du client<\/li><li>Participation aux concours, promotions et sondages<br \/>Traiter les demandes de remise et la couverture sous garantie<\/li><li>Acc\u00e9der \u00e0 notre\/nos site(s) Web et en \u00e9valuer et am\u00e9liorer l&rsquo;efficacit\u00e9 dans nos activit\u00e9s de marketing<\/li><li>Prot\u00e9ger le client et Sharp<\/li><li>Conformit\u00e9 aux exigences l\u00e9gales, et,<\/li><\/ul>\t\t\t\t\t\t\t\t<\/div>\n\t\t\t\t<div class=\"elementor-element elementor-element-7a5d2c2 elementor-widget elementor-widget-text-editor\" data-id=\"7a5d2c2\" data-element_type=\"widget\" data-widget_type=\"text-editor.default\">\n\t\t\t\t\t\t\t\t\t<p>Nous pouvons cueillir et r\u00e9sumer les donn\u00e9es de client sous un format qui n&rsquo;identifie pas les personnes individuelles, ceci aux fins d&rsquo;analyses statistiques.<\/p><p>Consentement implicite : Dans certains cas, le consentement est implicite. \u00c0 titre d&rsquo;exemple, si nous vous demandons de nous donner des renseignements personnels pour une fin convenue, et les renseignements personnels sont fournis dans ce contexte, le consentement implicite a \u00e9t\u00e9 accord\u00e9.<\/p><p>Consentement explicite : Dans d&rsquo;autres cas, quand les renseignements personnels que nous demandons sont consid\u00e9r\u00e9s sensibles, nous demanderons votre consentement explicite, et l&rsquo;approbation par \u00e9crit sera requise.<\/p><p>L&rsquo;octroi de votre consentement ne sera pas une condition de fournir un produit ou un service, \u00e0 moins que les informations ainsi demand\u00e9es ne soient n\u00e9cessaires aux fins explicitement indiqu\u00e9es et l\u00e9gitimes. Les clients ont le droit de retirer leur consentement en tout temps, et Sharp expliquerait \u00e0 ces personnes les implications de la retraite du consentement.<\/p><p>Limiter l&rsquo;utilisation, la r\u00e9tention et la divulgation des renseignements personnels : Sharp va utiliser ou divulguer les renseignements personnels seulement aux fins pour lesquelles les renseignements ont \u00e9t\u00e9 cueillis, \u00e0 moins que la personne ne consente autrement, ou si l&rsquo;utilisation ou la divulgation est autoris\u00e9e par LPRPDE ou une autre instance juridique. En plus, nous garderons les renseignements personnels seulement pour la dur\u00e9e requise pour satisfaire aux fins indiqu\u00e9es.<\/p><p>Acc\u00e8s aux informations par le client : Suite \u00e0 une demande, et moyennant la soumission de pi\u00e8ces justificatives \u00e0 la satisfaction de Sharp, une personne peut s&rsquo;informer sur l&rsquo;existence, l&rsquo;utilisation et la divulgation de ses propres renseignements personnels. Si la personne le demande, elle pourra avoir acc\u00e8s \u00e0 ces informations. Des frais administratifs raisonnables peuvent \u00eatre applicables pour acc\u00e9der aux informations. Le montant approximatif des frais d&rsquo;administration sera indiqu\u00e9 \u00e0 la personne concern\u00e9e avant que les informations ne lui soient r\u00e9v\u00e9l\u00e9es.<\/p><p>Si les renseignements personnels dans les dossiers de Sharp sont inexacts, Sharp amendera ces informations en cons\u00e9quence. Dans certaines circonstances, Sharp pourrait refuser \u00e0 une personne l&rsquo;acc\u00e8s \u00e0 ses propres renseignements personnels; cependant ce refus doit se faire conform\u00e9ment aux stipulations de la LPRPDE et d&rsquo;autres lois applicables. Par exemple, si les renseignements personnels sont prot\u00e9g\u00e9s par le privil\u00e8ge avocat-client, ou si l&rsquo;acc\u00e8s aux renseignements personnels r\u00e9v\u00e9lait des informations commerciales confidentielles, Sharp pourrait refuser l&rsquo;acc\u00e8s auxdites informations.<\/p>\t\t\t\t\t\t\t\t<\/div>\n\t\t\t\t<\/div>\n\t\t<div class=\"elementor-element elementor-element-5065427 e-con-full e-flex e-con e-child\" data-id=\"5065427\" data-element_type=\"container\">\n\t\t\t\t<div class=\"elementor-element elementor-element-5807ef7 elementor-widget elementor-widget-heading\" data-id=\"5807ef7\" data-element_type=\"widget\" data-widget_type=\"heading.default\">\n\t\t\t\t\t<h4 class=\"elementor-heading-title elementor-size-default\">Conformit\u00e9 et r\u00e8glement des plaintes<\/h4>\t\t\t\t<\/div>\n\t\t\t\t<div class=\"elementor-element elementor-element-3dfe042 elementor-widget elementor-widget-text-editor\" data-id=\"3dfe042\" data-element_type=\"widget\" data-widget_type=\"text-editor.default\">\n\t\t\t\t\t\t\t\t\t<p>Vos questions et remarques sont les bienvenues.<br \/>Nous vous invitons \u00e0 communiquer avec notre agent de protection de la vie priv\u00e9e :<\/p>\t\t\t\t\t\t\t\t<\/div>\n\t\t\t\t<div class=\"elementor-element elementor-element-d5c7a65 elementor-widget elementor-widget-text-editor\" data-id=\"d5c7a65\" data-element_type=\"widget\" data-widget_type=\"text-editor.default\">\n\t\t\t\t\t\t\t\t\t<p>En courriel au : <a href=\"mailto:privacy@sharpsec.com\">privacy@sharpsec.com<\/a><\/p>\t\t\t\t\t\t\t\t<\/div>\n\t\t\t\t<div class=\"elementor-element elementor-element-032f02a elementor-widget elementor-widget-text-editor\" data-id=\"032f02a\" data-element_type=\"widget\" data-widget_type=\"text-editor.default\">\n\t\t\t\t\t\t\t\t\t<p>Par t\u00e9l\u00e9copie au (905) 568-7141, \u00e0 l&rsquo;attention de agent de protection de la vie priv\u00e9e<\/p>\t\t\t\t\t\t\t\t<\/div>\n\t\t\t\t<div class=\"elementor-element elementor-element-1e8dc98 elementor-widget elementor-widget-text-editor\" data-id=\"1e8dc98\" data-element_type=\"widget\" data-widget_type=\"text-editor.default\">\n\t\t\t\t\t\t\t\t\t<p>Par la poste :<br \/>Sharp \u00c9lectronique du Canada Lt\u00e9e<br \/>5995, chemin\u00a0Avebury,\u00a0bureau 900<br \/>Mississauga, Ontario<br \/>L5R 3P9<br \/>\u00e0 l&rsquo;attention de agent de protection de la vie priv\u00e9e<\/p>\t\t\t\t\t\t\t\t<\/div>\n\t\t\t\t<div class=\"elementor-element elementor-element-009f8d0 elementor-widget elementor-widget-text-editor\" data-id=\"009f8d0\" data-element_type=\"widget\" data-widget_type=\"text-editor.default\">\n\t\t\t\t\t\t\t\t\t<p>Pour en apprendre plus sur la Loi, visitez le site web du commissaire \u00e0 la protection de la vie priv\u00e9e au <a href=\"http:\/\/www.priv.gc.ca\/fr\/\" target=\"_blank\" rel=\"noopener\">www.priv.gc.ca\/fr\/<\/a>.<\/p><p>Pour l\u2019avis de confidentialit\u00e9 destin\u00e9 aux partenaires commerciaux, <a href=\"https:\/\/sharpcaci4.betademowork.com\/wp-content\/uploads\/2025\/07\/Privacy_Notice_for_Business_Partners_ENG.pdf\" target=\"_blank\" rel=\"noopener\">cliquez<\/a>.<\/p>\t\t\t\t\t\t\t\t<\/div>\n\t\t\t\t<div class=\"elementor-element elementor-element-1ea0fcc elementor-widget elementor-widget-button\" data-id=\"1ea0fcc\" data-element_type=\"widget\" data-widget_type=\"button.default\">\n\t\t\t\t\t\t\t\t\t\t<a class=\"elementor-button elementor-button-link elementor-size-sm\" href=\"https:\/\/sharpcaci4.betademowork.com\/wp-content\/uploads\/143b9a5c998a69de75f39a60220520cc.pdf\" target=\"_blank\">\n\t\t\t\t\t\t<span class=\"elementor-button-content-wrapper\">\n\t\t\t\t\t\t\t\t\t<span class=\"elementor-button-text\">En Lire Plus<\/span>\n\t\t\t\t\t<\/span>\n\t\t\t\t\t<\/a>\n\t\t\t\t\t\t\t\t<\/div>\n\t\t\t\t<\/div>\n\t\t\t\t\t<\/div>\n\t\t\t\t<\/div>\n\t\t<div class=\"elementor-element elementor-element-c7b041b e-con-full e-flex e-con e-parent\" data-id=\"c7b041b\" data-element_type=\"container\">\n\t\t\t\t<div class=\"elementor-element elementor-element-db863d3 elementor-align-right elementor-widget elementor-widget-button\" data-id=\"db863d3\" data-element_type=\"widget\" data-widget_type=\"button.default\">\n\t\t\t\t\t\t\t\t\t\t<a class=\"elementor-button elementor-button-link elementor-size-sm\" href=\"#privacypolices\">\n\t\t\t\t\t\t<span class=\"elementor-button-content-wrapper\">\n\t\t\t\t\t\t\t\t\t<span class=\"elementor-button-text\">RETOUR AU SOMMET<\/span>\n\t\t\t\t\t<\/span>\n\t\t\t\t\t<\/a>\n\t\t\t\t\t\t\t\t<\/div>\n\t\t\t\t<\/div>\n\t\t\t\t<\/div>\n\t\t","protected":false},"excerpt":{"rendered":"<p>Politique de vie priv\u00e9e Nous nous engageons \u00e0 prot\u00e9ger vos renseignements personnels Sharp \u00c9lectronique du Canada Lt\u00e9e. (\u00abSharp\u00bb) et ses partenaires commerciaux sont conscients de la nature sensible des renseignements personnels. Sharp se souscrit \u00e0 des r\u00e8gles tr\u00e8s strictes en ce qui concerne la protection des informations confidentielles, dans le contexte de la Loi C-6, [&hellip;]<\/p>\n","protected":false},"author":1,"featured_media":0,"parent":0,"menu_order":0,"comment_status":"closed","ping_status":"open","template":"","meta":{"_acf_changed":false,"footnotes":""},"class_list":["post-4582","page","type-page","status-publish","hentry"],"acf":[],"yoast_head":"<!-- This site is optimized with the Yoast SEO plugin v25.6 - https:\/\/yoast.com\/wordpress\/plugins\/seo\/ -->\n<title>Politique de confidentialit\u00e9 | Sharp Canada<\/title>\n<meta name=\"description\" content=\"Sharp s&#039;engage \u00e0 pr\u00e9server votre vie priv\u00e9e. Notre politique de confidentialit\u00e9 d\u00e9crit nos pratiques en mati\u00e8re de collecte, d&#039;utilisation et de divulgation des informations personnelles.\" \/>\n<meta name=\"robots\" content=\"noindex, follow, max-snippet:-1, max-image-preview:large, max-video-preview:-1\" \/>\n<meta property=\"og:locale\" content=\"fr_FR\" \/>\n<meta property=\"og:type\" content=\"article\" \/>\n<meta property=\"og:title\" content=\"Politique de confidentialit\u00e9 | Sharp Canada\" \/>\n<meta property=\"og:description\" content=\"Sharp s&#039;engage \u00e0 pr\u00e9server votre vie priv\u00e9e. Notre politique de confidentialit\u00e9 d\u00e9crit nos pratiques en mati\u00e8re de collecte, d&#039;utilisation et de divulgation des informations personnelles.\" \/>\n<meta property=\"og:url\" content=\"https:\/\/sharpcaci4.betademowork.com\/fr\/privacy-policy\/\" \/>\n<meta property=\"og:site_name\" content=\"Sharp Electronics of Canada Ltd\" \/>\n<meta property=\"article:modified_time\" content=\"2025-10-10T16:47:58+00:00\" \/>\n<meta name=\"twitter:card\" content=\"summary_large_image\" \/>\n<meta name=\"twitter:label1\" content=\"Dur\u00e9e de lecture estim\u00e9e\" \/>\n\t<meta name=\"twitter:data1\" content=\"5 minutes\" \/>\n<script type=\"application\/ld+json\" class=\"yoast-schema-graph\">{\"@context\":\"https:\/\/schema.org\",\"@graph\":[{\"@type\":\"WebPage\",\"@id\":\"https:\/\/sharpcaci4.betademowork.com\/fr\/privacy-policy\/\",\"url\":\"https:\/\/sharpcaci4.betademowork.com\/fr\/privacy-policy\/\",\"name\":\"Politique de confidentialit\u00e9 | Sharp Canada\",\"isPartOf\":{\"@id\":\"https:\/\/sharpcaci4.betademowork.com\/en\/#website\"},\"datePublished\":\"2025-07-03T07:07:46+00:00\",\"dateModified\":\"2025-10-10T16:47:58+00:00\",\"description\":\"Sharp s'engage \u00e0 pr\u00e9server votre vie priv\u00e9e. Notre politique de confidentialit\u00e9 d\u00e9crit nos pratiques en mati\u00e8re de collecte, d'utilisation et de divulgation des informations personnelles.\",\"breadcrumb\":{\"@id\":\"https:\/\/sharpcaci4.betademowork.com\/fr\/privacy-policy\/#breadcrumb\"},\"inLanguage\":\"fr-FR\",\"potentialAction\":[{\"@type\":\"ReadAction\",\"target\":[\"https:\/\/sharpcaci4.betademowork.com\/fr\/privacy-policy\/\"]}]},{\"@type\":\"BreadcrumbList\",\"@id\":\"https:\/\/sharpcaci4.betademowork.com\/fr\/privacy-policy\/#breadcrumb\",\"itemListElement\":[{\"@type\":\"ListItem\",\"position\":1,\"name\":\"Home | About Us\",\"item\":\"https:\/\/sharpcaci4.betademowork.com\/en\/\"},{\"@type\":\"ListItem\",\"position\":2,\"name\":\"Privacy Policy\"}]},{\"@type\":\"WebSite\",\"@id\":\"https:\/\/sharpcaci4.betademowork.com\/en\/#website\",\"url\":\"https:\/\/sharpcaci4.betademowork.com\/en\/\",\"name\":\"Sharp Electronics of Canada Ltd\",\"description\":\"\",\"publisher\":{\"@id\":\"https:\/\/sharpcaci4.betademowork.com\/en\/#organization\"},\"potentialAction\":[{\"@type\":\"SearchAction\",\"target\":{\"@type\":\"EntryPoint\",\"urlTemplate\":\"https:\/\/sharpcaci4.betademowork.com\/en\/?s={search_term_string}\"},\"query-input\":{\"@type\":\"PropertyValueSpecification\",\"valueRequired\":true,\"valueName\":\"search_term_string\"}}],\"inLanguage\":\"fr-FR\"},{\"@type\":\"Organization\",\"@id\":\"https:\/\/sharpcaci4.betademowork.com\/en\/#organization\",\"name\":\"Sharp Electronics of Canada Ltd\",\"url\":\"https:\/\/sharpcaci4.betademowork.com\/en\/\",\"logo\":{\"@type\":\"ImageObject\",\"inLanguage\":\"fr-FR\",\"@id\":\"https:\/\/sharpcaci4.betademowork.com\/en\/#\/schema\/logo\/image\/\",\"url\":\"https:\/\/sharpcaci4.betademowork.com\/wp-content\/uploads\/2025\/10\/Sharp_logo-200.png\",\"contentUrl\":\"https:\/\/sharpcaci4.betademowork.com\/wp-content\/uploads\/2025\/10\/Sharp_logo-200.png\",\"width\":200,\"height\":55,\"caption\":\"Sharp Electronics of Canada Ltd\"},\"image\":{\"@id\":\"https:\/\/sharpcaci4.betademowork.com\/en\/#\/schema\/logo\/image\/\"}}]}<\/script>\n<!-- \/ Yoast SEO plugin. -->","yoast_head_json":{"title":"Politique de confidentialit\u00e9 | Sharp Canada","description":"Sharp s'engage \u00e0 pr\u00e9server votre vie priv\u00e9e. Notre politique de confidentialit\u00e9 d\u00e9crit nos pratiques en mati\u00e8re de collecte, d'utilisation et de divulgation des informations personnelles.","robots":{"index":"noindex","follow":"follow","max-snippet":"max-snippet:-1","max-image-preview":"max-image-preview:large","max-video-preview":"max-video-preview:-1"},"og_locale":"fr_FR","og_type":"article","og_title":"Politique de confidentialit\u00e9 | Sharp Canada","og_description":"Sharp s'engage \u00e0 pr\u00e9server votre vie priv\u00e9e. Notre politique de confidentialit\u00e9 d\u00e9crit nos pratiques en mati\u00e8re de collecte, d'utilisation et de divulgation des informations personnelles.","og_url":"https:\/\/sharpcaci4.betademowork.com\/fr\/privacy-policy\/","og_site_name":"Sharp Electronics of Canada Ltd","article_modified_time":"2025-10-10T16:47:58+00:00","twitter_card":"summary_large_image","twitter_misc":{"Dur\u00e9e de lecture estim\u00e9e":"5 minutes"},"schema":{"@context":"https:\/\/schema.org","@graph":[{"@type":"WebPage","@id":"https:\/\/sharpcaci4.betademowork.com\/fr\/privacy-policy\/","url":"https:\/\/sharpcaci4.betademowork.com\/fr\/privacy-policy\/","name":"Politique de confidentialit\u00e9 | Sharp Canada","isPartOf":{"@id":"https:\/\/sharpcaci4.betademowork.com\/en\/#website"},"datePublished":"2025-07-03T07:07:46+00:00","dateModified":"2025-10-10T16:47:58+00:00","description":"Sharp s'engage \u00e0 pr\u00e9server votre vie priv\u00e9e. Notre politique de confidentialit\u00e9 d\u00e9crit nos pratiques en mati\u00e8re de collecte, d'utilisation et de divulgation des informations personnelles.","breadcrumb":{"@id":"https:\/\/sharpcaci4.betademowork.com\/fr\/privacy-policy\/#breadcrumb"},"inLanguage":"fr-FR","potentialAction":[{"@type":"ReadAction","target":["https:\/\/sharpcaci4.betademowork.com\/fr\/privacy-policy\/"]}]},{"@type":"BreadcrumbList","@id":"https:\/\/sharpcaci4.betademowork.com\/fr\/privacy-policy\/#breadcrumb","itemListElement":[{"@type":"ListItem","position":1,"name":"Home | About Us","item":"https:\/\/sharpcaci4.betademowork.com\/en\/"},{"@type":"ListItem","position":2,"name":"Privacy Policy"}]},{"@type":"WebSite","@id":"https:\/\/sharpcaci4.betademowork.com\/en\/#website","url":"https:\/\/sharpcaci4.betademowork.com\/en\/","name":"Sharp Electronics of Canada Ltd","description":"","publisher":{"@id":"https:\/\/sharpcaci4.betademowork.com\/en\/#organization"},"potentialAction":[{"@type":"SearchAction","target":{"@type":"EntryPoint","urlTemplate":"https:\/\/sharpcaci4.betademowork.com\/en\/?s={search_term_string}"},"query-input":{"@type":"PropertyValueSpecification","valueRequired":true,"valueName":"search_term_string"}}],"inLanguage":"fr-FR"},{"@type":"Organization","@id":"https:\/\/sharpcaci4.betademowork.com\/en\/#organization","name":"Sharp Electronics of Canada Ltd","url":"https:\/\/sharpcaci4.betademowork.com\/en\/","logo":{"@type":"ImageObject","inLanguage":"fr-FR","@id":"https:\/\/sharpcaci4.betademowork.com\/en\/#\/schema\/logo\/image\/","url":"https:\/\/sharpcaci4.betademowork.com\/wp-content\/uploads\/2025\/10\/Sharp_logo-200.png","contentUrl":"https:\/\/sharpcaci4.betademowork.com\/wp-content\/uploads\/2025\/10\/Sharp_logo-200.png","width":200,"height":55,"caption":"Sharp Electronics of Canada Ltd"},"image":{"@id":"https:\/\/sharpcaci4.betademowork.com\/en\/#\/schema\/logo\/image\/"}}]}},"_links":{"self":[{"href":"https:\/\/sharpcaci4.betademowork.com\/fr\/wp-json\/wp\/v2\/pages\/4582","targetHints":{"allow":["GET"]}}],"collection":[{"href":"https:\/\/sharpcaci4.betademowork.com\/fr\/wp-json\/wp\/v2\/pages"}],"about":[{"href":"https:\/\/sharpcaci4.betademowork.com\/fr\/wp-json\/wp\/v2\/types\/page"}],"author":[{"embeddable":true,"href":"https:\/\/sharpcaci4.betademowork.com\/fr\/wp-json\/wp\/v2\/users\/1"}],"replies":[{"embeddable":true,"href":"https:\/\/sharpcaci4.betademowork.com\/fr\/wp-json\/wp\/v2\/comments?post=4582"}],"version-history":[{"count":3,"href":"https:\/\/sharpcaci4.betademowork.com\/fr\/wp-json\/wp\/v2\/pages\/4582\/revisions"}],"predecessor-version":[{"id":9535,"href":"https:\/\/sharpcaci4.betademowork.com\/fr\/wp-json\/wp\/v2\/pages\/4582\/revisions\/9535"}],"wp:attachment":[{"href":"https:\/\/sharpcaci4.betademowork.com\/fr\/wp-json\/wp\/v2\/media?parent=4582"}],"curies":[{"name":"wp","href":"https:\/\/api.w.org\/{rel}","templated":true}]}}