{"id":4580,"date":"2025-07-17T14:44:16","date_gmt":"2025-07-17T14:44:16","guid":{"rendered":"https:\/\/sharpcaci4.betademowork.com\/portals\/"},"modified":"2025-10-10T13:18:08","modified_gmt":"2025-10-10T17:18:08","slug":"portals","status":"publish","type":"page","link":"https:\/\/sharpcaci4.betademowork.com\/fr\/portals\/","title":{"rendered":"Portails"},"content":{"rendered":"\t\t<div data-elementor-type=\"wp-page\" data-elementor-id=\"4580\" class=\"elementor elementor-4580\" data-elementor-post-type=\"page\">\n\t\t\t\t<div class=\"elementor-element elementor-element-bf99436 e-flex e-con-boxed e-con e-child\" data-id=\"bf99436\" data-element_type=\"container\" data-settings=\"{&quot;background_background&quot;:&quot;classic&quot;}\">\n\t\t\t\t\t<div class=\"e-con-inner\">\n\t\t<div class=\"elementor-element elementor-element-b1df728 e-con-full e-flex e-con e-child\" data-id=\"b1df728\" data-element_type=\"container\">\n\t\t\t\t<div class=\"elementor-element elementor-element-5021f0b elementor-widget__width-inherit elementor-widget elementor-widget-heading\" data-id=\"5021f0b\" data-element_type=\"widget\" data-widget_type=\"heading.default\">\n\t\t\t\t\t<h1 class=\"elementor-heading-title elementor-size-default\">Portails<\/h1>\t\t\t\t<\/div>\n\t\t\t\t<\/div>\n\t\t\t\t\t<\/div>\n\t\t\t\t<\/div>\n\t\t<div class=\"elementor-element elementor-element-f395375 e-flex e-con-boxed e-con e-parent\" data-id=\"f395375\" data-element_type=\"container\">\n\t\t\t\t\t<div class=\"e-con-inner\">\n\t\t<div class=\"elementor-element elementor-element-49f6da0 e-con-full e-grid e-con e-child\" data-id=\"49f6da0\" data-element_type=\"container\">\n\t\t<div class=\"elementor-element elementor-element-0db01ec e-con-full e-flex e-con e-child\" data-id=\"0db01ec\" data-element_type=\"container\">\n\t\t\t\t<div class=\"elementor-element elementor-element-be31a4e elementor-widget__width-inherit elementor-widget elementor-widget-image\" data-id=\"be31a4e\" data-element_type=\"widget\" data-widget_type=\"image.default\">\n\t\t\t\t\t\t\t\t\t\t\t\t\t\t\t\t<a href=\"https:\/\/b2b.sharpamericas.com\/irj\/portal\" target=\"_blank\">\n\t\t\t\t\t\t\t<img decoding=\"async\" width=\"237\" height=\"80\" src=\"https:\/\/sharpcaci4.betademowork.com\/wp-content\/uploads\/2025\/07\/b2bportal.png\" class=\"attachment-full size-full wp-image-1991\" alt=\"\" \/>\t\t\t\t\t\t\t\t<\/a>\n\t\t\t\t\t\t\t\t\t\t\t\t\t\t\t<\/div>\n\t\t\t\t<div class=\"elementor-element elementor-element-484dcd9 elementor-widget elementor-widget-text-editor\" data-id=\"484dcd9\" data-element_type=\"widget\" data-widget_type=\"text-editor.default\">\n\t\t\t\t\t\t\t\t\t<p>Le portail Sharp B2B Portal est une plateforme commode pour engager une demande de service, v\u00e9rifier le statut des requ\u00eates, saisir les donn\u00e9es de compteur, et commander les fournitures ou les pi\u00e8ces. En plus, il y a des fonctionnalit\u00e9s adapt\u00e9es aux besoins du fournisseur, et plus encore.<\/p>\t\t\t\t\t\t\t\t<\/div>\n\t\t\t\t<div class=\"elementor-element elementor-element-eabe99b elementor-widget elementor-widget-button\" data-id=\"eabe99b\" data-element_type=\"widget\" data-widget_type=\"button.default\">\n\t\t\t\t\t\t\t\t\t\t<a class=\"elementor-button elementor-button-link elementor-size-sm\" href=\"https:\/\/b2b.sharpamericas.com\/irj\/portal\" target=\"_blank\">\n\t\t\t\t\t\t<span class=\"elementor-button-content-wrapper\">\n\t\t\t\t\t\t\t\t\t<span class=\"elementor-button-text\">Inscrivez-vous ou connectez-vous ici.<\/span>\n\t\t\t\t\t<\/span>\n\t\t\t\t\t<\/a>\n\t\t\t\t\t\t\t\t<\/div>\n\t\t\t\t<\/div>\n\t\t<div class=\"elementor-element elementor-element-58bb839 e-con-full e-flex e-con e-child\" data-id=\"58bb839\" data-element_type=\"container\">\n\t\t\t\t<div class=\"elementor-element elementor-element-44032da elementor-widget__width-inherit elementor-widget elementor-widget-image\" data-id=\"44032da\" data-element_type=\"widget\" data-widget_type=\"image.default\">\n\t\t\t\t\t\t\t\t\t\t\t\t\t\t\t\t<a href=\"https:\/\/login10.fisglobal.com\/idp\/FISVendorProd\/\" target=\"_blank\">\n\t\t\t\t\t\t\t<img decoding=\"async\" width=\"142\" height=\"80\" src=\"https:\/\/sharpcaci4.betademowork.com\/wp-content\/uploads\/2025\/07\/fis.png\" class=\"attachment-full size-full wp-image-1990\" alt=\"\" \/>\t\t\t\t\t\t\t\t<\/a>\n\t\t\t\t\t\t\t\t\t\t\t\t\t\t\t<\/div>\n\t\t\t\t<div class=\"elementor-element elementor-element-9cddc2d elementor-widget elementor-widget-text-editor\" data-id=\"9cddc2d\" data-element_type=\"widget\" data-widget_type=\"text-editor.default\">\n\t\t\t\t\t\t\t\t\t<p>Est-ce que vous \u00eates un partenaire-revendeur de Sharp? Profitez des nombreux avantages au niveau du traitement des paiements : avis en courriel, images de paiements; imprimer, visualiser, ou t\u00e9l\u00e9charger les informations d\u2019un paiement, et plus encore.<\/p>\t\t\t\t\t\t\t\t<\/div>\n\t\t\t\t<div class=\"elementor-element elementor-element-8c1df5f elementor-widget elementor-widget-button\" data-id=\"8c1df5f\" data-element_type=\"widget\" data-widget_type=\"button.default\">\n\t\t\t\t\t\t\t\t\t\t<a class=\"elementor-button elementor-button-link elementor-size-sm\" href=\"https:\/\/www.fisintegratedpayables.com\/payments\/login.aspx\" target=\"_blank\">\n\t\t\t\t\t\t<span class=\"elementor-button-content-wrapper\">\n\t\t\t\t\t\t\t\t\t<span class=\"elementor-button-text\">Inscrivez-vous ou connectez-vous ici.<\/span>\n\t\t\t\t\t<\/span>\n\t\t\t\t\t<\/a>\n\t\t\t\t\t\t\t\t<\/div>\n\t\t\t\t<\/div>\n\t\t<div class=\"elementor-element elementor-element-570be7d e-con-full e-flex e-con e-child\" data-id=\"570be7d\" data-element_type=\"container\">\n\t\t\t\t<div class=\"elementor-element elementor-element-900ab4b elementor-widget__width-inherit elementor-widget elementor-widget-image\" data-id=\"900ab4b\" data-element_type=\"widget\" data-widget_type=\"image.default\">\n\t\t\t\t\t\t\t\t\t\t\t\t\t\t\t\t<a href=\"https:\/\/secure.versapay.com\/?_gl=1*l182l4*_gcl_aw*R0NMLjE2NjY3MTIyNDcuQ2owS0NRandrdDZhQmhES0FSSXNBQXllTEowdGItQXNwalNRd1drcUR4aVdUQ2d5SVZqSkhJMnFLOXRHRVFCY3V6YXBoVXRRZ1VXSThnb2FBakpSRUFMd193Y0I.\" target=\"_blank\">\n\t\t\t\t\t\t\t<img decoding=\"async\" width=\"293\" height=\"80\" src=\"https:\/\/sharpcaci4.betademowork.com\/wp-content\/uploads\/2025\/07\/versapay.png\" class=\"attachment-full size-full wp-image-1989\" alt=\"\" \/>\t\t\t\t\t\t\t\t<\/a>\n\t\t\t\t\t\t\t\t\t\t\t\t\t\t\t<\/div>\n\t\t\t\t<div class=\"elementor-element elementor-element-6f4d3a5 elementor-widget elementor-widget-text-editor\" data-id=\"6f4d3a5\" data-element_type=\"widget\" data-widget_type=\"text-editor.default\">\n\t\t\t\t\t\t\t\t\t<p>Sharp s\u2019est associ\u00e9 avec Versapay ARC pour cr\u00e9er ce portail qui vous permet de consulter les factures en ligne, collaborer sur les questions ou les diff\u00e9rends, faciliter le paiement s\u00e9curis\u00e9 en ligne, et bien plus encore.<\/p>\t\t\t\t\t\t\t\t<\/div>\n\t\t\t\t<div class=\"elementor-element elementor-element-455e32d elementor-widget elementor-widget-button\" data-id=\"455e32d\" data-element_type=\"widget\" data-widget_type=\"button.default\">\n\t\t\t\t\t\t\t\t\t\t<a class=\"elementor-button elementor-button-link elementor-size-sm\" href=\"https:\/\/secure.versapay.com\/?_gl=1*l182l4*_gcl_aw*R0NMLjE2NjY3MTIyNDcuQ2owS0NRandrdDZhQmhES0FSSXNBQXllTEowdGItQXNwalNRd1drcUR4aVdUQ2d5SVZqSkhJMnFLOXRHRVFCY3V6YXBoVXRRZ1VXSThnb2FBakpSRUFMd193Y0I.\" target=\"_blank\">\n\t\t\t\t\t\t<span class=\"elementor-button-content-wrapper\">\n\t\t\t\t\t\t\t\t\t<span class=\"elementor-button-text\">Inscrivez-vous ou connectez-vous ici.<\/span>\n\t\t\t\t\t<\/span>\n\t\t\t\t\t<\/a>\n\t\t\t\t\t\t\t\t<\/div>\n\t\t\t\t<\/div>\n\t\t\t\t<\/div>\n\t\t\t\t\t<\/div>\n\t\t\t\t<\/div>\n\t\t\t\t<\/div>\n\t\t","protected":false},"excerpt":{"rendered":"<p>Portails Le portail Sharp B2B Portal est une plateforme commode pour engager une demande de service, v\u00e9rifier le statut des requ\u00eates, saisir les donn\u00e9es de compteur, et commander les fournitures ou les pi\u00e8ces. En plus, il y a des fonctionnalit\u00e9s adapt\u00e9es aux besoins du fournisseur, et plus encore. Inscrivez-vous ou connectez-vous ici. Est-ce que vous [&hellip;]<\/p>\n","protected":false},"author":1,"featured_media":0,"parent":0,"menu_order":0,"comment_status":"closed","ping_status":"closed","template":"","meta":{"_acf_changed":false,"footnotes":""},"class_list":["post-4580","page","type-page","status-publish","hentry"],"acf":[],"yoast_head":"<!-- This site is optimized with the Yoast SEO plugin v25.6 - https:\/\/yoast.com\/wordpress\/plugins\/seo\/ -->\n<title>Portails Sharp | Acc\u00e8s aux portails R\u00e9compenses et Clients<\/title>\n<meta name=\"description\" content=\"Explorez les portails B2B, FIS Integrated Payables et VersaPay ARC de Sharp. Trouvez des moyens pratiques de soumettre des demandes de service, de consulter des factures et plus encore.\" \/>\n<meta name=\"robots\" content=\"noindex, follow, max-snippet:-1, max-image-preview:large, max-video-preview:-1\" \/>\n<meta property=\"og:locale\" content=\"fr_FR\" \/>\n<meta property=\"og:type\" content=\"article\" \/>\n<meta property=\"og:title\" content=\"Portails Sharp | Acc\u00e8s aux portails R\u00e9compenses et Clients\" \/>\n<meta property=\"og:description\" content=\"Explorez les portails B2B, FIS Integrated Payables et VersaPay ARC de Sharp. Trouvez des moyens pratiques de soumettre des demandes de service, de consulter des factures et plus encore.\" \/>\n<meta property=\"og:url\" content=\"https:\/\/sharpcaci4.betademowork.com\/fr\/portals\/\" \/>\n<meta property=\"og:site_name\" content=\"Sharp Electronics of Canada Ltd\" \/>\n<meta property=\"article:modified_time\" content=\"2025-10-10T17:18:08+00:00\" \/>\n<meta property=\"og:image\" content=\"https:\/\/sharpcaci4.betademowork.com\/wp-content\/uploads\/2025\/07\/b2bportal.png\" \/>\n<meta name=\"twitter:card\" content=\"summary_large_image\" \/>\n<meta name=\"twitter:label1\" content=\"Dur\u00e9e de lecture estim\u00e9e\" \/>\n\t<meta name=\"twitter:data1\" content=\"2 minutes\" \/>\n<script type=\"application\/ld+json\" class=\"yoast-schema-graph\">{\"@context\":\"https:\/\/schema.org\",\"@graph\":[{\"@type\":\"WebPage\",\"@id\":\"https:\/\/sharpcaci4.betademowork.com\/fr\/portals\/\",\"url\":\"https:\/\/sharpcaci4.betademowork.com\/fr\/portals\/\",\"name\":\"Portails Sharp | Acc\u00e8s aux portails R\u00e9compenses et Clients\",\"isPartOf\":{\"@id\":\"https:\/\/sharpcaci4.betademowork.com\/en\/#website\"},\"primaryImageOfPage\":{\"@id\":\"https:\/\/sharpcaci4.betademowork.com\/fr\/portals\/#primaryimage\"},\"image\":{\"@id\":\"https:\/\/sharpcaci4.betademowork.com\/fr\/portals\/#primaryimage\"},\"thumbnailUrl\":\"https:\/\/sharpcaci4.betademowork.com\/wp-content\/uploads\/2025\/07\/b2bportal.png\",\"datePublished\":\"2025-07-17T14:44:16+00:00\",\"dateModified\":\"2025-10-10T17:18:08+00:00\",\"description\":\"Explorez les portails B2B, FIS Integrated Payables et VersaPay ARC de Sharp. Trouvez des moyens pratiques de soumettre des demandes de service, de consulter des factures et plus encore.\",\"breadcrumb\":{\"@id\":\"https:\/\/sharpcaci4.betademowork.com\/fr\/portals\/#breadcrumb\"},\"inLanguage\":\"fr-FR\",\"potentialAction\":[{\"@type\":\"ReadAction\",\"target\":[\"https:\/\/sharpcaci4.betademowork.com\/fr\/portals\/\"]}]},{\"@type\":\"ImageObject\",\"inLanguage\":\"fr-FR\",\"@id\":\"https:\/\/sharpcaci4.betademowork.com\/fr\/portals\/#primaryimage\",\"url\":\"https:\/\/sharpcaci4.betademowork.com\/wp-content\/uploads\/2025\/07\/b2bportal.png\",\"contentUrl\":\"https:\/\/sharpcaci4.betademowork.com\/wp-content\/uploads\/2025\/07\/b2bportal.png\"},{\"@type\":\"BreadcrumbList\",\"@id\":\"https:\/\/sharpcaci4.betademowork.com\/fr\/portals\/#breadcrumb\",\"itemListElement\":[{\"@type\":\"ListItem\",\"position\":1,\"name\":\"Home | About Us\",\"item\":\"https:\/\/sharpcaci4.betademowork.com\/en\/\"},{\"@type\":\"ListItem\",\"position\":2,\"name\":\"Portails\"}]},{\"@type\":\"WebSite\",\"@id\":\"https:\/\/sharpcaci4.betademowork.com\/en\/#website\",\"url\":\"https:\/\/sharpcaci4.betademowork.com\/en\/\",\"name\":\"Sharp Electronics of Canada Ltd\",\"description\":\"\",\"publisher\":{\"@id\":\"https:\/\/sharpcaci4.betademowork.com\/en\/#organization\"},\"potentialAction\":[{\"@type\":\"SearchAction\",\"target\":{\"@type\":\"EntryPoint\",\"urlTemplate\":\"https:\/\/sharpcaci4.betademowork.com\/en\/?s={search_term_string}\"},\"query-input\":{\"@type\":\"PropertyValueSpecification\",\"valueRequired\":true,\"valueName\":\"search_term_string\"}}],\"inLanguage\":\"fr-FR\"},{\"@type\":\"Organization\",\"@id\":\"https:\/\/sharpcaci4.betademowork.com\/en\/#organization\",\"name\":\"Sharp Electronics of Canada Ltd\",\"url\":\"https:\/\/sharpcaci4.betademowork.com\/en\/\",\"logo\":{\"@type\":\"ImageObject\",\"inLanguage\":\"fr-FR\",\"@id\":\"https:\/\/sharpcaci4.betademowork.com\/en\/#\/schema\/logo\/image\/\",\"url\":\"https:\/\/sharpcaci4.betademowork.com\/wp-content\/uploads\/2025\/10\/Sharp_logo-200.png\",\"contentUrl\":\"https:\/\/sharpcaci4.betademowork.com\/wp-content\/uploads\/2025\/10\/Sharp_logo-200.png\",\"width\":200,\"height\":55,\"caption\":\"Sharp Electronics of Canada Ltd\"},\"image\":{\"@id\":\"https:\/\/sharpcaci4.betademowork.com\/en\/#\/schema\/logo\/image\/\"}}]}<\/script>\n<!-- \/ Yoast SEO plugin. -->","yoast_head_json":{"title":"Portails Sharp | Acc\u00e8s aux portails R\u00e9compenses et Clients","description":"Explorez les portails B2B, FIS Integrated Payables et VersaPay ARC de Sharp. Trouvez des moyens pratiques de soumettre des demandes de service, de consulter des factures et plus encore.","robots":{"index":"noindex","follow":"follow","max-snippet":"max-snippet:-1","max-image-preview":"max-image-preview:large","max-video-preview":"max-video-preview:-1"},"og_locale":"fr_FR","og_type":"article","og_title":"Portails Sharp | Acc\u00e8s aux portails R\u00e9compenses et Clients","og_description":"Explorez les portails B2B, FIS Integrated Payables et VersaPay ARC de Sharp. Trouvez des moyens pratiques de soumettre des demandes de service, de consulter des factures et plus encore.","og_url":"https:\/\/sharpcaci4.betademowork.com\/fr\/portals\/","og_site_name":"Sharp Electronics of Canada Ltd","article_modified_time":"2025-10-10T17:18:08+00:00","og_image":[{"url":"https:\/\/sharpcaci4.betademowork.com\/wp-content\/uploads\/2025\/07\/b2bportal.png","type":"","width":"","height":""}],"twitter_card":"summary_large_image","twitter_misc":{"Dur\u00e9e de lecture estim\u00e9e":"2 minutes"},"schema":{"@context":"https:\/\/schema.org","@graph":[{"@type":"WebPage","@id":"https:\/\/sharpcaci4.betademowork.com\/fr\/portals\/","url":"https:\/\/sharpcaci4.betademowork.com\/fr\/portals\/","name":"Portails Sharp | Acc\u00e8s aux portails R\u00e9compenses et Clients","isPartOf":{"@id":"https:\/\/sharpcaci4.betademowork.com\/en\/#website"},"primaryImageOfPage":{"@id":"https:\/\/sharpcaci4.betademowork.com\/fr\/portals\/#primaryimage"},"image":{"@id":"https:\/\/sharpcaci4.betademowork.com\/fr\/portals\/#primaryimage"},"thumbnailUrl":"https:\/\/sharpcaci4.betademowork.com\/wp-content\/uploads\/2025\/07\/b2bportal.png","datePublished":"2025-07-17T14:44:16+00:00","dateModified":"2025-10-10T17:18:08+00:00","description":"Explorez les portails B2B, FIS Integrated Payables et VersaPay ARC de Sharp. Trouvez des moyens pratiques de soumettre des demandes de service, de consulter des factures et plus encore.","breadcrumb":{"@id":"https:\/\/sharpcaci4.betademowork.com\/fr\/portals\/#breadcrumb"},"inLanguage":"fr-FR","potentialAction":[{"@type":"ReadAction","target":["https:\/\/sharpcaci4.betademowork.com\/fr\/portals\/"]}]},{"@type":"ImageObject","inLanguage":"fr-FR","@id":"https:\/\/sharpcaci4.betademowork.com\/fr\/portals\/#primaryimage","url":"https:\/\/sharpcaci4.betademowork.com\/wp-content\/uploads\/2025\/07\/b2bportal.png","contentUrl":"https:\/\/sharpcaci4.betademowork.com\/wp-content\/uploads\/2025\/07\/b2bportal.png"},{"@type":"BreadcrumbList","@id":"https:\/\/sharpcaci4.betademowork.com\/fr\/portals\/#breadcrumb","itemListElement":[{"@type":"ListItem","position":1,"name":"Home | About Us","item":"https:\/\/sharpcaci4.betademowork.com\/en\/"},{"@type":"ListItem","position":2,"name":"Portails"}]},{"@type":"WebSite","@id":"https:\/\/sharpcaci4.betademowork.com\/en\/#website","url":"https:\/\/sharpcaci4.betademowork.com\/en\/","name":"Sharp Electronics of Canada Ltd","description":"","publisher":{"@id":"https:\/\/sharpcaci4.betademowork.com\/en\/#organization"},"potentialAction":[{"@type":"SearchAction","target":{"@type":"EntryPoint","urlTemplate":"https:\/\/sharpcaci4.betademowork.com\/en\/?s={search_term_string}"},"query-input":{"@type":"PropertyValueSpecification","valueRequired":true,"valueName":"search_term_string"}}],"inLanguage":"fr-FR"},{"@type":"Organization","@id":"https:\/\/sharpcaci4.betademowork.com\/en\/#organization","name":"Sharp Electronics of Canada Ltd","url":"https:\/\/sharpcaci4.betademowork.com\/en\/","logo":{"@type":"ImageObject","inLanguage":"fr-FR","@id":"https:\/\/sharpcaci4.betademowork.com\/en\/#\/schema\/logo\/image\/","url":"https:\/\/sharpcaci4.betademowork.com\/wp-content\/uploads\/2025\/10\/Sharp_logo-200.png","contentUrl":"https:\/\/sharpcaci4.betademowork.com\/wp-content\/uploads\/2025\/10\/Sharp_logo-200.png","width":200,"height":55,"caption":"Sharp Electronics of Canada Ltd"},"image":{"@id":"https:\/\/sharpcaci4.betademowork.com\/en\/#\/schema\/logo\/image\/"}}]}},"_links":{"self":[{"href":"https:\/\/sharpcaci4.betademowork.com\/fr\/wp-json\/wp\/v2\/pages\/4580","targetHints":{"allow":["GET"]}}],"collection":[{"href":"https:\/\/sharpcaci4.betademowork.com\/fr\/wp-json\/wp\/v2\/pages"}],"about":[{"href":"https:\/\/sharpcaci4.betademowork.com\/fr\/wp-json\/wp\/v2\/types\/page"}],"author":[{"embeddable":true,"href":"https:\/\/sharpcaci4.betademowork.com\/fr\/wp-json\/wp\/v2\/users\/1"}],"replies":[{"embeddable":true,"href":"https:\/\/sharpcaci4.betademowork.com\/fr\/wp-json\/wp\/v2\/comments?post=4580"}],"version-history":[{"count":3,"href":"https:\/\/sharpcaci4.betademowork.com\/fr\/wp-json\/wp\/v2\/pages\/4580\/revisions"}],"predecessor-version":[{"id":9578,"href":"https:\/\/sharpcaci4.betademowork.com\/fr\/wp-json\/wp\/v2\/pages\/4580\/revisions\/9578"}],"wp:attachment":[{"href":"https:\/\/sharpcaci4.betademowork.com\/fr\/wp-json\/wp\/v2\/media?parent=4580"}],"curies":[{"name":"wp","href":"https:\/\/api.w.org\/{rel}","templated":true}]}}