{"id":4572,"date":"2025-07-17T14:36:56","date_gmt":"2025-07-17T14:36:56","guid":{"rendered":"https:\/\/sharpcaci4.betademowork.com\/corporate-compliance\/"},"modified":"2025-10-10T12:49:38","modified_gmt":"2025-10-10T16:49:38","slug":"corporate-compliance","status":"publish","type":"page","link":"https:\/\/sharpcaci4.betademowork.com\/fr\/corporate-compliance\/","title":{"rendered":"Corporate Compliance"},"content":{"rendered":"\t\t<div data-elementor-type=\"wp-page\" data-elementor-id=\"4572\" class=\"elementor elementor-4572\" data-elementor-post-type=\"page\">\n\t\t\t\t<div class=\"elementor-element elementor-element-bf99436 e-flex e-con-boxed e-con e-child\" data-id=\"bf99436\" data-element_type=\"container\" data-settings=\"{&quot;background_background&quot;:&quot;classic&quot;}\">\n\t\t\t\t\t<div class=\"e-con-inner\">\n\t\t<div class=\"elementor-element elementor-element-b1df728 e-con-full e-flex e-con e-child\" data-id=\"b1df728\" data-element_type=\"container\">\n\t\t\t\t<div class=\"elementor-element elementor-element-5021f0b elementor-widget__width-inherit elementor-invisible elementor-widget elementor-widget-heading\" data-id=\"5021f0b\" data-element_type=\"widget\" id=\"id-corporate\" data-settings=\"{&quot;_animation&quot;:&quot;fadeInUp&quot;}\" data-widget_type=\"heading.default\">\n\t\t\t\t\t<h1 class=\"elementor-heading-title elementor-size-default\">Conformit\u00e9 d'entreprise<\/h1>\t\t\t\t<\/div>\n\t\t\t\t<\/div>\n\t\t\t\t\t<\/div>\n\t\t\t\t<\/div>\n\t\t<div class=\"elementor-element elementor-element-2848918 e-flex e-con-boxed e-con e-parent\" data-id=\"2848918\" data-element_type=\"container\">\n\t\t\t\t\t<div class=\"e-con-inner\">\n\t\t<div class=\"elementor-element elementor-element-754cb6c e-con-full e-flex e-con e-child\" data-id=\"754cb6c\" data-element_type=\"container\">\n\t\t\t\t<div class=\"elementor-element elementor-element-009eb7a elementor-widget elementor-widget-heading\" data-id=\"009eb7a\" data-element_type=\"widget\" data-widget_type=\"heading.default\">\n\t\t\t\t\t<h2 class=\"elementor-heading-title elementor-size-default\">Accessibilit\u00e9<\/h2>\t\t\t\t<\/div>\n\t\t<div class=\"elementor-element elementor-element-2994fd9 e-con-full e-flex e-con e-child\" data-id=\"2994fd9\" data-element_type=\"container\">\n\t\t\t\t<div class=\"elementor-element elementor-element-fab632a elementor-align-justify elementor-widget elementor-widget-button\" data-id=\"fab632a\" data-element_type=\"widget\" data-widget_type=\"button.default\">\n\t\t\t\t\t\t\t\t\t\t<a class=\"elementor-button elementor-button-link elementor-size-sm\" href=\"https:\/\/sharpcaci4.betademowork.com\/wp-content\/uploads\/AODA_Customer_Service_Policy_FR_23.pdf\" target=\"_blank\">\n\t\t\t\t\t\t<span class=\"elementor-button-content-wrapper\">\n\t\t\t\t\t\t\t\t\t<span class=\"elementor-button-text\">Politique d'accessibilit\u00e9 du service client<\/span>\n\t\t\t\t\t<\/span>\n\t\t\t\t\t<\/a>\n\t\t\t\t\t\t\t\t<\/div>\n\t\t\t\t<div class=\"elementor-element elementor-element-09eff2e elementor-align-justify elementor-widget elementor-widget-button\" data-id=\"09eff2e\" data-element_type=\"widget\" data-widget_type=\"button.default\">\n\t\t\t\t\t\t\t\t\t\t<a class=\"elementor-button elementor-button-link elementor-size-sm\" href=\"https:\/\/sharpcaci4.betademowork.com\/wp-content\/uploads\/AODA_Multi_Year_Accessibility_Plan_FR_23.pdf\" target=\"_blank\">\n\t\t\t\t\t\t<span class=\"elementor-button-content-wrapper\">\n\t\t\t\t\t\t\t\t\t<span class=\"elementor-button-text\">Programme pluriannuel d\u2019accessibilit\u00e9 de Sharp<\/span>\n\t\t\t\t\t<\/span>\n\t\t\t\t\t<\/a>\n\t\t\t\t\t\t\t\t<\/div>\n\t\t\t\t<\/div>\n\t\t\t\t<\/div>\n\t\t<div class=\"elementor-element elementor-element-ff64541 e-con-full e-flex e-con e-child\" data-id=\"ff64541\" data-element_type=\"container\">\n\t\t\t\t<div class=\"elementor-element elementor-element-05326b8 elementor-widget elementor-widget-heading\" data-id=\"05326b8\" data-element_type=\"widget\" data-widget_type=\"heading.default\">\n\t\t\t\t\t<h2 class=\"elementor-heading-title elementor-size-default\">Loi sur la lutte contre le travail forc\u00e9 et le travail des enfants dans les cha\u00eenes d\u2019approvisionnement (Loi S-211)<\/h2>\t\t\t\t<\/div>\n\t\t<div class=\"elementor-element elementor-element-f178302 e-con-full e-flex e-con e-child\" data-id=\"f178302\" data-element_type=\"container\">\n\t\t\t\t<div class=\"elementor-element elementor-element-2773226 elementor-align-justify elementor-widget elementor-widget-button\" data-id=\"2773226\" data-element_type=\"widget\" data-widget_type=\"button.default\">\n\t\t\t\t\t\t\t\t\t\t<a class=\"elementor-button elementor-button-link elementor-size-sm\" href=\"https:\/\/sharpcaci4.betademowork.com\/wp-content\/uploads\/SECL_Transparency_Statement_Forced_Labour_and_Child_Labour_FR.pdf\" target=\"_blank\">\n\t\t\t\t\t\t<span class=\"elementor-button-content-wrapper\">\n\t\t\t\t\t\t\t\t\t<span class=\"elementor-button-text\">SECL d\u00e9claration de transparence <\/span>\n\t\t\t\t\t<\/span>\n\t\t\t\t\t<\/a>\n\t\t\t\t\t\t\t\t<\/div>\n\t\t\t\t<div class=\"elementor-element elementor-element-1471193 elementor-align-justify elementor-widget elementor-widget-button\" data-id=\"1471193\" data-element_type=\"widget\" data-widget_type=\"button.default\">\n\t\t\t\t\t\t\t\t\t\t<a class=\"elementor-button elementor-button-link elementor-size-sm\" href=\"https:\/\/sharpcaci4.betademowork.com\/wp-content\/uploads\/SECL_Report_Child_and_Forced_Labour_FR.pdf\" target=\"_blank\">\n\t\t\t\t\t\t<span class=\"elementor-button-content-wrapper\">\n\t\t\t\t\t\t\t\t\t<span class=\"elementor-button-text\">SECL Rapport sur le travail forc\u00e9 et le travail des enfants dans les cha\u00eenes d\u2019approvisionnement (Loi S-211)<\/span>\n\t\t\t\t\t<\/span>\n\t\t\t\t\t<\/a>\n\t\t\t\t\t\t\t\t<\/div>\n\t\t\t\t<\/div>\n\t\t\t\t<\/div>\n\t\t<div class=\"elementor-element elementor-element-05073e0 e-con-full e-flex e-con e-child\" data-id=\"05073e0\" data-element_type=\"container\">\n\t\t\t\t<div class=\"elementor-element elementor-element-62757d9 elementor-widget elementor-widget-text-editor\" data-id=\"62757d9\" data-element_type=\"widget\" data-widget_type=\"text-editor.default\">\n\t\t\t\t\t\t\t\t\t<p>Pour de plus amples renseignements sur notre philosophie et nos initiatives de responsabilit\u00e9 organisationnelle, reportez-vous \u00e0 l\u2019adresse suivante : <a href=\"https:\/\/global.sharp\/\">https:\/\/global.sharp\/<\/a><\/p>\t\t\t\t\t\t\t\t<\/div>\n\t\t\t\t<\/div>\n\t\t\t\t\t<\/div>\n\t\t\t\t<\/div>\n\t\t<div class=\"elementor-element elementor-element-24318ca e-con-full e-flex e-con e-parent\" data-id=\"24318ca\" data-element_type=\"container\">\n\t\t\t\t<div class=\"elementor-element elementor-element-39df740 elementor-align-right elementor-widget elementor-widget-button\" data-id=\"39df740\" data-element_type=\"widget\" data-widget_type=\"button.default\">\n\t\t\t\t\t\t\t\t\t\t<a class=\"elementor-button elementor-button-link elementor-size-sm\" href=\"#id-corporate\">\n\t\t\t\t\t\t<span class=\"elementor-button-content-wrapper\">\n\t\t\t\t\t\t\t\t\t<span class=\"elementor-button-text\">RETOUR AU SOMMET<\/span>\n\t\t\t\t\t<\/span>\n\t\t\t\t\t<\/a>\n\t\t\t\t\t\t\t\t<\/div>\n\t\t\t\t<\/div>\n\t\t\t\t<\/div>\n\t\t","protected":false},"excerpt":{"rendered":"<p>Conformit\u00e9 d&rsquo;entreprise Accessibilit\u00e9 Politique d&rsquo;accessibilit\u00e9 du service client Programme pluriannuel d\u2019accessibilit\u00e9 de Sharp Loi sur la lutte contre le travail forc\u00e9 et le travail des enfants dans les cha\u00eenes d\u2019approvisionnement (Loi S-211) SECL d\u00e9claration de transparence SECL Rapport sur le travail forc\u00e9 et le travail des enfants dans les cha\u00eenes d\u2019approvisionnement (Loi S-211) Pour de [&hellip;]<\/p>\n","protected":false},"author":1,"featured_media":0,"parent":0,"menu_order":0,"comment_status":"closed","ping_status":"closed","template":"","meta":{"_acf_changed":false,"footnotes":""},"class_list":["post-4572","page","type-page","status-publish","hentry"],"acf":[],"yoast_head":"<!-- This site is optimized with the Yoast SEO plugin v25.6 - https:\/\/yoast.com\/wordpress\/plugins\/seo\/ -->\n<title>Sharp Canada | Conformit\u00e9 d\u2019entreprise et \u00e9thique<\/title>\n<meta name=\"description\" content=\"D\u00e9couvrez les normes de conformit\u00e9 et d\u2019\u00e9thique de Sharp Canada, la proc\u00e9dure de divulgation, et notre engagement envers la l\u00e9galit\u00e9 et la r\u00e9gulation.\" \/>\n<meta name=\"robots\" content=\"noindex, follow, max-snippet:-1, max-image-preview:large, max-video-preview:-1\" \/>\n<meta property=\"og:locale\" content=\"fr_FR\" \/>\n<meta property=\"og:type\" content=\"article\" \/>\n<meta property=\"og:title\" content=\"Sharp Canada | Conformit\u00e9 d\u2019entreprise et \u00e9thique\" \/>\n<meta property=\"og:description\" content=\"D\u00e9couvrez les normes de conformit\u00e9 et d\u2019\u00e9thique de Sharp Canada, la proc\u00e9dure de divulgation, et notre engagement envers la l\u00e9galit\u00e9 et la r\u00e9gulation.\" \/>\n<meta property=\"og:url\" content=\"https:\/\/sharpcaci4.betademowork.com\/fr\/corporate-compliance\/\" \/>\n<meta property=\"og:site_name\" content=\"Sharp Electronics of Canada Ltd\" \/>\n<meta property=\"article:modified_time\" content=\"2025-10-10T16:49:38+00:00\" \/>\n<meta name=\"twitter:card\" content=\"summary_large_image\" \/>\n<meta name=\"twitter:label1\" content=\"Dur\u00e9e de lecture estim\u00e9e\" \/>\n\t<meta name=\"twitter:data1\" content=\"1 minute\" \/>\n<script type=\"application\/ld+json\" class=\"yoast-schema-graph\">{\"@context\":\"https:\/\/schema.org\",\"@graph\":[{\"@type\":\"WebPage\",\"@id\":\"https:\/\/sharpcaci4.betademowork.com\/fr\/corporate-compliance\/\",\"url\":\"https:\/\/sharpcaci4.betademowork.com\/fr\/corporate-compliance\/\",\"name\":\"Sharp Canada | Conformit\u00e9 d\u2019entreprise et \u00e9thique\",\"isPartOf\":{\"@id\":\"https:\/\/sharpcaci4.betademowork.com\/en\/#website\"},\"datePublished\":\"2025-07-17T14:36:56+00:00\",\"dateModified\":\"2025-10-10T16:49:38+00:00\",\"description\":\"D\u00e9couvrez les normes de conformit\u00e9 et d\u2019\u00e9thique de Sharp Canada, la proc\u00e9dure de divulgation, et notre engagement envers la l\u00e9galit\u00e9 et la r\u00e9gulation.\",\"breadcrumb\":{\"@id\":\"https:\/\/sharpcaci4.betademowork.com\/fr\/corporate-compliance\/#breadcrumb\"},\"inLanguage\":\"fr-FR\",\"potentialAction\":[{\"@type\":\"ReadAction\",\"target\":[\"https:\/\/sharpcaci4.betademowork.com\/fr\/corporate-compliance\/\"]}]},{\"@type\":\"BreadcrumbList\",\"@id\":\"https:\/\/sharpcaci4.betademowork.com\/fr\/corporate-compliance\/#breadcrumb\",\"itemListElement\":[{\"@type\":\"ListItem\",\"position\":1,\"name\":\"Home | About Us\",\"item\":\"https:\/\/sharpcaci4.betademowork.com\/en\/\"},{\"@type\":\"ListItem\",\"position\":2,\"name\":\"Corporate Compliance\"}]},{\"@type\":\"WebSite\",\"@id\":\"https:\/\/sharpcaci4.betademowork.com\/en\/#website\",\"url\":\"https:\/\/sharpcaci4.betademowork.com\/en\/\",\"name\":\"Sharp Electronics of Canada Ltd\",\"description\":\"\",\"publisher\":{\"@id\":\"https:\/\/sharpcaci4.betademowork.com\/en\/#organization\"},\"potentialAction\":[{\"@type\":\"SearchAction\",\"target\":{\"@type\":\"EntryPoint\",\"urlTemplate\":\"https:\/\/sharpcaci4.betademowork.com\/en\/?s={search_term_string}\"},\"query-input\":{\"@type\":\"PropertyValueSpecification\",\"valueRequired\":true,\"valueName\":\"search_term_string\"}}],\"inLanguage\":\"fr-FR\"},{\"@type\":\"Organization\",\"@id\":\"https:\/\/sharpcaci4.betademowork.com\/en\/#organization\",\"name\":\"Sharp Electronics of Canada Ltd\",\"url\":\"https:\/\/sharpcaci4.betademowork.com\/en\/\",\"logo\":{\"@type\":\"ImageObject\",\"inLanguage\":\"fr-FR\",\"@id\":\"https:\/\/sharpcaci4.betademowork.com\/en\/#\/schema\/logo\/image\/\",\"url\":\"https:\/\/sharpcaci4.betademowork.com\/wp-content\/uploads\/2025\/10\/Sharp_logo-200.png\",\"contentUrl\":\"https:\/\/sharpcaci4.betademowork.com\/wp-content\/uploads\/2025\/10\/Sharp_logo-200.png\",\"width\":200,\"height\":55,\"caption\":\"Sharp Electronics of Canada Ltd\"},\"image\":{\"@id\":\"https:\/\/sharpcaci4.betademowork.com\/en\/#\/schema\/logo\/image\/\"}}]}<\/script>\n<!-- \/ Yoast SEO plugin. -->","yoast_head_json":{"title":"Sharp Canada | Conformit\u00e9 d\u2019entreprise et \u00e9thique","description":"D\u00e9couvrez les normes de conformit\u00e9 et d\u2019\u00e9thique de Sharp Canada, la proc\u00e9dure de divulgation, et notre engagement envers la l\u00e9galit\u00e9 et la r\u00e9gulation.","robots":{"index":"noindex","follow":"follow","max-snippet":"max-snippet:-1","max-image-preview":"max-image-preview:large","max-video-preview":"max-video-preview:-1"},"og_locale":"fr_FR","og_type":"article","og_title":"Sharp Canada | Conformit\u00e9 d\u2019entreprise et \u00e9thique","og_description":"D\u00e9couvrez les normes de conformit\u00e9 et d\u2019\u00e9thique de Sharp Canada, la proc\u00e9dure de divulgation, et notre engagement envers la l\u00e9galit\u00e9 et la r\u00e9gulation.","og_url":"https:\/\/sharpcaci4.betademowork.com\/fr\/corporate-compliance\/","og_site_name":"Sharp Electronics of Canada Ltd","article_modified_time":"2025-10-10T16:49:38+00:00","twitter_card":"summary_large_image","twitter_misc":{"Dur\u00e9e de lecture estim\u00e9e":"1 minute"},"schema":{"@context":"https:\/\/schema.org","@graph":[{"@type":"WebPage","@id":"https:\/\/sharpcaci4.betademowork.com\/fr\/corporate-compliance\/","url":"https:\/\/sharpcaci4.betademowork.com\/fr\/corporate-compliance\/","name":"Sharp Canada | Conformit\u00e9 d\u2019entreprise et \u00e9thique","isPartOf":{"@id":"https:\/\/sharpcaci4.betademowork.com\/en\/#website"},"datePublished":"2025-07-17T14:36:56+00:00","dateModified":"2025-10-10T16:49:38+00:00","description":"D\u00e9couvrez les normes de conformit\u00e9 et d\u2019\u00e9thique de Sharp Canada, la proc\u00e9dure de divulgation, et notre engagement envers la l\u00e9galit\u00e9 et la r\u00e9gulation.","breadcrumb":{"@id":"https:\/\/sharpcaci4.betademowork.com\/fr\/corporate-compliance\/#breadcrumb"},"inLanguage":"fr-FR","potentialAction":[{"@type":"ReadAction","target":["https:\/\/sharpcaci4.betademowork.com\/fr\/corporate-compliance\/"]}]},{"@type":"BreadcrumbList","@id":"https:\/\/sharpcaci4.betademowork.com\/fr\/corporate-compliance\/#breadcrumb","itemListElement":[{"@type":"ListItem","position":1,"name":"Home | About Us","item":"https:\/\/sharpcaci4.betademowork.com\/en\/"},{"@type":"ListItem","position":2,"name":"Corporate Compliance"}]},{"@type":"WebSite","@id":"https:\/\/sharpcaci4.betademowork.com\/en\/#website","url":"https:\/\/sharpcaci4.betademowork.com\/en\/","name":"Sharp Electronics of Canada Ltd","description":"","publisher":{"@id":"https:\/\/sharpcaci4.betademowork.com\/en\/#organization"},"potentialAction":[{"@type":"SearchAction","target":{"@type":"EntryPoint","urlTemplate":"https:\/\/sharpcaci4.betademowork.com\/en\/?s={search_term_string}"},"query-input":{"@type":"PropertyValueSpecification","valueRequired":true,"valueName":"search_term_string"}}],"inLanguage":"fr-FR"},{"@type":"Organization","@id":"https:\/\/sharpcaci4.betademowork.com\/en\/#organization","name":"Sharp Electronics of Canada Ltd","url":"https:\/\/sharpcaci4.betademowork.com\/en\/","logo":{"@type":"ImageObject","inLanguage":"fr-FR","@id":"https:\/\/sharpcaci4.betademowork.com\/en\/#\/schema\/logo\/image\/","url":"https:\/\/sharpcaci4.betademowork.com\/wp-content\/uploads\/2025\/10\/Sharp_logo-200.png","contentUrl":"https:\/\/sharpcaci4.betademowork.com\/wp-content\/uploads\/2025\/10\/Sharp_logo-200.png","width":200,"height":55,"caption":"Sharp Electronics of Canada Ltd"},"image":{"@id":"https:\/\/sharpcaci4.betademowork.com\/en\/#\/schema\/logo\/image\/"}}]}},"_links":{"self":[{"href":"https:\/\/sharpcaci4.betademowork.com\/fr\/wp-json\/wp\/v2\/pages\/4572","targetHints":{"allow":["GET"]}}],"collection":[{"href":"https:\/\/sharpcaci4.betademowork.com\/fr\/wp-json\/wp\/v2\/pages"}],"about":[{"href":"https:\/\/sharpcaci4.betademowork.com\/fr\/wp-json\/wp\/v2\/types\/page"}],"author":[{"embeddable":true,"href":"https:\/\/sharpcaci4.betademowork.com\/fr\/wp-json\/wp\/v2\/users\/1"}],"replies":[{"embeddable":true,"href":"https:\/\/sharpcaci4.betademowork.com\/fr\/wp-json\/wp\/v2\/comments?post=4572"}],"version-history":[{"count":3,"href":"https:\/\/sharpcaci4.betademowork.com\/fr\/wp-json\/wp\/v2\/pages\/4572\/revisions"}],"predecessor-version":[{"id":9538,"href":"https:\/\/sharpcaci4.betademowork.com\/fr\/wp-json\/wp\/v2\/pages\/4572\/revisions\/9538"}],"wp:attachment":[{"href":"https:\/\/sharpcaci4.betademowork.com\/fr\/wp-json\/wp\/v2\/media?parent=4572"}],"curies":[{"name":"wp","href":"https:\/\/api.w.org\/{rel}","templated":true}]}}