{"id":4564,"date":"2025-07-17T13:54:20","date_gmt":"2025-07-17T13:54:20","guid":{"rendered":"https:\/\/sharpcaci4.betademowork.com\/executive-message\/"},"modified":"2025-10-10T12:23:02","modified_gmt":"2025-10-10T16:23:02","slug":"executive-message","status":"publish","type":"page","link":"https:\/\/sharpcaci4.betademowork.com\/fr\/executive-message\/","title":{"rendered":"Message de la direction"},"content":{"rendered":"\t\t<div data-elementor-type=\"wp-page\" data-elementor-id=\"4564\" class=\"elementor elementor-4564\" data-elementor-post-type=\"page\">\n\t\t\t\t<div class=\"elementor-element elementor-element-bf99436 e-flex e-con-boxed e-con e-child\" data-id=\"bf99436\" data-element_type=\"container\" data-settings=\"{&quot;background_background&quot;:&quot;classic&quot;}\">\n\t\t\t\t\t<div class=\"e-con-inner\">\n\t\t<div class=\"elementor-element elementor-element-b1df728 e-con-full e-flex e-con e-child\" data-id=\"b1df728\" data-element_type=\"container\">\n\t\t\t\t<div class=\"elementor-element elementor-element-5021f0b elementor-widget__width-initial elementor-invisible elementor-widget elementor-widget-heading\" data-id=\"5021f0b\" data-element_type=\"widget\" data-settings=\"{&quot;_animation&quot;:&quot;fadeInUp&quot;}\" data-widget_type=\"heading.default\">\n\t\t\t\t\t<h1 class=\"elementor-heading-title elementor-size-default\">Message de la direction<\/h1>\t\t\t\t<\/div>\n\t\t\t\t<\/div>\n\t\t\t\t\t<\/div>\n\t\t\t\t<\/div>\n\t\t<div class=\"elementor-element elementor-element-104aed8 e-flex e-con-boxed e-con e-parent\" data-id=\"104aed8\" data-element_type=\"container\">\n\t\t\t\t\t<div class=\"e-con-inner\">\n\t\t<div class=\"elementor-element elementor-element-69b4cf9 e-con-full e-flex e-con e-child\" data-id=\"69b4cf9\" data-element_type=\"container\">\n\t\t\t\t<div class=\"elementor-element elementor-element-78193e0 elementor-widget elementor-widget-spacer\" data-id=\"78193e0\" data-element_type=\"widget\" data-widget_type=\"spacer.default\">\n\t\t\t\t\t\t\t<div class=\"elementor-spacer\">\n\t\t\t<div class=\"elementor-spacer-inner\"><\/div>\n\t\t<\/div>\n\t\t\t\t\t\t<\/div>\n\t\t\t\t<div class=\"elementor-element elementor-element-2803e87 elementor-widget__width-inherit elementor-widget-mobile_extra__width-inherit elementor-widget elementor-widget-image\" data-id=\"2803e87\" data-element_type=\"widget\" data-widget_type=\"image.default\">\n\t\t\t\t\t\t\t\t\t\t\t\t\t\t\t<img fetchpriority=\"high\" decoding=\"async\" width=\"1046\" height=\"1308\" src=\"https:\/\/sharpcaci4.betademowork.com\/wp-content\/uploads\/2025\/08\/Carmine-Cinerari-5.jpg\" class=\"attachment-full size-full wp-image-3858\" alt=\"Carmine Cinerari, the President of Sharp Canada Headshot in business suit\" srcset=\"https:\/\/sharpcaci4.betademowork.com\/wp-content\/uploads\/2025\/08\/Carmine-Cinerari-5.jpg 1046w, https:\/\/sharpcaci4.betademowork.com\/wp-content\/uploads\/2025\/08\/Carmine-Cinerari-5-240x300.jpg 240w, https:\/\/sharpcaci4.betademowork.com\/wp-content\/uploads\/2025\/08\/Carmine-Cinerari-5-819x1024.jpg 819w, https:\/\/sharpcaci4.betademowork.com\/wp-content\/uploads\/2025\/08\/Carmine-Cinerari-5-768x960.jpg 768w, https:\/\/sharpcaci4.betademowork.com\/wp-content\/uploads\/2025\/08\/Carmine-Cinerari-5-600x750.jpg 600w\" sizes=\"(max-width: 1046px) 100vw, 1046px\" \/>\t\t\t\t\t\t\t\t\t\t\t\t\t\t\t<\/div>\n\t\t\t\t<\/div>\n\t\t<div class=\"elementor-element elementor-element-fc19af5 e-con-full e-flex e-con e-child\" data-id=\"fc19af5\" data-element_type=\"container\">\n\t\t\t\t<div class=\"elementor-element elementor-element-876e5ea elementor-widget elementor-widget-heading\" data-id=\"876e5ea\" data-element_type=\"widget\" data-widget_type=\"heading.default\">\n\t\t\t\t\t<h2 class=\"elementor-heading-title elementor-size-default\">Comptez sur Sharp<\/h2>\t\t\t\t<\/div>\n\t\t\t\t<div class=\"elementor-element elementor-element-71287c1 elementor-widget elementor-widget-spacer\" data-id=\"71287c1\" data-element_type=\"widget\" data-widget_type=\"spacer.default\">\n\t\t\t\t\t\t\t<div class=\"elementor-spacer\">\n\t\t\t<div class=\"elementor-spacer-inner\"><\/div>\n\t\t<\/div>\n\t\t\t\t\t\t<\/div>\n\t\t\t\t<div class=\"elementor-element elementor-element-b059f68 elementor-widget elementor-widget-text-editor\" data-id=\"b059f68\" data-element_type=\"widget\" data-widget_type=\"text-editor.default\">\n\t\t\t\t\t\t\t\t\t<p>Chez Sharp \u00c9lectronique du Canada, notre mission a toujours \u00e9t\u00e9 simple : utiliser la technologie pour am\u00e9liorer la vie. Que ce soit \u00e0 la maison ou au travail, notre objectif est d\u2019offrir des solutions fiables sur lesquelles les gens peuvent compter au quotidien.<\/p><p>Cette ann\u00e9e a marqu\u00e9 le 50e anniversaire de Sharp Canada. Pour c\u00e9l\u00e9brer, nous avons ouvert les portes de notre nouveau si\u00e8ge social \u00e0 Mississauga et accueilli nos partenaires pour leur faire d\u00e9couvrir notre environnement de travail et notre vision d\u2019avenir. Ce fut une belle occasion de partager notre vision, notre culture et notre engagement : \u00ab Comptez sur Sharp \u00bb. Ce n\u2019est pas qu\u2019un simple slogan \u2014 c\u2019est notre identit\u00e9.<\/p><p>L\u2019histoire de Sharp au Canada repose sur un h\u00e9ritage japonais d\u2019innovation et un c\u0153ur canadien qui comprend et soutient ses partenaires. Depuis cinq d\u00e9cennies, nous servons fi\u00e8rement les communaut\u00e9s \u00e0 travers le pays avec une technologie performante, durable et significative. La confiance de nos clients, partenaires et employ\u00e9s a fa\u00e7onn\u00e9 ce que nous sommes aujourd\u2019hui et continue de nous inspirer \u00e0 aller de l\u2019avant.<\/p><p>Alors que nous vous invitons \u00e0 compter sur nous, nous comptons aussi les uns sur les autres \u2014 en travaillant ensemble comme une seule \u00e9quipe Sharp &amp; Dynabook. Le monde \u00e9volue sans cesse, et c\u2019est pourquoi nous restons engag\u00e9s \u00e0 apprendre, \u00e0 nous adapter et \u00e0 grandir \u00e0 chaque \u00e9tape. En regardant vers l\u2019avenir, notre objectif est de cr\u00e9er de la valeur et de faire une r\u00e9elle diff\u00e9rence. Guid\u00e9s par la sinc\u00e9rit\u00e9 et la cr\u00e9ativit\u00e9, nous continuerons de concevoir des technologies qui aident les gens \u00e0 mieux vivre, \u00e0 travailler plus intelligemment et \u00e0 rester connect\u00e9s.<\/p>\t\t\t\t\t\t\t\t<\/div>\n\t\t\t\t<div class=\"elementor-element elementor-element-9b5a48b elementor-widget elementor-widget-n-accordion\" data-id=\"9b5a48b\" data-element_type=\"widget\" data-settings=\"{&quot;default_state&quot;:&quot;all_collapsed&quot;,&quot;max_items_expended&quot;:&quot;one&quot;,&quot;n_accordion_animation_duration&quot;:{&quot;unit&quot;:&quot;ms&quot;,&quot;size&quot;:400,&quot;sizes&quot;:[]}}\" data-widget_type=\"nested-accordion.default\">\n\t\t\t\t\t\t\t<div class=\"e-n-accordion\" aria-label=\"Accordion. Open links with Enter or Space, close with Escape, and navigate with Arrow Keys\">\n\t\t\t\t\t\t<details id=\"e-n-accordion-item-1620\" class=\"e-n-accordion-item\" >\n\t\t\t\t<summary class=\"e-n-accordion-item-title\" data-accordion-index=\"1\" tabindex=\"0\" aria-expanded=\"false\" aria-controls=\"e-n-accordion-item-1620\" >\n\t\t\t\t\t<span class='e-n-accordion-item-title-header'><div class=\"e-n-accordion-item-title-text\"> En savoir plus <\/div><\/span>\n\t\t\t\t\t\t\t<span class='e-n-accordion-item-title-icon'>\n\t\t\t<span class='e-opened' ><svg aria-hidden=\"true\" class=\"e-font-icon-svg e-fas-minus\" viewBox=\"0 0 448 512\" xmlns=\"http:\/\/www.w3.org\/2000\/svg\"><path d=\"M416 208H32c-17.67 0-32 14.33-32 32v32c0 17.67 14.33 32 32 32h384c17.67 0 32-14.33 32-32v-32c0-17.67-14.33-32-32-32z\"><\/path><\/svg><\/span>\n\t\t\t<span class='e-closed'><svg aria-hidden=\"true\" class=\"e-font-icon-svg e-fas-plus\" viewBox=\"0 0 448 512\" xmlns=\"http:\/\/www.w3.org\/2000\/svg\"><path d=\"M416 208H272V64c0-17.67-14.33-32-32-32h-32c-17.67 0-32 14.33-32 32v144H32c-17.67 0-32 14.33-32 32v32c0 17.67 14.33 32 32 32h144v144c0 17.67 14.33 32 32 32h32c17.67 0 32-14.33 32-32V304h144c17.67 0 32-14.33 32-32v-32c0-17.67-14.33-32-32-32z\"><\/path><\/svg><\/span>\n\t\t<\/span>\n\n\t\t\t\t\t\t<\/summary>\n\t\t\t\t<div role=\"region\" aria-labelledby=\"e-n-accordion-item-1620\" class=\"elementor-element elementor-element-5e0688e e-con-full e-flex e-con e-child\" data-id=\"5e0688e\" data-element_type=\"container\">\n\t\t<div role=\"region\" aria-labelledby=\"e-n-accordion-item-1620\" class=\"elementor-element elementor-element-2f2a0bd e-flex e-con-boxed e-con e-child\" data-id=\"2f2a0bd\" data-element_type=\"container\">\n\t\t\t\t\t<div class=\"e-con-inner\">\n\t\t\t\t<div class=\"elementor-element elementor-element-50d2584 elementor-widget elementor-widget-text-editor\" data-id=\"50d2584\" data-element_type=\"widget\" data-widget_type=\"text-editor.default\">\n\t\t\t\t\t\t\t\t\t<p>Nos solutions d\u2019affaires pour la maison intelligente et les milieux de travail facilitent la vie quotidienne et rendent les lieux de travail plus efficaces, en favorisant le confort, la productivit\u00e9 et la collaboration. Des imprimantes multifonctions et \u00e9crans professionnels aux ordinateurs portables d\u2019affaires Dynabook et appareils intelligents pour les consommateurs, chaque produit est con\u00e7u pour offrir un rendement fiable, une durabilit\u00e9 remarquable, et une exp\u00e9rience centr\u00e9e sur l\u2019humain.<\/p><p>Merci de faire partie de cette aventure. Vous pouvez toujours compter sur Sharp.<\/p><p><b>Carmine Cinerari<br \/><\/b>Pr\u00e9sident et chef de la direction<br \/>Sharp \u00c9lectronique du Canada Lt\u00e9e &amp; Dynabook Canada Inc.<\/p>\t\t\t\t\t\t\t\t<\/div>\n\t\t\t\t\t<\/div>\n\t\t\t\t<\/div>\n\t\t\t\t<\/div>\n\t\t\t\t\t<\/details>\n\t\t\t\t\t<\/div>\n\t\t\t\t\t\t<\/div>\n\t\t\t\t<\/div>\n\t\t\t\t\t<\/div>\n\t\t\t\t<\/div>\n\t\t\t\t<\/div>\n\t\t","protected":false},"excerpt":{"rendered":"<p>Message de la direction Comptez sur Sharp Chez Sharp \u00c9lectronique du Canada, notre mission a toujours \u00e9t\u00e9 simple : utiliser la technologie pour am\u00e9liorer la vie. Que ce soit \u00e0 la maison ou au travail, notre objectif est d\u2019offrir des solutions fiables sur lesquelles les gens peuvent compter au quotidien. Cette ann\u00e9e a marqu\u00e9 le [&hellip;]<\/p>\n","protected":false},"author":1,"featured_media":0,"parent":0,"menu_order":0,"comment_status":"closed","ping_status":"closed","template":"","meta":{"_acf_changed":false,"footnotes":""},"class_list":["post-4564","page","type-page","status-publish","hentry"],"acf":[],"yoast_head":"<!-- This site is optimized with the Yoast SEO plugin v25.6 - https:\/\/yoast.com\/wordpress\/plugins\/seo\/ -->\n<title>Message du Pr\u00e9sident | Leadership de Sharp Canada<\/title>\n<meta name=\"description\" content=\"Lisez le message de Carmine Cinerari, pr\u00e9sident de Sharp \u00c9lectronique du Canada Lt\u00e9e, mettant en avant l&#039;engagement de Sharp envers l&#039;innovation, la durabilit\u00e9 et l&#039;am\u00e9lioration de la vie gr\u00e2ce \u00e0 la technologie.\" \/>\n<meta name=\"robots\" content=\"noindex, follow, max-snippet:-1, max-image-preview:large, max-video-preview:-1\" \/>\n<meta property=\"og:locale\" content=\"fr_FR\" \/>\n<meta property=\"og:type\" content=\"article\" \/>\n<meta property=\"og:title\" content=\"Message du Pr\u00e9sident | Leadership de Sharp Canada\" \/>\n<meta property=\"og:description\" content=\"Lisez le message de Carmine Cinerari, pr\u00e9sident de Sharp \u00c9lectronique du Canada Lt\u00e9e, mettant en avant l&#039;engagement de Sharp envers l&#039;innovation, la durabilit\u00e9 et l&#039;am\u00e9lioration de la vie gr\u00e2ce \u00e0 la technologie.\" \/>\n<meta property=\"og:url\" content=\"https:\/\/sharpcaci4.betademowork.com\/fr\/executive-message\/\" \/>\n<meta property=\"og:site_name\" content=\"Sharp Electronics of Canada Ltd\" \/>\n<meta property=\"article:modified_time\" content=\"2025-10-10T16:23:02+00:00\" \/>\n<meta property=\"og:image\" content=\"https:\/\/sharpcaci4.betademowork.com\/wp-content\/uploads\/2025\/08\/Carmine-Cinerari-5.jpg\" \/>\n<meta name=\"twitter:card\" content=\"summary_large_image\" \/>\n<meta name=\"twitter:label1\" content=\"Dur\u00e9e de lecture estim\u00e9e\" \/>\n\t<meta name=\"twitter:data1\" content=\"3 minutes\" \/>\n<script type=\"application\/ld+json\" class=\"yoast-schema-graph\">{\"@context\":\"https:\/\/schema.org\",\"@graph\":[{\"@type\":\"WebPage\",\"@id\":\"https:\/\/sharpcaci4.betademowork.com\/fr\/executive-message\/\",\"url\":\"https:\/\/sharpcaci4.betademowork.com\/fr\/executive-message\/\",\"name\":\"Message du Pr\u00e9sident | Leadership de Sharp Canada\",\"isPartOf\":{\"@id\":\"https:\/\/sharpcaci4.betademowork.com\/en\/#website\"},\"primaryImageOfPage\":{\"@id\":\"https:\/\/sharpcaci4.betademowork.com\/fr\/executive-message\/#primaryimage\"},\"image\":{\"@id\":\"https:\/\/sharpcaci4.betademowork.com\/fr\/executive-message\/#primaryimage\"},\"thumbnailUrl\":\"https:\/\/sharpcaci4.betademowork.com\/wp-content\/uploads\/2025\/08\/Carmine-Cinerari-5.jpg\",\"datePublished\":\"2025-07-17T13:54:20+00:00\",\"dateModified\":\"2025-10-10T16:23:02+00:00\",\"description\":\"Lisez le message de Carmine Cinerari, pr\u00e9sident de Sharp \u00c9lectronique du Canada Lt\u00e9e, mettant en avant l'engagement de Sharp envers l'innovation, la durabilit\u00e9 et l'am\u00e9lioration de la vie gr\u00e2ce \u00e0 la technologie.\",\"breadcrumb\":{\"@id\":\"https:\/\/sharpcaci4.betademowork.com\/fr\/executive-message\/#breadcrumb\"},\"inLanguage\":\"fr-FR\",\"potentialAction\":[{\"@type\":\"ReadAction\",\"target\":[\"https:\/\/sharpcaci4.betademowork.com\/fr\/executive-message\/\"]}]},{\"@type\":\"ImageObject\",\"inLanguage\":\"fr-FR\",\"@id\":\"https:\/\/sharpcaci4.betademowork.com\/fr\/executive-message\/#primaryimage\",\"url\":\"https:\/\/sharpcaci4.betademowork.com\/wp-content\/uploads\/2025\/08\/Carmine-Cinerari-5.jpg\",\"contentUrl\":\"https:\/\/sharpcaci4.betademowork.com\/wp-content\/uploads\/2025\/08\/Carmine-Cinerari-5.jpg\"},{\"@type\":\"BreadcrumbList\",\"@id\":\"https:\/\/sharpcaci4.betademowork.com\/fr\/executive-message\/#breadcrumb\",\"itemListElement\":[{\"@type\":\"ListItem\",\"position\":1,\"name\":\"Home | About Us\",\"item\":\"https:\/\/sharpcaci4.betademowork.com\/en\/\"},{\"@type\":\"ListItem\",\"position\":2,\"name\":\"Message de la direction\"}]},{\"@type\":\"WebSite\",\"@id\":\"https:\/\/sharpcaci4.betademowork.com\/en\/#website\",\"url\":\"https:\/\/sharpcaci4.betademowork.com\/en\/\",\"name\":\"Sharp Electronics of Canada Ltd\",\"description\":\"\",\"publisher\":{\"@id\":\"https:\/\/sharpcaci4.betademowork.com\/en\/#organization\"},\"potentialAction\":[{\"@type\":\"SearchAction\",\"target\":{\"@type\":\"EntryPoint\",\"urlTemplate\":\"https:\/\/sharpcaci4.betademowork.com\/en\/?s={search_term_string}\"},\"query-input\":{\"@type\":\"PropertyValueSpecification\",\"valueRequired\":true,\"valueName\":\"search_term_string\"}}],\"inLanguage\":\"fr-FR\"},{\"@type\":\"Organization\",\"@id\":\"https:\/\/sharpcaci4.betademowork.com\/en\/#organization\",\"name\":\"Sharp Electronics of Canada Ltd\",\"url\":\"https:\/\/sharpcaci4.betademowork.com\/en\/\",\"logo\":{\"@type\":\"ImageObject\",\"inLanguage\":\"fr-FR\",\"@id\":\"https:\/\/sharpcaci4.betademowork.com\/en\/#\/schema\/logo\/image\/\",\"url\":\"https:\/\/sharpcaci4.betademowork.com\/wp-content\/uploads\/2025\/10\/Sharp_logo-200.png\",\"contentUrl\":\"https:\/\/sharpcaci4.betademowork.com\/wp-content\/uploads\/2025\/10\/Sharp_logo-200.png\",\"width\":200,\"height\":55,\"caption\":\"Sharp Electronics of Canada Ltd\"},\"image\":{\"@id\":\"https:\/\/sharpcaci4.betademowork.com\/en\/#\/schema\/logo\/image\/\"}}]}<\/script>\n<!-- \/ Yoast SEO plugin. -->","yoast_head_json":{"title":"Message du Pr\u00e9sident | Leadership de Sharp Canada","description":"Lisez le message de Carmine Cinerari, pr\u00e9sident de Sharp \u00c9lectronique du Canada Lt\u00e9e, mettant en avant l'engagement de Sharp envers l'innovation, la durabilit\u00e9 et l'am\u00e9lioration de la vie gr\u00e2ce \u00e0 la technologie.","robots":{"index":"noindex","follow":"follow","max-snippet":"max-snippet:-1","max-image-preview":"max-image-preview:large","max-video-preview":"max-video-preview:-1"},"og_locale":"fr_FR","og_type":"article","og_title":"Message du Pr\u00e9sident | Leadership de Sharp Canada","og_description":"Lisez le message de Carmine Cinerari, pr\u00e9sident de Sharp \u00c9lectronique du Canada Lt\u00e9e, mettant en avant l'engagement de Sharp envers l'innovation, la durabilit\u00e9 et l'am\u00e9lioration de la vie gr\u00e2ce \u00e0 la technologie.","og_url":"https:\/\/sharpcaci4.betademowork.com\/fr\/executive-message\/","og_site_name":"Sharp Electronics of Canada Ltd","article_modified_time":"2025-10-10T16:23:02+00:00","og_image":[{"url":"https:\/\/sharpcaci4.betademowork.com\/wp-content\/uploads\/2025\/08\/Carmine-Cinerari-5.jpg","type":"","width":"","height":""}],"twitter_card":"summary_large_image","twitter_misc":{"Dur\u00e9e de lecture estim\u00e9e":"3 minutes"},"schema":{"@context":"https:\/\/schema.org","@graph":[{"@type":"WebPage","@id":"https:\/\/sharpcaci4.betademowork.com\/fr\/executive-message\/","url":"https:\/\/sharpcaci4.betademowork.com\/fr\/executive-message\/","name":"Message du Pr\u00e9sident | Leadership de Sharp Canada","isPartOf":{"@id":"https:\/\/sharpcaci4.betademowork.com\/en\/#website"},"primaryImageOfPage":{"@id":"https:\/\/sharpcaci4.betademowork.com\/fr\/executive-message\/#primaryimage"},"image":{"@id":"https:\/\/sharpcaci4.betademowork.com\/fr\/executive-message\/#primaryimage"},"thumbnailUrl":"https:\/\/sharpcaci4.betademowork.com\/wp-content\/uploads\/2025\/08\/Carmine-Cinerari-5.jpg","datePublished":"2025-07-17T13:54:20+00:00","dateModified":"2025-10-10T16:23:02+00:00","description":"Lisez le message de Carmine Cinerari, pr\u00e9sident de Sharp \u00c9lectronique du Canada Lt\u00e9e, mettant en avant l'engagement de Sharp envers l'innovation, la durabilit\u00e9 et l'am\u00e9lioration de la vie gr\u00e2ce \u00e0 la technologie.","breadcrumb":{"@id":"https:\/\/sharpcaci4.betademowork.com\/fr\/executive-message\/#breadcrumb"},"inLanguage":"fr-FR","potentialAction":[{"@type":"ReadAction","target":["https:\/\/sharpcaci4.betademowork.com\/fr\/executive-message\/"]}]},{"@type":"ImageObject","inLanguage":"fr-FR","@id":"https:\/\/sharpcaci4.betademowork.com\/fr\/executive-message\/#primaryimage","url":"https:\/\/sharpcaci4.betademowork.com\/wp-content\/uploads\/2025\/08\/Carmine-Cinerari-5.jpg","contentUrl":"https:\/\/sharpcaci4.betademowork.com\/wp-content\/uploads\/2025\/08\/Carmine-Cinerari-5.jpg"},{"@type":"BreadcrumbList","@id":"https:\/\/sharpcaci4.betademowork.com\/fr\/executive-message\/#breadcrumb","itemListElement":[{"@type":"ListItem","position":1,"name":"Home | About Us","item":"https:\/\/sharpcaci4.betademowork.com\/en\/"},{"@type":"ListItem","position":2,"name":"Message de la direction"}]},{"@type":"WebSite","@id":"https:\/\/sharpcaci4.betademowork.com\/en\/#website","url":"https:\/\/sharpcaci4.betademowork.com\/en\/","name":"Sharp Electronics of Canada Ltd","description":"","publisher":{"@id":"https:\/\/sharpcaci4.betademowork.com\/en\/#organization"},"potentialAction":[{"@type":"SearchAction","target":{"@type":"EntryPoint","urlTemplate":"https:\/\/sharpcaci4.betademowork.com\/en\/?s={search_term_string}"},"query-input":{"@type":"PropertyValueSpecification","valueRequired":true,"valueName":"search_term_string"}}],"inLanguage":"fr-FR"},{"@type":"Organization","@id":"https:\/\/sharpcaci4.betademowork.com\/en\/#organization","name":"Sharp Electronics of Canada Ltd","url":"https:\/\/sharpcaci4.betademowork.com\/en\/","logo":{"@type":"ImageObject","inLanguage":"fr-FR","@id":"https:\/\/sharpcaci4.betademowork.com\/en\/#\/schema\/logo\/image\/","url":"https:\/\/sharpcaci4.betademowork.com\/wp-content\/uploads\/2025\/10\/Sharp_logo-200.png","contentUrl":"https:\/\/sharpcaci4.betademowork.com\/wp-content\/uploads\/2025\/10\/Sharp_logo-200.png","width":200,"height":55,"caption":"Sharp Electronics of Canada Ltd"},"image":{"@id":"https:\/\/sharpcaci4.betademowork.com\/en\/#\/schema\/logo\/image\/"}}]}},"_links":{"self":[{"href":"https:\/\/sharpcaci4.betademowork.com\/fr\/wp-json\/wp\/v2\/pages\/4564","targetHints":{"allow":["GET"]}}],"collection":[{"href":"https:\/\/sharpcaci4.betademowork.com\/fr\/wp-json\/wp\/v2\/pages"}],"about":[{"href":"https:\/\/sharpcaci4.betademowork.com\/fr\/wp-json\/wp\/v2\/types\/page"}],"author":[{"embeddable":true,"href":"https:\/\/sharpcaci4.betademowork.com\/fr\/wp-json\/wp\/v2\/users\/1"}],"replies":[{"embeddable":true,"href":"https:\/\/sharpcaci4.betademowork.com\/fr\/wp-json\/wp\/v2\/comments?post=4564"}],"version-history":[{"count":3,"href":"https:\/\/sharpcaci4.betademowork.com\/fr\/wp-json\/wp\/v2\/pages\/4564\/revisions"}],"predecessor-version":[{"id":9492,"href":"https:\/\/sharpcaci4.betademowork.com\/fr\/wp-json\/wp\/v2\/pages\/4564\/revisions\/9492"}],"wp:attachment":[{"href":"https:\/\/sharpcaci4.betademowork.com\/fr\/wp-json\/wp\/v2\/media?parent=4564"}],"curies":[{"name":"wp","href":"https:\/\/api.w.org\/{rel}","templated":true}]}}