{"id":4231,"date":"2025-08-27T12:46:30","date_gmt":"2025-08-27T12:46:30","guid":{"rendered":"https:\/\/sharpcaci4.betademowork.com\/?page_id=4231"},"modified":"2025-10-10T13:43:11","modified_gmt":"2025-10-10T17:43:11","slug":"digital-media-library","status":"publish","type":"page","link":"https:\/\/sharpcaci4.betademowork.com\/fr\/digital-media-library\/","title":{"rendered":"Digital Media Library"},"content":{"rendered":"\t\t<div data-elementor-type=\"wp-page\" data-elementor-id=\"4231\" class=\"elementor elementor-4231\" data-elementor-post-type=\"page\">\n\t\t\t\t<div class=\"elementor-element elementor-element-bf99436 e-flex e-con-boxed e-con e-child\" data-id=\"bf99436\" data-element_type=\"container\" data-settings=\"{&quot;background_background&quot;:&quot;classic&quot;}\">\n\t\t\t\t\t<div class=\"e-con-inner\">\n\t\t<div class=\"elementor-element elementor-element-b1df728 e-con-full e-flex e-con e-child\" data-id=\"b1df728\" data-element_type=\"container\">\n\t\t\t\t<div class=\"elementor-element elementor-element-5021f0b elementor-widget__width-initial elementor-invisible elementor-widget elementor-widget-heading\" data-id=\"5021f0b\" data-element_type=\"widget\" data-settings=\"{&quot;_animation&quot;:&quot;fadeInUp&quot;}\" data-widget_type=\"heading.default\">\n\t\t\t\t\t<h1 class=\"elementor-heading-title elementor-size-default\">Biblioth\u00e8que de m\u00e9dias num\u00e9riques<\/h1>\t\t\t\t<\/div>\n\t\t\t\t<div class=\"elementor-element elementor-element-4a92905 elementor-widget__width-initial elementor-widget-tablet_extra__width-inherit elementor-invisible elementor-widget elementor-widget-text-editor\" data-id=\"4a92905\" data-element_type=\"widget\" data-settings=\"{&quot;_animation&quot;:&quot;fadeInUp&quot;}\" data-widget_type=\"text-editor.default\">\n\t\t\t\t\t\t\t\t\t<p>Vous cherchez des images en haute r\u00e9solution?<\/p><p>Notre biblioth\u00e8que de m\u00e9dias num\u00e9riques t\u00e9l\u00e9chargeables vous permet de cr\u00e9er facilement des documents personnalis\u00e9s qui r\u00e9pondent exactement \u00e0 vos besoins. Choisissez simplement votre produit et s\u00e9lectionnez les documents que vous souhaitez fusionner.<\/p>\t\t\t\t\t\t\t\t<\/div>\n\t\t\t\t<\/div>\n\t\t\t\t\t<\/div>\n\t\t\t\t<\/div>\n\t\t<div class=\"elementor-element elementor-element-6b58e63 e-flex e-con-boxed e-con e-parent\" data-id=\"6b58e63\" data-element_type=\"container\">\n\t\t\t\t\t<div class=\"e-con-inner\">\n\t\t<div class=\"elementor-element elementor-element-3a9d5ce e-con-full e-flex e-con e-child\" data-id=\"3a9d5ce\" data-element_type=\"container\" data-settings=\"{&quot;background_background&quot;:&quot;classic&quot;}\">\n\t\t\t\t<div class=\"elementor-element elementor-element-337b8d6 elementor-widget__width-inherit digital-sec-media elementor-widget elementor-widget-shortcode\" data-id=\"337b8d6\" data-element_type=\"widget\" data-widget_type=\"shortcode.default\">\n\t\t\t\t\t\t\t<div class=\"elementor-shortcode\"><style>\n    .digital-media-main-wrapper .news-loading {\n    position: fixed;\n    inset: 0;\n    background: #000000b3;\n    z-index: 999999;\n    \/* display: none; *\/\n    height: 100%;\n    width: 100%;\n    left: 0;\n    right: 0;\n    top: 0;\n    bottom: 0;\n    margin: auto;\n    display: flex;\n    justify-content: center;\n    align-items: center;\n    display: none;\n}\n\n.digital-media-main-wrapper .loading {\n    position: absolute;\n    top: 0;\n    left: 0;\n    right: 0;\n    bottom: 0;\n    margin: auto;\n    display: flex;\n    flex-direction: column;\n    justify-content: center;\n    align-items: center;\n}\n\n.digital-media-main-wrapper .news-loading .loading-spinner {\n    border: 5px solid #f3f3f3;\n    border-top: 5px solid #e6002d;\n    border-radius: 50%;\n    width: 50px;\n    height: 50px;\n    animation: spin 1s linear infinite;\n}\n<\/style>\n<div class=\"container digital-media-main-wrapper\">\n        <div id=\"DigitalMediaLibrary\">\n\n            <div class=\"digital-library-box\">\n                <div class=\"card custom-card\">\n                    <div class=\"row custom-row\">\n                        <div class=\"col-content\">\n                            <h2 class=\"header-title\">Recherche rapide de m\u00e9dias num\u00e9riques<\/h2>\n                            <hr class=\"separator\">\n                            <div class=\"form-row\">\n                                <div class=\"form-group\">\n                                    <label for=\"categoryQuickFind\" class=\"form-label\">S\u00e9lectionnez une cat\u00e9gorie<\/label>\n                                    <select class=\"custom-select\" name=\"categoryQuickFind\" id=\"categoryQuickFind\">\n                                        <option value=\"\">S\u00e9lectionnez une cat\u00e9gorie<\/option>\n                                         <option value=\"176\"> Accessoires <\/option> <option value=\"110\"> Calculatrices <\/option> <option value=\"255\"> Micro-ondes commerciaux <\/option> <option value=\"41\"> Photocopieuses et imprimantes <\/option> <option value=\"159\"> Afficheurs <\/option> <option value=\"101\"> Appareils \u00e9lectrom\u00e9nagers <\/option> <option value=\"250\"> Divertissement \u00e0 domicile <\/option> <option value=\"249\"> Environnement domestique <\/option> <option value=\"158\"> Projecteurs <\/option> <option value=\"259\"> Testing Category for Fr <\/option> <option value=\"132\"> T\u00c9L\u00c9 <\/option>                                    <\/select>\n                                <\/div>\n                                <div class=\"form-group\">\n                                    <label for=\"modelInput\" class=\"form-label\">Entrez un nom de mod\u00e8le<\/label>\n                                    <input autocomplete=\"off\" placeholder=\"Entrez un nom de mod\u00e8le\" type=\"text\" id=\"modelInput\" class=\"model-input\" disabled>\n                                    <input type=\"hidden\" id=\"selectedModelId\" name=\"selectedModelId\" \/>\n                                <\/div>\n                                <div class=\"form-group\">\n                                    <button id=\"submitSearchQuickFind\" class=\"submit-button disabled\" disabled>Afficher<\/button>\n                                <\/div>\n                            <\/div>\n                        <\/div>\n                    <\/div>\n                                    <\/div>\n            <\/div>\n\n            <div class=\"product-details\"><\/div>\n\n            <div class=\"digital-media-text\" style=\"display:none;\">\n                <div class=\"text-wrapper\">\n                    <h5 class=\"text-primary\">Cr\u00e9ez votre trousse m\u00e9dia personnalis\u00e9e<\/h5>\n                    <hr>\n                    <p>Choisissez vos fichiers et suivez les instructions \u00e0 l\u2019\u00e9cran pour t\u00e9l\u00e9charger votre trousse m\u00e9dia. Pour t\u00e9l\u00e9charger un fichier individuel, cliquez sur son nom ou sur l\u2019ic\u00f4ne de t\u00e9l\u00e9chargement.<\/p>\n                <\/div>\n            <\/div>\n            <div class=\"available-media\" style=\"display:none;\">\n                <div class=\"available-media-title\">\n                    <h5 class=\"text-primary\">M\u00e9dias disponibles<\/h5>\n                <\/div>\n            <\/div>\n\n            <!-- Start Main output data wrapper -->\n            <div class=\"product-avl-data-html\"><\/div>\n             \n            <!-- End Main output data wrapper -->\n\n            <div class=\"product-images-wrapper\" style=\"display:none;\">\n               <h6>Images de produits<\/h6>\n               <div class=\"product-images-inner\">\n                   <div class=\"product-imgs-response\"><\/div>\n               <\/div>     \n            <\/div>\n\n            <div class=\"bottom-buttons-wrapper\" style=\"display:none;\">\n                <div class=\"bottom-inner\">\n                    <div class=\"selected-item-count\">\u00c9l\u00e9ments s\u00e9lectionn\u00e9s: <span> 0<\/span><\/div>\n                    <div class=\"download-btn-wrapper\" style=\"display:none;\">\n                        <button id=\"download-media-bundle\" class=\"download-media-bundle\">T\u00e9l\u00e9charger la trousse m\u00e9dia<\/button>\n                    <\/div>\n                <\/div>\n            <\/div>\n        <\/div>\n\n       <!--  <div class=\"loading-div\">\n            <img decoding=\"async\" src=\"https:\/\/sharpcaci4.betademowork.com\/wp-content\/themes\/hello-elementor-child\/img\/wpspin.gif\" class=\"\">\n        <\/div> -->\n\n        <div class=\"news-loading\">\n            <div class=\"loading\"><div class=\"loading-spinner\"><\/div><\/div>\n        <\/div>\n\n    <\/div>\n\n\n<div class=\"media-download-popup-wrapper\" style=\"display:none;\">\n    <div class=\"media-prodctig_popup\">\n        <div class=\"md_proig-inner\">\n            <h5>S\u00e9lectionnez vos pr\u00e9f\u00e9rences de t\u00e9l\u00e9chargement d\u2019images<\/h5>\n            <div class=\"close-btn\"><i class=\"fa fa-times\" aria-hidden=\"true\"><\/i><\/div>\n        <\/div>\n        <div class=\"md-proig-inner md-proigselect_inner\">\n            <div class=\"md-proig_flexx md-proig-select\">\n                <p><label for=\"exportFileType\">Type de fichier:<\/label><\/p>\n                <select id=\"exportFileType\" name=\"exportFileType\">\n                    <option value=\"BMP\">BMP<\/option>\n                    <option value=\"JPEG\" selected>JPEG<\/option>\n                    <option value=\"PNG\">PNG<\/option>\n                    <option value=\"TIF\">TIFF<\/option>\n                <\/select>\n            <\/div>\n            <div class=\"md-proig_flexx md-proig_desired\">\n                <p><label for=\"imageSize\">Taille d\u00e9sir\u00e9e (pixels):<\/label><\/p>\n                <div class=\"md-prdo-desirinput\">\n                    <p><input type=\"number\" id=\"imageSize\" name=\"imageSize\" value=\"\"><\/p>\n                    <div class=\"md-proig_flexx media-prod_inputflex\">\n                        <div class=\"md-prdo-desrinptbox\">\n                            <input type=\"radio\" id=\"height\" name=\"sizeDimension\" value=\"height\" checked>\n                            <label for=\"height\">Hauteur<\/label>\n                        <\/div>\n                        <div class=\"md-prdo-desrinptbox\">\n                            <input type=\"radio\" id=\"width\" name=\"sizeDimension\" value=\"width\">\n                            <label for=\"width\">Largeur<\/label>\n                        <\/div>\n                    <\/div>\n                <\/div>\n            <\/div>\n        <\/div>\n        <div class=\"md-proig_dwndbutton\">\n            <button type=\"button\" id=\"downloadBtn\">T\u00e9l\u00e9charger la trousse<\/button>\n        <\/div>\n    <\/div>\n<\/div>\n<\/div>\n\t\t\t\t\t\t<\/div>\n\t\t\t\t<div class=\"elementor-element elementor-element-0b7ea96 elementor-widget elementor-widget-text-editor\" data-id=\"0b7ea96\" data-element_type=\"widget\" data-widget_type=\"text-editor.default\">\n\t\t\t\t\t\t\t\t\t<p>T\u00e9l\u00e9chargez des images ou des documents de produits individuels, ou cr\u00e9ez une trousse m\u00e9dia regroupant plusieurs fichiers pour un ou plusieurs produits.<\/p>\t\t\t\t\t\t\t\t<\/div>\n\t\t\t\t<div class=\"elementor-element elementor-element-24fb02e elementor-widget elementor-widget-text-editor\" data-id=\"24fb02e\" data-element_type=\"widget\" data-widget_type=\"text-editor.default\">\n\t\t\t\t\t\t\t\t\t<p>Si vous ne trouvez pas ce que vous cherchez, communiquez avec le service <strong>marketing<\/strong> par <a href=\"mailto:marketingca@sharpsec.com\">courriel<\/a>.<\/p>\t\t\t\t\t\t\t\t<\/div>\n\t\t\t\t<\/div>\n\t\t\t\t\t<\/div>\n\t\t\t\t<\/div>\n\t\t\t\t<\/div>\n\t\t","protected":false},"excerpt":{"rendered":"<p>Biblioth\u00e8que de m\u00e9dias num\u00e9riques Vous cherchez des images en haute r\u00e9solution? Notre biblioth\u00e8que de m\u00e9dias num\u00e9riques t\u00e9l\u00e9chargeables vous permet de cr\u00e9er facilement des documents personnalis\u00e9s qui r\u00e9pondent exactement \u00e0 vos besoins. Choisissez simplement votre produit et s\u00e9lectionnez les documents que vous souhaitez fusionner. T\u00e9l\u00e9chargez des images ou des documents de produits individuels, ou cr\u00e9ez une [&hellip;]<\/p>\n","protected":false},"author":1,"featured_media":0,"parent":0,"menu_order":0,"comment_status":"closed","ping_status":"closed","template":"","meta":{"_acf_changed":false,"footnotes":""},"class_list":["post-4231","page","type-page","status-publish","hentry"],"acf":[],"yoast_head":"<!-- This site is optimized with the Yoast SEO plugin v25.6 - https:\/\/yoast.com\/wordpress\/plugins\/seo\/ -->\n<title>Digital Media Library - Sharp Electronics of Canada Ltd<\/title>\n<meta name=\"robots\" content=\"noindex, follow, max-snippet:-1, max-image-preview:large, max-video-preview:-1\" \/>\n<meta property=\"og:locale\" content=\"fr_FR\" \/>\n<meta property=\"og:type\" content=\"article\" \/>\n<meta property=\"og:title\" content=\"Digital Media Library - Sharp Electronics of Canada Ltd\" \/>\n<meta property=\"og:description\" content=\"Biblioth\u00e8que de m\u00e9dias num\u00e9riques Vous cherchez des images en haute r\u00e9solution? Notre biblioth\u00e8que de m\u00e9dias num\u00e9riques t\u00e9l\u00e9chargeables vous permet de cr\u00e9er facilement des documents personnalis\u00e9s qui r\u00e9pondent exactement \u00e0 vos besoins. Choisissez simplement votre produit et s\u00e9lectionnez les documents que vous souhaitez fusionner. T\u00e9l\u00e9chargez des images ou des documents de produits individuels, ou cr\u00e9ez une [&hellip;]\" \/>\n<meta property=\"og:url\" content=\"https:\/\/sharpcaci4.betademowork.com\/fr\/digital-media-library\/\" \/>\n<meta property=\"og:site_name\" content=\"Sharp Electronics of Canada Ltd\" \/>\n<meta property=\"article:modified_time\" content=\"2025-10-10T17:43:11+00:00\" \/>\n<meta name=\"twitter:card\" content=\"summary_large_image\" \/>\n<meta name=\"twitter:label1\" content=\"Dur\u00e9e de lecture estim\u00e9e\" \/>\n\t<meta name=\"twitter:data1\" content=\"1 minute\" \/>\n<script type=\"application\/ld+json\" class=\"yoast-schema-graph\">{\"@context\":\"https:\/\/schema.org\",\"@graph\":[{\"@type\":\"WebPage\",\"@id\":\"https:\/\/sharpcaci4.betademowork.com\/fr\/digital-media-library\/\",\"url\":\"https:\/\/sharpcaci4.betademowork.com\/fr\/digital-media-library\/\",\"name\":\"Digital Media Library - Sharp Electronics of Canada Ltd\",\"isPartOf\":{\"@id\":\"https:\/\/sharpcaci4.betademowork.com\/en\/#website\"},\"datePublished\":\"2025-08-27T12:46:30+00:00\",\"dateModified\":\"2025-10-10T17:43:11+00:00\",\"breadcrumb\":{\"@id\":\"https:\/\/sharpcaci4.betademowork.com\/fr\/digital-media-library\/#breadcrumb\"},\"inLanguage\":\"fr-FR\",\"potentialAction\":[{\"@type\":\"ReadAction\",\"target\":[\"https:\/\/sharpcaci4.betademowork.com\/fr\/digital-media-library\/\"]}]},{\"@type\":\"BreadcrumbList\",\"@id\":\"https:\/\/sharpcaci4.betademowork.com\/fr\/digital-media-library\/#breadcrumb\",\"itemListElement\":[{\"@type\":\"ListItem\",\"position\":1,\"name\":\"Home | About Us\",\"item\":\"https:\/\/sharpcaci4.betademowork.com\/en\/\"},{\"@type\":\"ListItem\",\"position\":2,\"name\":\"Digital Media Library\"}]},{\"@type\":\"WebSite\",\"@id\":\"https:\/\/sharpcaci4.betademowork.com\/en\/#website\",\"url\":\"https:\/\/sharpcaci4.betademowork.com\/en\/\",\"name\":\"Sharp Electronics of Canada Ltd\",\"description\":\"\",\"publisher\":{\"@id\":\"https:\/\/sharpcaci4.betademowork.com\/en\/#organization\"},\"potentialAction\":[{\"@type\":\"SearchAction\",\"target\":{\"@type\":\"EntryPoint\",\"urlTemplate\":\"https:\/\/sharpcaci4.betademowork.com\/en\/?s={search_term_string}\"},\"query-input\":{\"@type\":\"PropertyValueSpecification\",\"valueRequired\":true,\"valueName\":\"search_term_string\"}}],\"inLanguage\":\"fr-FR\"},{\"@type\":\"Organization\",\"@id\":\"https:\/\/sharpcaci4.betademowork.com\/en\/#organization\",\"name\":\"Sharp Electronics of Canada Ltd\",\"url\":\"https:\/\/sharpcaci4.betademowork.com\/en\/\",\"logo\":{\"@type\":\"ImageObject\",\"inLanguage\":\"fr-FR\",\"@id\":\"https:\/\/sharpcaci4.betademowork.com\/en\/#\/schema\/logo\/image\/\",\"url\":\"https:\/\/sharpcaci4.betademowork.com\/wp-content\/uploads\/2025\/10\/Sharp_logo-200.png\",\"contentUrl\":\"https:\/\/sharpcaci4.betademowork.com\/wp-content\/uploads\/2025\/10\/Sharp_logo-200.png\",\"width\":200,\"height\":55,\"caption\":\"Sharp Electronics of Canada Ltd\"},\"image\":{\"@id\":\"https:\/\/sharpcaci4.betademowork.com\/en\/#\/schema\/logo\/image\/\"}}]}<\/script>\n<!-- \/ Yoast SEO plugin. -->","yoast_head_json":{"title":"Digital Media Library - Sharp Electronics of Canada Ltd","robots":{"index":"noindex","follow":"follow","max-snippet":"max-snippet:-1","max-image-preview":"max-image-preview:large","max-video-preview":"max-video-preview:-1"},"og_locale":"fr_FR","og_type":"article","og_title":"Digital Media Library - Sharp Electronics of Canada Ltd","og_description":"Biblioth\u00e8que de m\u00e9dias num\u00e9riques Vous cherchez des images en haute r\u00e9solution? Notre biblioth\u00e8que de m\u00e9dias num\u00e9riques t\u00e9l\u00e9chargeables vous permet de cr\u00e9er facilement des documents personnalis\u00e9s qui r\u00e9pondent exactement \u00e0 vos besoins. Choisissez simplement votre produit et s\u00e9lectionnez les documents que vous souhaitez fusionner. T\u00e9l\u00e9chargez des images ou des documents de produits individuels, ou cr\u00e9ez une [&hellip;]","og_url":"https:\/\/sharpcaci4.betademowork.com\/fr\/digital-media-library\/","og_site_name":"Sharp Electronics of Canada Ltd","article_modified_time":"2025-10-10T17:43:11+00:00","twitter_card":"summary_large_image","twitter_misc":{"Dur\u00e9e de lecture estim\u00e9e":"1 minute"},"schema":{"@context":"https:\/\/schema.org","@graph":[{"@type":"WebPage","@id":"https:\/\/sharpcaci4.betademowork.com\/fr\/digital-media-library\/","url":"https:\/\/sharpcaci4.betademowork.com\/fr\/digital-media-library\/","name":"Digital Media Library - Sharp Electronics of Canada Ltd","isPartOf":{"@id":"https:\/\/sharpcaci4.betademowork.com\/en\/#website"},"datePublished":"2025-08-27T12:46:30+00:00","dateModified":"2025-10-10T17:43:11+00:00","breadcrumb":{"@id":"https:\/\/sharpcaci4.betademowork.com\/fr\/digital-media-library\/#breadcrumb"},"inLanguage":"fr-FR","potentialAction":[{"@type":"ReadAction","target":["https:\/\/sharpcaci4.betademowork.com\/fr\/digital-media-library\/"]}]},{"@type":"BreadcrumbList","@id":"https:\/\/sharpcaci4.betademowork.com\/fr\/digital-media-library\/#breadcrumb","itemListElement":[{"@type":"ListItem","position":1,"name":"Home | About Us","item":"https:\/\/sharpcaci4.betademowork.com\/en\/"},{"@type":"ListItem","position":2,"name":"Digital Media Library"}]},{"@type":"WebSite","@id":"https:\/\/sharpcaci4.betademowork.com\/en\/#website","url":"https:\/\/sharpcaci4.betademowork.com\/en\/","name":"Sharp Electronics of Canada Ltd","description":"","publisher":{"@id":"https:\/\/sharpcaci4.betademowork.com\/en\/#organization"},"potentialAction":[{"@type":"SearchAction","target":{"@type":"EntryPoint","urlTemplate":"https:\/\/sharpcaci4.betademowork.com\/en\/?s={search_term_string}"},"query-input":{"@type":"PropertyValueSpecification","valueRequired":true,"valueName":"search_term_string"}}],"inLanguage":"fr-FR"},{"@type":"Organization","@id":"https:\/\/sharpcaci4.betademowork.com\/en\/#organization","name":"Sharp Electronics of Canada Ltd","url":"https:\/\/sharpcaci4.betademowork.com\/en\/","logo":{"@type":"ImageObject","inLanguage":"fr-FR","@id":"https:\/\/sharpcaci4.betademowork.com\/en\/#\/schema\/logo\/image\/","url":"https:\/\/sharpcaci4.betademowork.com\/wp-content\/uploads\/2025\/10\/Sharp_logo-200.png","contentUrl":"https:\/\/sharpcaci4.betademowork.com\/wp-content\/uploads\/2025\/10\/Sharp_logo-200.png","width":200,"height":55,"caption":"Sharp Electronics of Canada Ltd"},"image":{"@id":"https:\/\/sharpcaci4.betademowork.com\/en\/#\/schema\/logo\/image\/"}}]}},"_links":{"self":[{"href":"https:\/\/sharpcaci4.betademowork.com\/fr\/wp-json\/wp\/v2\/pages\/4231","targetHints":{"allow":["GET"]}}],"collection":[{"href":"https:\/\/sharpcaci4.betademowork.com\/fr\/wp-json\/wp\/v2\/pages"}],"about":[{"href":"https:\/\/sharpcaci4.betademowork.com\/fr\/wp-json\/wp\/v2\/types\/page"}],"author":[{"embeddable":true,"href":"https:\/\/sharpcaci4.betademowork.com\/fr\/wp-json\/wp\/v2\/users\/1"}],"replies":[{"embeddable":true,"href":"https:\/\/sharpcaci4.betademowork.com\/fr\/wp-json\/wp\/v2\/comments?post=4231"}],"version-history":[{"count":3,"href":"https:\/\/sharpcaci4.betademowork.com\/fr\/wp-json\/wp\/v2\/pages\/4231\/revisions"}],"predecessor-version":[{"id":9653,"href":"https:\/\/sharpcaci4.betademowork.com\/fr\/wp-json\/wp\/v2\/pages\/4231\/revisions\/9653"}],"wp:attachment":[{"href":"https:\/\/sharpcaci4.betademowork.com\/fr\/wp-json\/wp\/v2\/media?parent=4231"}],"curies":[{"name":"wp","href":"https:\/\/api.w.org\/{rel}","templated":true}]}}