{"id":3928,"date":"2025-08-21T05:31:17","date_gmt":"2025-08-21T05:31:17","guid":{"rendered":"https:\/\/sharpcaci4.betademowork.com\/careers\/"},"modified":"2025-10-09T18:55:21","modified_gmt":"2025-10-09T18:55:21","slug":"career-opportunities","status":"publish","type":"page","link":"https:\/\/sharpcaci4.betademowork.com\/fr\/career-opportunities\/","title":{"rendered":"Career Opportunities"},"content":{"rendered":"\t\t<div data-elementor-type=\"wp-page\" data-elementor-id=\"3928\" class=\"elementor elementor-3928\" data-elementor-post-type=\"page\">\n\t\t\t\t<div class=\"elementor-element elementor-element-bf99436 e-flex e-con-boxed e-con e-child\" data-id=\"bf99436\" data-element_type=\"container\" data-settings=\"{&quot;background_background&quot;:&quot;classic&quot;}\">\n\t\t\t\t\t<div class=\"e-con-inner\">\n\t\t<div class=\"elementor-element elementor-element-b1df728 e-con-full e-flex e-con e-child\" data-id=\"b1df728\" data-element_type=\"container\">\n\t\t\t\t<div class=\"elementor-element elementor-element-5021f0b elementor-widget__width-initial elementor-invisible elementor-widget elementor-widget-heading\" data-id=\"5021f0b\" data-element_type=\"widget\" data-settings=\"{&quot;_animation&quot;:&quot;fadeInUp&quot;}\" data-widget_type=\"heading.default\">\n\t\t\t\t\t<h1 class=\"elementor-heading-title elementor-size-default\">Carri\u00e8res<\/h1>\t\t\t\t<\/div>\n\t\t\t\t<\/div>\n\t\t\t\t\t<\/div>\n\t\t\t\t<\/div>\n\t\t<div class=\"elementor-element elementor-element-6b58e63 e-flex e-con-boxed e-con e-parent\" data-id=\"6b58e63\" data-element_type=\"container\">\n\t\t\t\t\t<div class=\"e-con-inner\">\n\t\t<div class=\"elementor-element elementor-element-3a9d5ce e-con-full e-flex e-con e-child\" data-id=\"3a9d5ce\" data-element_type=\"container\">\n\t\t\t\t<div class=\"elementor-element elementor-element-c5957bd elementor-widget elementor-widget-text-editor\" data-id=\"c5957bd\" data-element_type=\"widget\" data-widget_type=\"text-editor.default\">\n\t\t\t\t\t\t\t\t\t<p>Sharp \u00c9lectronique du Canada Lt\u00e9e s\u2019engage \u00e0 promouvoir la diversit\u00e9, l\u2019\u00e9quit\u00e9, l\u2019inclusion et un sentiment d\u2019appartenance dans son milieu de travail. \u00c0 ce titre, nous c\u00e9l\u00e9brons la diversit\u00e9 de contextes dont sont issus nos employ\u00e9s, nos partenaires d\u2019affaires et nos parties prenantes. Cet engagement englobe une d\u00e9termination \u00e0 cultiver un environnement dans lequel chaque individu se sent valoris\u00e9 en sachant que sa dignit\u00e9, ses croyances et son identit\u00e9 sont reconnues et respect\u00e9es.<\/p><p>Chaque employ\u00e9(e) de Sharp s\u2019engage \u00e0 faire preuve de sinc\u00e9rit\u00e9 et de cr\u00e9ativit\u00e9 dans toutes les dimensions de ses activit\u00e9s professionnelles. Pour soutenir cet engagement, nous nous effor\u00e7ons de cr\u00e9er une culture de travail accueillante \u00e0 tous et \u00e0 toutes, qui garantit l\u2019\u00e9galit\u00e9 des chances pour tous les employ\u00e9s. En reconnaissant le caract\u00e8re changeant du travail et de la technologie, Sharp Canada encourage ses effectifs \u00e0 s\u2019adapter, \u00e0 apprendre et \u00e0 s\u2019\u00e9panouir, tant individuellement que collectivement. Par l\u2019entremise de nos employ\u00e9s, nous proposons des solutions pour renforcer la productivit\u00e9, favoriser la collaboration et faciliter l\u2019atteinte d\u2019un bon \u00e9quilibre entre la vie professionnelle et la vie priv\u00e9e, pour nos employ\u00e9s et pour nos clients.<\/p><p>Sharp offre de nombreuses possibilit\u00e9s d\u2019avancement professionnel, notamment une vari\u00e9t\u00e9 de programmes et de soutiens destin\u00e9s \u00e0 aider les employ\u00e9s \u00e0 r\u00e9aliser leur plein potentiel. Nous croyons fermement qu\u2019un milieu de travail diversifi\u00e9, \u00e0 l\u2019image des communaut\u00e9s qui nous entourent, influence de fa\u00e7on positive la qualit\u00e9 de vie de nos employ\u00e9s et nous habilite \u00e0 servir efficacement les clients.<\/p><p>Sharp Corporation privil\u00e9gie les facteurs environnementaux, sociaux et de gouvernance (ESG) en tenant compte des impacts de ses activit\u00e9s commerciales. Nous nous engageons en permanence \u00e0 induire des changements pour le mieux des personnes et de la plan\u00e8te et \u00e0 nous adapter \u00e0 un environnement \u00e9conomique mondial en constante \u00e9volution.<\/p>\t\t\t\t\t\t\t\t<\/div>\n\t\t\t\t<\/div>\n\t\t\t\t\t<\/div>\n\t\t\t\t<\/div>\n\t\t<div class=\"elementor-element elementor-element-9e5f559 e-flex e-con-boxed e-con e-parent\" data-id=\"9e5f559\" data-element_type=\"container\">\n\t\t\t\t\t<div class=\"e-con-inner\">\n\t\t<div class=\"elementor-element elementor-element-2f72999 e-con-full e-flex e-con e-child\" data-id=\"2f72999\" data-element_type=\"container\">\n\t\t\t\t<div class=\"elementor-element elementor-element-4235e2e elementor-widget elementor-widget-heading\" data-id=\"4235e2e\" data-element_type=\"widget\" data-widget_type=\"heading.default\">\n\t\t\t\t\t<h2 class=\"elementor-heading-title elementor-size-default\">Pr\u00eat \u00e0 passer \u00e0 l\u2019\u00e9tape suivante?<\/h2>\t\t\t\t<\/div>\n\t\t\t\t<div class=\"elementor-element elementor-element-c5b8235 elementor-widget elementor-widget-text-editor\" data-id=\"c5b8235\" data-element_type=\"widget\" data-widget_type=\"text-editor.default\">\n\t\t\t\t\t\t\t\t\t<p>Remplissez le formulaire de candidature en ligne.<\/p>\t\t\t\t\t\t\t\t<\/div>\n\t\t\t\t<\/div>\n\t\t<div class=\"elementor-element elementor-element-c50b128 e-flex e-con-boxed e-con e-child\" data-id=\"c50b128\" data-element_type=\"container\">\n\t\t\t\t\t<div class=\"e-con-inner\">\n\t\t<div class=\"elementor-element elementor-element-5d2502b e-flex e-con-boxed e-con e-child\" data-id=\"5d2502b\" data-element_type=\"container\">\n\t\t\t\t\t<div class=\"e-con-inner\">\n\t\t\t\t<div class=\"elementor-element elementor-element-84f5103 contact-form-inners elementor-widget elementor-widget-shortcode\" data-id=\"84f5103\" data-element_type=\"widget\" data-widget_type=\"shortcode.default\">\n\t\t\t\t\t\t\t<div class=\"elementor-shortcode\">    <div class=\"form-container-list\">\n        <div class=\"form-body\">\n            <div class=\"form-selector\">\n                            <\/div>\n            <div class=\"form-display\">\n                                <div id=\"product-form\" class=\"contact-form\">\n                    \n<div class=\"wpcf7 no-js\" id=\"wpcf7-f4797-o1\" lang=\"en-US\" dir=\"ltr\" data-wpcf7-id=\"4797\">\n<div class=\"screen-reader-response\"><p role=\"status\" aria-live=\"polite\" aria-atomic=\"true\"><\/p> <ul><\/ul><\/div>\n<form action=\"\/fr\/wp-json\/wp\/v2\/pages\/3928#wpcf7-f4797-o1\" method=\"post\" class=\"wpcf7-form init\" aria-label=\"Contact form\" enctype=\"multipart\/form-data\" novalidate=\"novalidate\" data-status=\"init\">\n<fieldset class=\"hidden-fields-container\"><input type=\"hidden\" name=\"_wpcf7\" value=\"4797\" \/><input type=\"hidden\" name=\"_wpcf7_version\" value=\"6.1.1\" \/><input type=\"hidden\" name=\"_wpcf7_locale\" value=\"en_US\" \/><input type=\"hidden\" name=\"_wpcf7_unit_tag\" value=\"wpcf7-f4797-o1\" \/><input type=\"hidden\" name=\"_wpcf7_container_post\" value=\"0\" \/><input type=\"hidden\" name=\"_wpcf7_posted_data_hash\" value=\"\" \/><input type=\"hidden\" name=\"_wpcf7_recaptcha_response\" value=\"\" \/>\n<\/fieldset>\n<div class=\"all_forms global-contactform contact-servicewarranty\">\n\t<div class=\"frm-parts frm-parts1\">\n\t\t<div class=\"frm-box frm-title\">\n\t\t\t<h3 class=\"section-title\"><i class=\"fas fa-user\"><\/i> Informations personnelles\n\t\t\t<\/h3>\n\t\t<\/div>\n\t\t<div class=\"frm-box frm-box50\">\n\t\t\t<p><label for=\"first-name\">Pr\u00e9nom<\/label><br \/>\n<span class=\"wpcf7-form-control-wrap\" data-name=\"first-name\"><input size=\"40\" maxlength=\"400\" class=\"wpcf7-form-control wpcf7-text wpcf7-validates-as-required form-control\" id=\"first-name\" autocomplete=\"given-name\" aria-required=\"true\" aria-invalid=\"false\" value=\"\" type=\"text\" name=\"first-name\" \/><\/span>\n\t\t\t<\/p>\n\t\t<\/div>\n\t\t<div class=\"frm-box frm-box50\">\n\t\t\t<p><label for=\"last-name\">Nom de famille<\/label><br \/>\n<span class=\"wpcf7-form-control-wrap\" data-name=\"last-name\"><input size=\"40\" maxlength=\"400\" class=\"wpcf7-form-control wpcf7-text wpcf7-validates-as-required form-control\" id=\"last-name\" autocomplete=\"family-name\" aria-required=\"true\" aria-invalid=\"false\" value=\"\" type=\"text\" name=\"last-name\" \/><\/span>\n\t\t\t<\/p>\n\t\t<\/div>\n\t\t<div class=\"frm-box frm-box50\">\n\t\t\t<p><label for=\"email\">Courriel<\/label><br \/>\n<span class=\"wpcf7-form-control-wrap\" data-name=\"email-address\"><input size=\"40\" maxlength=\"400\" class=\"wpcf7-form-control wpcf7-email wpcf7-validates-as-required wpcf7-text wpcf7-validates-as-email form-control\" id=\"email\" autocomplete=\"email\" aria-required=\"true\" aria-invalid=\"false\" value=\"\" type=\"email\" name=\"email-address\" \/><\/span>\n\t\t\t<\/p>\n\t\t<\/div>\n\t\t<div class=\"frm-box frm-box50\">\n\t\t\t<p><label for=\"position\">Poste<\/label><br \/>\n<span class=\"wpcf7-form-control-wrap\" data-name=\"position\"><select class=\"wpcf7-form-control wpcf7-select wpcf7-validates-as-required form-control\" aria-required=\"true\" aria-invalid=\"false\" name=\"position\"><option value=\"\"><\/option><option value=\"Stage\">Stage<\/option><\/select><\/span>\n\t\t\t<\/p>\n\t\t<\/div>\n\t<\/div>\n\t<div class=\"frm-parts frm-parts4\">\n\t\t<div class=\"frm-box frm-title\">\n\t\t\t<h3 class=\"section-title\"><i class=\"fas fa-paperclip\"><\/i> Informations Compl\u00e9mentaires\n\t\t\t<\/h3>\n\t\t<\/div>\n\t\t<div class=\"frm-box frm-uploadfile\">\n\t\t\t<p><label for=\"upload-resume\" class=\"optional\">T\u00e9l\u00e9charger le CV<\/label><br \/>\n<span class=\"wpcf7-form-control-wrap\" data-name=\"upload-resume\"><input size=\"40\" class=\"wpcf7-form-control wpcf7-file wpcf7-validates-as-required upload-resume-cf7-form\" id=\"upload-resume-cf7-form\" accept=\".pdf,.jpg,.jpeg,.doc,.docx\" aria-required=\"true\" aria-invalid=\"false\" type=\"file\" name=\"upload-resume\" \/><\/span><br \/>\n<i class=\"form-note\">Types de fichiers accept\u00e9s : PDF, DOC, JPG, PNG (taille maximale : 5 Mo chacun)<\/i>\n\t\t\t<\/p>\n\t\t<\/div>\n\t<\/div>\n\t<div class=\"cf-frmsubmit\">\n\t\t<p><input class=\"wpcf7-form-control wpcf7-submit has-spinner submit-btn\" id=\"submit-button\" type=\"submit\" value=\"Soumettre\" \/>\n\t\t<\/p>\n\t<\/div>\n<\/div><div class=\"wpcf7-response-output\" aria-hidden=\"true\"><\/div>\n<\/form>\n<\/div>\n                <\/div>\n            <\/div>\n        <\/div>\n    <\/div>\n    <script type=\"text\/javascript\">\n        jQuery(document).ready(function($) {\n\n            \/* \n\n            \/\/ Function to update form display and position field\n            function updateFormDisplay() {\n                var selectedValue = $('#form-type').val();\n                if (selectedValue) {\n                    \/\/ Hide placeholder and show form\n                    $('.form-placeholder').hide();\n                    $('#contact-form').show();\n\n                    \/\/ Set position text based on selection\n                    var positionText = '';\n                    switch(selectedValue) {\n                    case 'B2B':\n                        positionText = 'B2B';\n                        break;\n                    case 'B2C':\n                        positionText = 'B2C';\n                        break;\n                    case 'General':\n                        positionText = 'General';\n                        break;\n                    }\n\n                    \/\/ Update display and field value\n                    $('#position').val(positionText);\n                } else {\n                    \/\/ Show placeholder and hide form\n                    $('.form-placeholder').show();\n                    $('#contact-form').hide();\n                    $('#position').val('');\n                }\n            }\n\n            \/\/ Initialize the form display on page load\n            updateFormDisplay();\n\n            \/\/ Update form display when dropdown changes\n            $('#form-type').change(updateFormDisplay);\n\n            *\/\n        });\n    <\/script>\n    <\/div>\n\t\t\t\t\t\t<\/div>\n\t\t\t\t\t<\/div>\n\t\t\t\t<\/div>\n\t\t\t\t\t<\/div>\n\t\t\t\t<\/div>\n\t\t\t\t\t<\/div>\n\t\t\t\t<\/div>\n\t\t\t\t<\/div>\n\t\t","protected":false},"excerpt":{"rendered":"<p>Carri\u00e8res Sharp \u00c9lectronique du Canada Lt\u00e9e s\u2019engage \u00e0 promouvoir la diversit\u00e9, l\u2019\u00e9quit\u00e9, l\u2019inclusion et un sentiment d\u2019appartenance dans son milieu de travail. \u00c0 ce titre, nous c\u00e9l\u00e9brons la diversit\u00e9 de contextes dont sont issus nos employ\u00e9s, nos partenaires d\u2019affaires et nos parties prenantes. Cet engagement englobe une d\u00e9termination \u00e0 cultiver un environnement dans lequel chaque [&hellip;]<\/p>\n","protected":false},"author":1,"featured_media":0,"parent":0,"menu_order":0,"comment_status":"closed","ping_status":"closed","template":"","meta":{"_acf_changed":false,"footnotes":""},"class_list":["post-3928","page","type-page","status-publish","hentry"],"acf":[],"yoast_head":"<!-- This site is optimized with the Yoast SEO plugin v25.6 - https:\/\/yoast.com\/wordpress\/plugins\/seo\/ -->\n<title>Career Opportunities - Sharp Electronics of Canada Ltd<\/title>\n<meta name=\"robots\" content=\"noindex, follow, max-snippet:-1, max-image-preview:large, max-video-preview:-1\" \/>\n<meta property=\"og:locale\" content=\"fr_FR\" \/>\n<meta property=\"og:type\" content=\"article\" \/>\n<meta property=\"og:title\" content=\"Career Opportunities - Sharp Electronics of Canada Ltd\" \/>\n<meta property=\"og:description\" content=\"Carri\u00e8res Sharp \u00c9lectronique du Canada Lt\u00e9e s\u2019engage \u00e0 promouvoir la diversit\u00e9, l\u2019\u00e9quit\u00e9, l\u2019inclusion et un sentiment d\u2019appartenance dans son milieu de travail. \u00c0 ce titre, nous c\u00e9l\u00e9brons la diversit\u00e9 de contextes dont sont issus nos employ\u00e9s, nos partenaires d\u2019affaires et nos parties prenantes. Cet engagement englobe une d\u00e9termination \u00e0 cultiver un environnement dans lequel chaque [&hellip;]\" \/>\n<meta property=\"og:url\" content=\"https:\/\/sharpcaci4.betademowork.com\/fr\/career-opportunities\/\" \/>\n<meta property=\"og:site_name\" content=\"Sharp Electronics of Canada Ltd\" \/>\n<meta property=\"article:modified_time\" content=\"2025-10-09T18:55:21+00:00\" \/>\n<meta name=\"twitter:card\" content=\"summary_large_image\" \/>\n<meta name=\"twitter:label1\" content=\"Dur\u00e9e de lecture estim\u00e9e\" \/>\n\t<meta name=\"twitter:data1\" content=\"2 minutes\" \/>\n<script type=\"application\/ld+json\" class=\"yoast-schema-graph\">{\"@context\":\"https:\/\/schema.org\",\"@graph\":[{\"@type\":\"WebPage\",\"@id\":\"https:\/\/sharpcaci4.betademowork.com\/fr\/career-opportunities\/\",\"url\":\"https:\/\/sharpcaci4.betademowork.com\/fr\/career-opportunities\/\",\"name\":\"Career Opportunities - Sharp Electronics of Canada Ltd\",\"isPartOf\":{\"@id\":\"https:\/\/sharpcaci4.betademowork.com\/en\/#website\"},\"datePublished\":\"2025-08-21T05:31:17+00:00\",\"dateModified\":\"2025-10-09T18:55:21+00:00\",\"breadcrumb\":{\"@id\":\"https:\/\/sharpcaci4.betademowork.com\/fr\/career-opportunities\/#breadcrumb\"},\"inLanguage\":\"fr-FR\",\"potentialAction\":[{\"@type\":\"ReadAction\",\"target\":[\"https:\/\/sharpcaci4.betademowork.com\/fr\/career-opportunities\/\"]}]},{\"@type\":\"BreadcrumbList\",\"@id\":\"https:\/\/sharpcaci4.betademowork.com\/fr\/career-opportunities\/#breadcrumb\",\"itemListElement\":[{\"@type\":\"ListItem\",\"position\":1,\"name\":\"Home | About Us\",\"item\":\"https:\/\/sharpcaci4.betademowork.com\/en\/\"},{\"@type\":\"ListItem\",\"position\":2,\"name\":\"Career Opportunities\"}]},{\"@type\":\"WebSite\",\"@id\":\"https:\/\/sharpcaci4.betademowork.com\/en\/#website\",\"url\":\"https:\/\/sharpcaci4.betademowork.com\/en\/\",\"name\":\"Sharp Electronics of Canada Ltd\",\"description\":\"\",\"publisher\":{\"@id\":\"https:\/\/sharpcaci4.betademowork.com\/en\/#organization\"},\"potentialAction\":[{\"@type\":\"SearchAction\",\"target\":{\"@type\":\"EntryPoint\",\"urlTemplate\":\"https:\/\/sharpcaci4.betademowork.com\/en\/?s={search_term_string}\"},\"query-input\":{\"@type\":\"PropertyValueSpecification\",\"valueRequired\":true,\"valueName\":\"search_term_string\"}}],\"inLanguage\":\"fr-FR\"},{\"@type\":\"Organization\",\"@id\":\"https:\/\/sharpcaci4.betademowork.com\/en\/#organization\",\"name\":\"Sharp Electronics of Canada Ltd\",\"url\":\"https:\/\/sharpcaci4.betademowork.com\/en\/\",\"logo\":{\"@type\":\"ImageObject\",\"inLanguage\":\"fr-FR\",\"@id\":\"https:\/\/sharpcaci4.betademowork.com\/en\/#\/schema\/logo\/image\/\",\"url\":\"https:\/\/sharpcaci4.betademowork.com\/wp-content\/uploads\/2025\/10\/Sharp_logo-200.png\",\"contentUrl\":\"https:\/\/sharpcaci4.betademowork.com\/wp-content\/uploads\/2025\/10\/Sharp_logo-200.png\",\"width\":200,\"height\":55,\"caption\":\"Sharp Electronics of Canada Ltd\"},\"image\":{\"@id\":\"https:\/\/sharpcaci4.betademowork.com\/en\/#\/schema\/logo\/image\/\"}}]}<\/script>\n<!-- \/ Yoast SEO plugin. -->","yoast_head_json":{"title":"Career Opportunities - Sharp Electronics of Canada Ltd","robots":{"index":"noindex","follow":"follow","max-snippet":"max-snippet:-1","max-image-preview":"max-image-preview:large","max-video-preview":"max-video-preview:-1"},"og_locale":"fr_FR","og_type":"article","og_title":"Career Opportunities - Sharp Electronics of Canada Ltd","og_description":"Carri\u00e8res Sharp \u00c9lectronique du Canada Lt\u00e9e s\u2019engage \u00e0 promouvoir la diversit\u00e9, l\u2019\u00e9quit\u00e9, l\u2019inclusion et un sentiment d\u2019appartenance dans son milieu de travail. \u00c0 ce titre, nous c\u00e9l\u00e9brons la diversit\u00e9 de contextes dont sont issus nos employ\u00e9s, nos partenaires d\u2019affaires et nos parties prenantes. Cet engagement englobe une d\u00e9termination \u00e0 cultiver un environnement dans lequel chaque [&hellip;]","og_url":"https:\/\/sharpcaci4.betademowork.com\/fr\/career-opportunities\/","og_site_name":"Sharp Electronics of Canada Ltd","article_modified_time":"2025-10-09T18:55:21+00:00","twitter_card":"summary_large_image","twitter_misc":{"Dur\u00e9e de lecture estim\u00e9e":"2 minutes"},"schema":{"@context":"https:\/\/schema.org","@graph":[{"@type":"WebPage","@id":"https:\/\/sharpcaci4.betademowork.com\/fr\/career-opportunities\/","url":"https:\/\/sharpcaci4.betademowork.com\/fr\/career-opportunities\/","name":"Career Opportunities - Sharp Electronics of Canada Ltd","isPartOf":{"@id":"https:\/\/sharpcaci4.betademowork.com\/en\/#website"},"datePublished":"2025-08-21T05:31:17+00:00","dateModified":"2025-10-09T18:55:21+00:00","breadcrumb":{"@id":"https:\/\/sharpcaci4.betademowork.com\/fr\/career-opportunities\/#breadcrumb"},"inLanguage":"fr-FR","potentialAction":[{"@type":"ReadAction","target":["https:\/\/sharpcaci4.betademowork.com\/fr\/career-opportunities\/"]}]},{"@type":"BreadcrumbList","@id":"https:\/\/sharpcaci4.betademowork.com\/fr\/career-opportunities\/#breadcrumb","itemListElement":[{"@type":"ListItem","position":1,"name":"Home | About Us","item":"https:\/\/sharpcaci4.betademowork.com\/en\/"},{"@type":"ListItem","position":2,"name":"Career Opportunities"}]},{"@type":"WebSite","@id":"https:\/\/sharpcaci4.betademowork.com\/en\/#website","url":"https:\/\/sharpcaci4.betademowork.com\/en\/","name":"Sharp Electronics of Canada Ltd","description":"","publisher":{"@id":"https:\/\/sharpcaci4.betademowork.com\/en\/#organization"},"potentialAction":[{"@type":"SearchAction","target":{"@type":"EntryPoint","urlTemplate":"https:\/\/sharpcaci4.betademowork.com\/en\/?s={search_term_string}"},"query-input":{"@type":"PropertyValueSpecification","valueRequired":true,"valueName":"search_term_string"}}],"inLanguage":"fr-FR"},{"@type":"Organization","@id":"https:\/\/sharpcaci4.betademowork.com\/en\/#organization","name":"Sharp Electronics of Canada Ltd","url":"https:\/\/sharpcaci4.betademowork.com\/en\/","logo":{"@type":"ImageObject","inLanguage":"fr-FR","@id":"https:\/\/sharpcaci4.betademowork.com\/en\/#\/schema\/logo\/image\/","url":"https:\/\/sharpcaci4.betademowork.com\/wp-content\/uploads\/2025\/10\/Sharp_logo-200.png","contentUrl":"https:\/\/sharpcaci4.betademowork.com\/wp-content\/uploads\/2025\/10\/Sharp_logo-200.png","width":200,"height":55,"caption":"Sharp Electronics of Canada Ltd"},"image":{"@id":"https:\/\/sharpcaci4.betademowork.com\/en\/#\/schema\/logo\/image\/"}}]}},"_links":{"self":[{"href":"https:\/\/sharpcaci4.betademowork.com\/fr\/wp-json\/wp\/v2\/pages\/3928","targetHints":{"allow":["GET"]}}],"collection":[{"href":"https:\/\/sharpcaci4.betademowork.com\/fr\/wp-json\/wp\/v2\/pages"}],"about":[{"href":"https:\/\/sharpcaci4.betademowork.com\/fr\/wp-json\/wp\/v2\/types\/page"}],"author":[{"embeddable":true,"href":"https:\/\/sharpcaci4.betademowork.com\/fr\/wp-json\/wp\/v2\/users\/1"}],"replies":[{"embeddable":true,"href":"https:\/\/sharpcaci4.betademowork.com\/fr\/wp-json\/wp\/v2\/comments?post=3928"}],"version-history":[{"count":3,"href":"https:\/\/sharpcaci4.betademowork.com\/fr\/wp-json\/wp\/v2\/pages\/3928\/revisions"}],"predecessor-version":[{"id":9107,"href":"https:\/\/sharpcaci4.betademowork.com\/fr\/wp-json\/wp\/v2\/pages\/3928\/revisions\/9107"}],"wp:attachment":[{"href":"https:\/\/sharpcaci4.betademowork.com\/fr\/wp-json\/wp\/v2\/media?parent=3928"}],"curies":[{"name":"wp","href":"https:\/\/api.w.org\/{rel}","templated":true}]}}