{"id":2094,"date":"2025-07-16T13:15:03","date_gmt":"2025-07-16T13:15:03","guid":{"rendered":"https:\/\/sharpcaci4.betademowork.com\/about-us\/"},"modified":"2025-10-10T12:28:36","modified_gmt":"2025-10-10T16:28:36","slug":"business-philosophy-creed","status":"publish","type":"page","link":"https:\/\/sharpcaci4.betademowork.com\/fr\/business-philosophy-creed\/","title":{"rendered":"Philosophie d&rsquo;affaires et principes directeurs"},"content":{"rendered":"\t\t<div data-elementor-type=\"wp-page\" data-elementor-id=\"2094\" class=\"elementor elementor-2094\" data-elementor-post-type=\"page\">\n\t\t\t\t<div class=\"elementor-element elementor-element-bf99436 e-flex e-con-boxed e-con e-child\" data-id=\"bf99436\" data-element_type=\"container\" data-settings=\"{&quot;background_background&quot;:&quot;classic&quot;}\">\n\t\t\t\t\t<div class=\"e-con-inner\">\n\t\t<div class=\"elementor-element elementor-element-b1df728 e-con-full e-flex e-con e-child\" data-id=\"b1df728\" data-element_type=\"container\">\n\t\t\t\t<div class=\"elementor-element elementor-element-5021f0b elementor-widget__width-initial elementor-widget-widescreen__width-initial elementor-widget-tablet_extra__width-initial elementor-invisible elementor-widget elementor-widget-heading\" data-id=\"5021f0b\" data-element_type=\"widget\" data-settings=\"{&quot;_animation&quot;:&quot;fadeInUp&quot;}\" data-widget_type=\"heading.default\">\n\t\t\t\t\t<h1 class=\"elementor-heading-title elementor-size-default\">Philosophie d'affaires et principes directeurs<\/h1>\t\t\t\t<\/div>\n\t\t\t\t<\/div>\n\t\t\t\t\t<\/div>\n\t\t\t\t<\/div>\n\t\t<div class=\"elementor-element elementor-element-672f0e2 cust-sec-rgt e-flex e-con-boxed e-con e-parent\" data-id=\"672f0e2\" data-element_type=\"container\">\n\t\t\t\t\t<div class=\"e-con-inner\">\n\t\t<div class=\"elementor-element elementor-element-89cb468 e-con-full e-flex e-con e-child\" data-id=\"89cb468\" data-element_type=\"container\">\n\t\t<div class=\"elementor-element elementor-element-96aa2af e-con-full e-flex e-con e-child\" data-id=\"96aa2af\" data-element_type=\"container\">\n\t\t\t\t<div class=\"elementor-element elementor-element-e61a93f elementor-widget__width-initial elementor-widget-tablet__width-inherit elementor-widget-tablet_extra__width-initial elementor-widget-widescreen__width-initial elementor-widget elementor-widget-heading\" data-id=\"e61a93f\" data-element_type=\"widget\" data-widget_type=\"heading.default\">\n\t\t\t\t\t<h2 class=\"elementor-heading-title elementor-size-default\">Philosophie d'affaires<\/h2>\t\t\t\t<\/div>\n\t\t\t\t<div class=\"elementor-element elementor-element-02aa2ee elementor-widget elementor-widget-text-editor\" data-id=\"02aa2ee\" data-element_type=\"widget\" data-widget_type=\"text-editor.default\">\n\t\t\t\t\t\t\t\t\t<p>Nous ne cherchons pas tout simplement \u00e0 d\u00e9velopper le volume de nos affaires. Au contraire, nous nous consacrons \u00e0 d\u00e9ployer nos technologies uniques et innovatrices d&rsquo;une mani\u00e8re qui contribue \u00e0 la culture, \u00e0 l&rsquo;avancement et au bien-\u00eatre des gens autour du monde entier.<\/p><p>Notre soci\u00e9t\u00e9 compte se d\u00e9velopper conjointement avec nos employ\u00e9s, en les encourageant et les aidant \u00e0 r\u00e9aliser leur plein potentiel et am\u00e9liorer leur niveau de vie.<\/p><p>Notre prosp\u00e9rit\u00e9 future se relie directement \u00e0 la prosp\u00e9rit\u00e9 de nos clients, nos revendeurs et nos actionnaires, bref toute la famille Sharp.<\/p>\t\t\t\t\t\t\t\t<\/div>\n\t\t\t\t<\/div>\n\t\t<div class=\"elementor-element elementor-element-818aa04 e-con-full e-flex e-con e-child\" data-id=\"818aa04\" data-element_type=\"container\">\n\t\t\t\t<div class=\"elementor-element elementor-element-c762bbc elementor-widget__width-inherit elementor-widget elementor-widget-image\" data-id=\"c762bbc\" data-element_type=\"widget\" data-widget_type=\"image.default\">\n\t\t\t\t\t\t\t\t\t\t\t\t\t\t\t<img fetchpriority=\"high\" decoding=\"async\" width=\"1000\" height=\"672\" src=\"https:\/\/sharpcaci4.betademowork.com\/wp-content\/uploads\/2025\/10\/shutterstock_2475095967-2.jpg\" class=\"attachment-full size-full wp-image-8860\" alt=\"group of people collaborating in the office space\" srcset=\"https:\/\/sharpcaci4.betademowork.com\/wp-content\/uploads\/2025\/10\/shutterstock_2475095967-2.jpg 1000w, https:\/\/sharpcaci4.betademowork.com\/wp-content\/uploads\/2025\/10\/shutterstock_2475095967-2-300x202.jpg 300w, https:\/\/sharpcaci4.betademowork.com\/wp-content\/uploads\/2025\/10\/shutterstock_2475095967-2-768x516.jpg 768w\" sizes=\"(max-width: 1000px) 100vw, 1000px\" \/>\t\t\t\t\t\t\t\t\t\t\t\t\t\t\t<\/div>\n\t\t\t\t<\/div>\n\t\t\t\t<\/div>\n\t\t\t\t\t<\/div>\n\t\t\t\t<\/div>\n\t\t<div class=\"elementor-element elementor-element-5d3c847 cust-sec-lft e-flex e-con-boxed e-con e-parent\" data-id=\"5d3c847\" data-element_type=\"container\">\n\t\t\t\t\t<div class=\"e-con-inner\">\n\t\t<div class=\"elementor-element elementor-element-ff70364 e-con-full e-flex e-con e-child\" data-id=\"ff70364\" data-element_type=\"container\">\n\t\t<div class=\"elementor-element elementor-element-6affd72 e-con-full e-flex e-con e-child\" data-id=\"6affd72\" data-element_type=\"container\">\n\t\t\t\t<div class=\"elementor-element elementor-element-085857e elementor-widget__width-initial elementor-widget-tablet__width-inherit elementor-widget-widescreen__width-initial elementor-widget-tablet_extra__width-initial elementor-widget elementor-widget-heading\" data-id=\"085857e\" data-element_type=\"widget\" data-widget_type=\"heading.default\">\n\t\t\t\t\t<h2 class=\"elementor-heading-title elementor-size-default\">Principes directeurs<\/h2>\t\t\t\t<\/div>\n\t\t\t\t<div class=\"elementor-element elementor-element-48add07 elementor-widget__width-inherit elementor-widget elementor-widget-image\" data-id=\"48add07\" data-element_type=\"widget\" data-widget_type=\"image.default\">\n\t\t\t\t\t\t\t\t\t\t\t\t\t\t\t<img decoding=\"async\" width=\"1000\" height=\"674\" src=\"https:\/\/sharpcaci4.betademowork.com\/wp-content\/uploads\/2025\/10\/shutterstock_2475727027-2.jpg\" class=\"attachment-full size-full wp-image-8858\" alt=\"hands gathered in a circle\" srcset=\"https:\/\/sharpcaci4.betademowork.com\/wp-content\/uploads\/2025\/10\/shutterstock_2475727027-2.jpg 1000w, https:\/\/sharpcaci4.betademowork.com\/wp-content\/uploads\/2025\/10\/shutterstock_2475727027-2-300x202.jpg 300w, https:\/\/sharpcaci4.betademowork.com\/wp-content\/uploads\/2025\/10\/shutterstock_2475727027-2-768x518.jpg 768w\" sizes=\"(max-width: 1000px) 100vw, 1000px\" \/>\t\t\t\t\t\t\t\t\t\t\t\t\t\t\t<\/div>\n\t\t\t\t<\/div>\n\t\t<div class=\"elementor-element elementor-element-c43c4cc e-con-full e-flex e-con e-child\" data-id=\"c43c4cc\" data-element_type=\"container\">\n\t\t\t\t<div class=\"elementor-element elementor-element-e6dd25b elementor-widget__width-initial elementor-widget-tablet__width-inherit elementor-widget elementor-widget-heading\" data-id=\"e6dd25b\" data-element_type=\"widget\" data-widget_type=\"heading.default\">\n\t\t\t\t\t<h6 class=\"elementor-heading-title elementor-size-default\">notre principes directeurs<\/h6>\t\t\t\t<\/div>\n\t\t\t\t<div class=\"elementor-element elementor-element-fff8e6e elementor-widget elementor-widget-text-editor\" data-id=\"fff8e6e\" data-element_type=\"widget\" data-widget_type=\"text-editor.default\">\n\t\t\t\t\t\t\t\t\t<p>La soci\u00e9t\u00e9 Sharp se consacre \u00e0 deux id\u00e9aux: sinc\u00e9rit\u00e9 et cr\u00e9ativit\u00e9.<\/p>\t\t\t\t\t\t\t\t<\/div>\n\t\t\t\t<div class=\"elementor-element elementor-element-43efb9f elementor-widget elementor-widget-text-editor\" data-id=\"43efb9f\" data-element_type=\"widget\" data-widget_type=\"text-editor.default\">\n\t\t\t\t\t\t\t\t\t<p>Du fait de nous consacrer \u00e0 ces id\u00e9aux, nous retirons une vraie satisfaction de notre travail, tout en apportant une contribution importante \u00e0 la soci\u00e9t\u00e9 humaine.<\/p>\t\t\t\t\t\t\t\t<\/div>\n\t\t\t\t<div class=\"elementor-element elementor-element-daa63af e-n-tabs-none elementor-widget elementor-widget-n-tabs\" data-id=\"daa63af\" data-element_type=\"widget\" data-settings=\"{&quot;tabs_justify_horizontal&quot;:&quot;start&quot;,&quot;horizontal_scroll_mobile&quot;:&quot;enable&quot;,&quot;horizontal_scroll&quot;:&quot;disable&quot;}\" data-widget_type=\"nested-tabs.default\">\n\t\t\t\t\t\t\t<div class=\"e-n-tabs\" data-widget-number=\"229270447\" aria-label=\"Onglets. Ouvrez des \u00e9l\u00e9ments avec Entrer ou Espace, fermez-les avec Echape et naviguez \u00e0 l&#039;aide des touches fl\u00e9ch\u00e9es.\">\n\t\t\t<div class=\"e-n-tabs-heading\" role=\"tablist\">\n\t\t\t\t\t<button id=\"e-n-tab-title-2292704471\" class=\"e-n-tab-title\" aria-selected=\"true\" data-tab-index=\"1\" role=\"tab\" tabindex=\"0\" aria-controls=\"e-n-tab-content-2292704471\" style=\"--n-tabs-title-order: 1;\">\n\t\t\t\t\t\t<span class=\"e-n-tab-title-text\">\n\t\t\t\tLa sinc\u00e9rit\u00e9\t\t\t<\/span>\n\t\t<\/button>\n\t\t\t\t<button id=\"e-n-tab-title-2292704472\" class=\"e-n-tab-title\" aria-selected=\"false\" data-tab-index=\"2\" role=\"tab\" tabindex=\"-1\" aria-controls=\"e-n-tab-content-2292704472\" style=\"--n-tabs-title-order: 2;\">\n\t\t\t\t\t\t<span class=\"e-n-tab-title-text\">\n\t\t\t\tL'harmonie\t\t\t<\/span>\n\t\t<\/button>\n\t\t\t\t<button id=\"e-n-tab-title-2292704473\" class=\"e-n-tab-title\" aria-selected=\"false\" data-tab-index=\"3\" role=\"tab\" tabindex=\"-1\" aria-controls=\"e-n-tab-content-2292704473\" style=\"--n-tabs-title-order: 3;\">\n\t\t\t\t\t\t<span class=\"e-n-tab-title-text\">\n\t\t\t\tLa politesse\t\t\t<\/span>\n\t\t<\/button>\n\t\t\t\t<button id=\"e-n-tab-title-2292704474\" class=\"e-n-tab-title\" aria-selected=\"false\" data-tab-index=\"4\" role=\"tab\" tabindex=\"-1\" aria-controls=\"e-n-tab-content-2292704474\" style=\"--n-tabs-title-order: 4;\">\n\t\t\t\t\t\t<span class=\"e-n-tab-title-text\">\n\t\t\t\tLa cr\u00e9ativit\u00e9\t\t\t<\/span>\n\t\t<\/button>\n\t\t\t\t<button id=\"e-n-tab-title-2292704475\" class=\"e-n-tab-title\" aria-selected=\"false\" data-tab-index=\"5\" role=\"tab\" tabindex=\"-1\" aria-controls=\"e-n-tab-content-2292704475\" style=\"--n-tabs-title-order: 5;\">\n\t\t\t\t\t\t<span class=\"e-n-tab-title-text\">\n\t\t\t\tLe courage\t\t\t<\/span>\n\t\t<\/button>\n\t\t\t\t\t<\/div>\n\t\t\t<div class=\"e-n-tabs-content\">\n\t\t\t\t<div id=\"e-n-tab-content-2292704471\" role=\"tabpanel\" aria-labelledby=\"e-n-tab-title-2292704471\" data-tab-index=\"1\" style=\"--n-tabs-title-order: 1;\" class=\"e-active elementor-element elementor-element-e6cead3 e-con-full e-flex e-con e-child\" data-id=\"e6cead3\" data-element_type=\"container\">\n\t\t\t\t<div class=\"elementor-element elementor-element-e349b1c elementor-widget elementor-widget-text-editor\" data-id=\"e349b1c\" data-element_type=\"widget\" data-widget_type=\"text-editor.default\">\n\t\t\t\t\t\t\t\t\t<p><strong>La sinc\u00e9rit\u00e9<\/strong> est une valeur essentielle de l&rsquo;humanit\u00e9. Il faut toujours faire preuve de sinc\u00e9rit\u00e9.<\/p>\t\t\t\t\t\t\t\t<\/div>\n\t\t\t\t<\/div>\n\t\t<div id=\"e-n-tab-content-2292704472\" role=\"tabpanel\" aria-labelledby=\"e-n-tab-title-2292704472\" data-tab-index=\"2\" style=\"--n-tabs-title-order: 2;\" class=\" elementor-element elementor-element-97dc755 e-con-full e-flex e-con e-child\" data-id=\"97dc755\" data-element_type=\"container\">\n\t\t\t\t<div class=\"elementor-element elementor-element-73b41dc elementor-widget elementor-widget-text-editor\" data-id=\"73b41dc\" data-element_type=\"widget\" data-widget_type=\"text-editor.default\">\n\t\t\t\t\t\t\t\t\t<p><strong>L&rsquo;harmonie<\/strong> est \u00e0 la base de la puissance\u2026la confiance mutuelle nous permet de travailler ensemble.<\/p>\t\t\t\t\t\t\t\t<\/div>\n\t\t\t\t<\/div>\n\t\t<div id=\"e-n-tab-content-2292704473\" role=\"tabpanel\" aria-labelledby=\"e-n-tab-title-2292704473\" data-tab-index=\"3\" style=\"--n-tabs-title-order: 3;\" class=\" elementor-element elementor-element-995e0bd e-con-full e-flex e-con e-child\" data-id=\"995e0bd\" data-element_type=\"container\">\n\t\t\t\t<div class=\"elementor-element elementor-element-e58ad54 elementor-widget elementor-widget-text-editor\" data-id=\"e58ad54\" data-element_type=\"widget\" data-widget_type=\"text-editor.default\">\n\t\t\t\t\t\t\t\t\t<p><strong>La politesse<\/strong> est une qualit\u00e9 admirable\u2026il faut toujours faire preuve de politesse et de respect d&rsquo;autrui.<\/p>\t\t\t\t\t\t\t\t<\/div>\n\t\t\t\t<\/div>\n\t\t<div id=\"e-n-tab-content-2292704474\" role=\"tabpanel\" aria-labelledby=\"e-n-tab-title-2292704474\" data-tab-index=\"4\" style=\"--n-tabs-title-order: 4;\" class=\" elementor-element elementor-element-048f017 e-con-full e-flex e-con e-child\" data-id=\"048f017\" data-element_type=\"container\">\n\t\t\t\t<div class=\"elementor-element elementor-element-cc800ad elementor-widget elementor-widget-text-editor\" data-id=\"cc800ad\" data-element_type=\"widget\" data-widget_type=\"text-editor.default\">\n\t\t\t\t\t\t\t\t\t<p><strong>La cr\u00e9ativit\u00e9<\/strong> favorise le progr\u00e8s: restons toujours conscients du besoin d&rsquo;innover et nous am\u00e9liorer.<\/p>\t\t\t\t\t\t\t\t<\/div>\n\t\t\t\t<\/div>\n\t\t<div id=\"e-n-tab-content-2292704475\" role=\"tabpanel\" aria-labelledby=\"e-n-tab-title-2292704475\" data-tab-index=\"5\" style=\"--n-tabs-title-order: 5;\" class=\" elementor-element elementor-element-16783e4 e-con-full e-flex e-con e-child\" data-id=\"16783e4\" data-element_type=\"container\">\n\t\t\t\t<div class=\"elementor-element elementor-element-1f9fb4b elementor-widget elementor-widget-text-editor\" data-id=\"1f9fb4b\" data-element_type=\"widget\" data-widget_type=\"text-editor.default\">\n\t\t\t\t\t\t\t\t\t<p><strong>Le courage<\/strong> est un des piliers d&rsquo;une vie bien remplie et gratifiante. Abordez tous les d\u00e9fis avec une attitude positive.<\/p>\t\t\t\t\t\t\t\t<\/div>\n\t\t\t\t<\/div>\n\t\t\t\t\t<\/div>\n\t\t<\/div>\n\t\t\t\t\t\t<\/div>\n\t\t\t\t<\/div>\n\t\t\t\t<\/div>\n\t\t\t\t\t<\/div>\n\t\t\t\t<\/div>\n\t\t\t\t<\/div>\n\t\t","protected":false},"excerpt":{"rendered":"<p>Philosophie d&rsquo;affaires et principes directeurs Philosophie d&rsquo;affaires Nous ne cherchons pas tout simplement \u00e0 d\u00e9velopper le volume de nos affaires. Au contraire, nous nous consacrons \u00e0 d\u00e9ployer nos technologies uniques et innovatrices d&rsquo;une mani\u00e8re qui contribue \u00e0 la culture, \u00e0 l&rsquo;avancement et au bien-\u00eatre des gens autour du monde entier. Notre soci\u00e9t\u00e9 compte se d\u00e9velopper [&hellip;]<\/p>\n","protected":false},"author":1,"featured_media":0,"parent":0,"menu_order":0,"comment_status":"closed","ping_status":"closed","template":"","meta":{"_acf_changed":false,"footnotes":""},"class_list":["post-2094","page","type-page","status-publish","hentry"],"acf":[],"yoast_head":"<!-- This site is optimized with the Yoast SEO plugin v25.6 - https:\/\/yoast.com\/wordpress\/plugins\/seo\/ -->\n<title>Philosophie et Cr\u00e9do d&#039;Entreprise | Sharp Canada<\/title>\n<meta name=\"description\" content=\"D\u00e9couvrez les principes fondamentaux de Sharp Canada : Sinc\u00e9rit\u00e9 et Cr\u00e9ativit\u00e9, illustrant notre engagement envers l&#039;innovation, l&#039;int\u00e9grit\u00e9 et la contribution \u00e0 la soci\u00e9t\u00e9 gr\u00e2ce \u00e0 la technologie.\" \/>\n<meta name=\"robots\" content=\"noindex, follow, max-snippet:-1, max-image-preview:large, max-video-preview:-1\" \/>\n<meta property=\"og:locale\" content=\"fr_FR\" \/>\n<meta property=\"og:type\" content=\"article\" \/>\n<meta property=\"og:title\" content=\"Philosophie et Cr\u00e9do d&#039;Entreprise | Sharp Canada\" \/>\n<meta property=\"og:description\" content=\"D\u00e9couvrez les principes fondamentaux de Sharp Canada : Sinc\u00e9rit\u00e9 et Cr\u00e9ativit\u00e9, illustrant notre engagement envers l&#039;innovation, l&#039;int\u00e9grit\u00e9 et la contribution \u00e0 la soci\u00e9t\u00e9 gr\u00e2ce \u00e0 la technologie.\" \/>\n<meta property=\"og:url\" content=\"https:\/\/sharpcaci4.betademowork.com\/fr\/business-philosophy-creed\/\" \/>\n<meta property=\"og:site_name\" content=\"Sharp Electronics of Canada Ltd\" \/>\n<meta property=\"article:modified_time\" content=\"2025-10-10T16:28:36+00:00\" \/>\n<meta property=\"og:image\" content=\"https:\/\/sharpcaci4.betademowork.com\/wp-content\/uploads\/2025\/10\/shutterstock_2475095967-2.jpg\" \/>\n<meta name=\"twitter:card\" content=\"summary_large_image\" \/>\n<meta name=\"twitter:label1\" content=\"Dur\u00e9e de lecture estim\u00e9e\" \/>\n\t<meta name=\"twitter:data1\" content=\"2 minutes\" \/>\n<script type=\"application\/ld+json\" class=\"yoast-schema-graph\">{\"@context\":\"https:\/\/schema.org\",\"@graph\":[{\"@type\":\"WebPage\",\"@id\":\"https:\/\/sharpcaci4.betademowork.com\/fr\/business-philosophy-creed\/\",\"url\":\"https:\/\/sharpcaci4.betademowork.com\/fr\/business-philosophy-creed\/\",\"name\":\"Philosophie et Cr\u00e9do d'Entreprise | Sharp Canada\",\"isPartOf\":{\"@id\":\"https:\/\/sharpcaci4.betademowork.com\/en\/#website\"},\"primaryImageOfPage\":{\"@id\":\"https:\/\/sharpcaci4.betademowork.com\/fr\/business-philosophy-creed\/#primaryimage\"},\"image\":{\"@id\":\"https:\/\/sharpcaci4.betademowork.com\/fr\/business-philosophy-creed\/#primaryimage\"},\"thumbnailUrl\":\"https:\/\/sharpcaci4.betademowork.com\/wp-content\/uploads\/2025\/10\/shutterstock_2475095967-2.jpg\",\"datePublished\":\"2025-07-16T13:15:03+00:00\",\"dateModified\":\"2025-10-10T16:28:36+00:00\",\"description\":\"D\u00e9couvrez les principes fondamentaux de Sharp Canada : Sinc\u00e9rit\u00e9 et Cr\u00e9ativit\u00e9, illustrant notre engagement envers l'innovation, l'int\u00e9grit\u00e9 et la contribution \u00e0 la soci\u00e9t\u00e9 gr\u00e2ce \u00e0 la technologie.\",\"breadcrumb\":{\"@id\":\"https:\/\/sharpcaci4.betademowork.com\/fr\/business-philosophy-creed\/#breadcrumb\"},\"inLanguage\":\"fr-FR\",\"potentialAction\":[{\"@type\":\"ReadAction\",\"target\":[\"https:\/\/sharpcaci4.betademowork.com\/fr\/business-philosophy-creed\/\"]}]},{\"@type\":\"ImageObject\",\"inLanguage\":\"fr-FR\",\"@id\":\"https:\/\/sharpcaci4.betademowork.com\/fr\/business-philosophy-creed\/#primaryimage\",\"url\":\"https:\/\/sharpcaci4.betademowork.com\/wp-content\/uploads\/2025\/10\/shutterstock_2475095967-2.jpg\",\"contentUrl\":\"https:\/\/sharpcaci4.betademowork.com\/wp-content\/uploads\/2025\/10\/shutterstock_2475095967-2.jpg\"},{\"@type\":\"BreadcrumbList\",\"@id\":\"https:\/\/sharpcaci4.betademowork.com\/fr\/business-philosophy-creed\/#breadcrumb\",\"itemListElement\":[{\"@type\":\"ListItem\",\"position\":1,\"name\":\"Home | About Us\",\"item\":\"https:\/\/sharpcaci4.betademowork.com\/en\/\"},{\"@type\":\"ListItem\",\"position\":2,\"name\":\"Philosophie d&#8217;affaires et principes directeurs\"}]},{\"@type\":\"WebSite\",\"@id\":\"https:\/\/sharpcaci4.betademowork.com\/en\/#website\",\"url\":\"https:\/\/sharpcaci4.betademowork.com\/en\/\",\"name\":\"Sharp Electronics of Canada Ltd\",\"description\":\"\",\"publisher\":{\"@id\":\"https:\/\/sharpcaci4.betademowork.com\/en\/#organization\"},\"potentialAction\":[{\"@type\":\"SearchAction\",\"target\":{\"@type\":\"EntryPoint\",\"urlTemplate\":\"https:\/\/sharpcaci4.betademowork.com\/en\/?s={search_term_string}\"},\"query-input\":{\"@type\":\"PropertyValueSpecification\",\"valueRequired\":true,\"valueName\":\"search_term_string\"}}],\"inLanguage\":\"fr-FR\"},{\"@type\":\"Organization\",\"@id\":\"https:\/\/sharpcaci4.betademowork.com\/en\/#organization\",\"name\":\"Sharp Electronics of Canada Ltd\",\"url\":\"https:\/\/sharpcaci4.betademowork.com\/en\/\",\"logo\":{\"@type\":\"ImageObject\",\"inLanguage\":\"fr-FR\",\"@id\":\"https:\/\/sharpcaci4.betademowork.com\/en\/#\/schema\/logo\/image\/\",\"url\":\"https:\/\/sharpcaci4.betademowork.com\/wp-content\/uploads\/2025\/10\/Sharp_logo-200.png\",\"contentUrl\":\"https:\/\/sharpcaci4.betademowork.com\/wp-content\/uploads\/2025\/10\/Sharp_logo-200.png\",\"width\":200,\"height\":55,\"caption\":\"Sharp Electronics of Canada Ltd\"},\"image\":{\"@id\":\"https:\/\/sharpcaci4.betademowork.com\/en\/#\/schema\/logo\/image\/\"}}]}<\/script>\n<!-- \/ Yoast SEO plugin. -->","yoast_head_json":{"title":"Philosophie et Cr\u00e9do d'Entreprise | Sharp Canada","description":"D\u00e9couvrez les principes fondamentaux de Sharp Canada : Sinc\u00e9rit\u00e9 et Cr\u00e9ativit\u00e9, illustrant notre engagement envers l'innovation, l'int\u00e9grit\u00e9 et la contribution \u00e0 la soci\u00e9t\u00e9 gr\u00e2ce \u00e0 la technologie.","robots":{"index":"noindex","follow":"follow","max-snippet":"max-snippet:-1","max-image-preview":"max-image-preview:large","max-video-preview":"max-video-preview:-1"},"og_locale":"fr_FR","og_type":"article","og_title":"Philosophie et Cr\u00e9do d'Entreprise | Sharp Canada","og_description":"D\u00e9couvrez les principes fondamentaux de Sharp Canada : Sinc\u00e9rit\u00e9 et Cr\u00e9ativit\u00e9, illustrant notre engagement envers l'innovation, l'int\u00e9grit\u00e9 et la contribution \u00e0 la soci\u00e9t\u00e9 gr\u00e2ce \u00e0 la technologie.","og_url":"https:\/\/sharpcaci4.betademowork.com\/fr\/business-philosophy-creed\/","og_site_name":"Sharp Electronics of Canada Ltd","article_modified_time":"2025-10-10T16:28:36+00:00","og_image":[{"url":"https:\/\/sharpcaci4.betademowork.com\/wp-content\/uploads\/2025\/10\/shutterstock_2475095967-2.jpg","type":"","width":"","height":""}],"twitter_card":"summary_large_image","twitter_misc":{"Dur\u00e9e de lecture estim\u00e9e":"2 minutes"},"schema":{"@context":"https:\/\/schema.org","@graph":[{"@type":"WebPage","@id":"https:\/\/sharpcaci4.betademowork.com\/fr\/business-philosophy-creed\/","url":"https:\/\/sharpcaci4.betademowork.com\/fr\/business-philosophy-creed\/","name":"Philosophie et Cr\u00e9do d'Entreprise | Sharp Canada","isPartOf":{"@id":"https:\/\/sharpcaci4.betademowork.com\/en\/#website"},"primaryImageOfPage":{"@id":"https:\/\/sharpcaci4.betademowork.com\/fr\/business-philosophy-creed\/#primaryimage"},"image":{"@id":"https:\/\/sharpcaci4.betademowork.com\/fr\/business-philosophy-creed\/#primaryimage"},"thumbnailUrl":"https:\/\/sharpcaci4.betademowork.com\/wp-content\/uploads\/2025\/10\/shutterstock_2475095967-2.jpg","datePublished":"2025-07-16T13:15:03+00:00","dateModified":"2025-10-10T16:28:36+00:00","description":"D\u00e9couvrez les principes fondamentaux de Sharp Canada : Sinc\u00e9rit\u00e9 et Cr\u00e9ativit\u00e9, illustrant notre engagement envers l'innovation, l'int\u00e9grit\u00e9 et la contribution \u00e0 la soci\u00e9t\u00e9 gr\u00e2ce \u00e0 la technologie.","breadcrumb":{"@id":"https:\/\/sharpcaci4.betademowork.com\/fr\/business-philosophy-creed\/#breadcrumb"},"inLanguage":"fr-FR","potentialAction":[{"@type":"ReadAction","target":["https:\/\/sharpcaci4.betademowork.com\/fr\/business-philosophy-creed\/"]}]},{"@type":"ImageObject","inLanguage":"fr-FR","@id":"https:\/\/sharpcaci4.betademowork.com\/fr\/business-philosophy-creed\/#primaryimage","url":"https:\/\/sharpcaci4.betademowork.com\/wp-content\/uploads\/2025\/10\/shutterstock_2475095967-2.jpg","contentUrl":"https:\/\/sharpcaci4.betademowork.com\/wp-content\/uploads\/2025\/10\/shutterstock_2475095967-2.jpg"},{"@type":"BreadcrumbList","@id":"https:\/\/sharpcaci4.betademowork.com\/fr\/business-philosophy-creed\/#breadcrumb","itemListElement":[{"@type":"ListItem","position":1,"name":"Home | About Us","item":"https:\/\/sharpcaci4.betademowork.com\/en\/"},{"@type":"ListItem","position":2,"name":"Philosophie d&#8217;affaires et principes directeurs"}]},{"@type":"WebSite","@id":"https:\/\/sharpcaci4.betademowork.com\/en\/#website","url":"https:\/\/sharpcaci4.betademowork.com\/en\/","name":"Sharp Electronics of Canada Ltd","description":"","publisher":{"@id":"https:\/\/sharpcaci4.betademowork.com\/en\/#organization"},"potentialAction":[{"@type":"SearchAction","target":{"@type":"EntryPoint","urlTemplate":"https:\/\/sharpcaci4.betademowork.com\/en\/?s={search_term_string}"},"query-input":{"@type":"PropertyValueSpecification","valueRequired":true,"valueName":"search_term_string"}}],"inLanguage":"fr-FR"},{"@type":"Organization","@id":"https:\/\/sharpcaci4.betademowork.com\/en\/#organization","name":"Sharp Electronics of Canada Ltd","url":"https:\/\/sharpcaci4.betademowork.com\/en\/","logo":{"@type":"ImageObject","inLanguage":"fr-FR","@id":"https:\/\/sharpcaci4.betademowork.com\/en\/#\/schema\/logo\/image\/","url":"https:\/\/sharpcaci4.betademowork.com\/wp-content\/uploads\/2025\/10\/Sharp_logo-200.png","contentUrl":"https:\/\/sharpcaci4.betademowork.com\/wp-content\/uploads\/2025\/10\/Sharp_logo-200.png","width":200,"height":55,"caption":"Sharp Electronics of Canada Ltd"},"image":{"@id":"https:\/\/sharpcaci4.betademowork.com\/en\/#\/schema\/logo\/image\/"}}]}},"_links":{"self":[{"href":"https:\/\/sharpcaci4.betademowork.com\/fr\/wp-json\/wp\/v2\/pages\/2094","targetHints":{"allow":["GET"]}}],"collection":[{"href":"https:\/\/sharpcaci4.betademowork.com\/fr\/wp-json\/wp\/v2\/pages"}],"about":[{"href":"https:\/\/sharpcaci4.betademowork.com\/fr\/wp-json\/wp\/v2\/types\/page"}],"author":[{"embeddable":true,"href":"https:\/\/sharpcaci4.betademowork.com\/fr\/wp-json\/wp\/v2\/users\/1"}],"replies":[{"embeddable":true,"href":"https:\/\/sharpcaci4.betademowork.com\/fr\/wp-json\/wp\/v2\/comments?post=2094"}],"version-history":[{"count":3,"href":"https:\/\/sharpcaci4.betademowork.com\/fr\/wp-json\/wp\/v2\/pages\/2094\/revisions"}],"predecessor-version":[{"id":9499,"href":"https:\/\/sharpcaci4.betademowork.com\/fr\/wp-json\/wp\/v2\/pages\/2094\/revisions\/9499"}],"wp:attachment":[{"href":"https:\/\/sharpcaci4.betademowork.com\/fr\/wp-json\/wp\/v2\/media?parent=2094"}],"curies":[{"name":"wp","href":"https:\/\/api.w.org\/{rel}","templated":true}]}}