{"id":8481,"date":"2025-10-04T20:55:09","date_gmt":"2025-10-04T20:55:09","guid":{"rendered":"https:\/\/sharpcaci4.betademowork.com\/?page_id=8481"},"modified":"2025-10-09T19:46:35","modified_gmt":"2025-10-09T19:46:35","slug":"reglement","status":"publish","type":"page","link":"https:\/\/sharpcaci4.betademowork.com\/en\/reglement\/","title":{"rendered":"Reglement"},"content":{"rendered":"\t\t<div data-elementor-type=\"wp-page\" data-elementor-id=\"8481\" class=\"elementor elementor-8481 elementor-8476\" data-elementor-post-type=\"page\">\n\t\t\t\t<div class=\"elementor-element elementor-element-6d0ad0d e-flex e-con-boxed e-con e-child\" data-id=\"6d0ad0d\" data-element_type=\"container\" data-settings=\"{&quot;background_background&quot;:&quot;classic&quot;}\">\n\t\t\t\t\t<div class=\"e-con-inner\">\n\t\t<div class=\"elementor-element elementor-element-8790ad7 e-con-full e-flex e-con e-child\" data-id=\"8790ad7\" data-element_type=\"container\" id=\"privacypolices\">\n\t\t\t\t<div class=\"elementor-element elementor-element-9017c84 elementor-widget__width-inherit elementor-invisible elementor-widget elementor-widget-heading\" data-id=\"9017c84\" data-element_type=\"widget\" data-settings=\"{&quot;_animation&quot;:&quot;fadeInUp&quot;}\" data-widget_type=\"heading.default\">\n\t\t\t\t\t<h1 class=\"elementor-heading-title elementor-size-default\">Reglement<\/h1>\t\t\t\t<\/div>\n\t\t\t\t<\/div>\n\t\t\t\t\t<\/div>\n\t\t\t\t<\/div>\n\t\t<div class=\"elementor-element elementor-element-13d8c55 e-flex e-con-boxed e-con e-parent\" data-id=\"13d8c55\" data-element_type=\"container\">\n\t\t\t\t\t<div class=\"e-con-inner\">\n\t\t<div class=\"elementor-element elementor-element-2b743c8 e-con-full e-flex e-con e-child\" data-id=\"2b743c8\" data-element_type=\"container\">\n\t\t\t\t<div class=\"elementor-element elementor-element-c62fdcf elementor-widget elementor-widget-heading\" data-id=\"c62fdcf\" data-element_type=\"widget\" data-widget_type=\"heading.default\">\n\t\t\t\t\t<h2 class=\"elementor-heading-title elementor-size-default\">For residents of Quebec only<\/h2>\t\t\t\t<\/div>\n\t\t\t\t<div class=\"elementor-element elementor-element-ddb13e7 elementor-widget elementor-widget-text-editor\" data-id=\"ddb13e7\" data-element_type=\"widget\" data-widget_type=\"text-editor.default\">\n\t\t\t\t\t\t\t\t\t<p>D\u00e9claration de non-responsabilit\u00e9 relative au projet de loi 29<br \/>\u00a0<br \/>\u00c0 l\u2019intention des consommateurs qu\u00e9b\u00e9cois uniquement &#8211; Avis sur la garantie de disponibilit\u00e9 des pi\u00e8ces de rechange, des services de r\u00e9paration et des renseignements n\u00e9cessaires \u00e0 la r\u00e9paration ou \u00e0 l\u2019entretien (art. 39 de la Loi sur la protection du consommateur)<br \/>\u00a0<br \/>Veuillez noter que SHARP \u00c9LECTRONIQUE DU CANADA LT\u00c9E., ainsi que ses soci\u00e9t\u00e9s affili\u00e9es, filiales, soci\u00e9t\u00e9s m\u00e8res, assureurs, successeurs et ayants droit (collectivement, \u2018SHARP\u2019), ne garantit pas la disponibilit\u00e9 des pi\u00e8ces de rechange, des services de r\u00e9paration ou des renseignements n\u00e9cessaires \u00e0 l\u2019entretien ou \u00e0 la r\u00e9paration des biens fabriqu\u00e9s, import\u00e9s, annonc\u00e9s ou vendus par SHARP, au sens de l\u2019article 39 de la Loi sur la protection du consommateur, RLRQ, c. P &#8211; 40.1, et des articles 79.18 \u00e0 79,20 du R\u00e8glement d\u2019application de la Loi sur la protection du consommateur, RLRQ, c. P -40.1, r. 3.<br \/>\u00a0<br \/>Notez que nous offrons une garantie conventionnelle par l\u2019interm\u00e9diaire de nos centres de service d\u2019usine et de nos techniciens d\u2019assistance \u00e0 la client\u00e8le agr\u00e9\u00e9s, sous r\u00e9serve des conditions de notre garantie du fabricant. Pour plus d\u2019informations \u00e0 ce sujet, veuillez consulter notre site <a href=\"https:\/\/sharpcaci4.betademowork.com\/fr\/Reglement\">https:\/\/sharpcaci4.betademowork.com\/fr\/Reglement<\/a> ou appeler le 1-877-278-6709.<\/p>\t\t\t\t\t\t\t\t<\/div>\n\t\t\t\t<\/div>\n\t\t\t\t\t<\/div>\n\t\t\t\t<\/div>\n\t\t\t\t<\/div>\n\t\t","protected":false},"excerpt":{"rendered":"<p>Reglement For residents of Quebec only D\u00e9claration de non-responsabilit\u00e9 relative au projet de loi 29\u00a0\u00c0 l\u2019intention des consommateurs qu\u00e9b\u00e9cois uniquement &#8211; Avis sur la garantie de disponibilit\u00e9 des pi\u00e8ces de rechange, des services de r\u00e9paration et des renseignements n\u00e9cessaires \u00e0 la r\u00e9paration ou \u00e0 l\u2019entretien (art. 39 de la Loi sur la protection du consommateur)\u00a0Veuillez [&hellip;]<\/p>\n","protected":false},"author":1,"featured_media":0,"parent":0,"menu_order":0,"comment_status":"closed","ping_status":"open","template":"","meta":{"_acf_changed":false,"footnotes":""},"class_list":["post-8481","page","type-page","status-publish","hentry"],"acf":[],"yoast_head":"<!-- This site is optimized with the Yoast SEO plugin v25.6 - https:\/\/yoast.com\/wordpress\/plugins\/seo\/ -->\n<title>Reglement - Sharp Electronics of Canada Ltd<\/title>\n<meta name=\"description\" content=\"For residents of Quebec only\" \/>\n<meta name=\"robots\" content=\"noindex, follow, max-snippet:-1, max-image-preview:large, max-video-preview:-1\" \/>\n<meta property=\"og:locale\" content=\"en_US\" \/>\n<meta property=\"og:type\" content=\"article\" \/>\n<meta property=\"og:title\" content=\"Reglement - Sharp Electronics of Canada Ltd\" \/>\n<meta property=\"og:description\" content=\"For residents of Quebec only\" \/>\n<meta property=\"og:url\" content=\"https:\/\/sharpcaci4.betademowork.com\/en\/reglement\/\" \/>\n<meta property=\"og:site_name\" content=\"Sharp Electronics of Canada Ltd\" \/>\n<meta property=\"article:modified_time\" content=\"2025-10-09T19:46:35+00:00\" \/>\n<meta name=\"twitter:card\" content=\"summary_large_image\" \/>\n<meta name=\"twitter:label1\" content=\"Est. reading time\" \/>\n\t<meta name=\"twitter:data1\" content=\"1 minute\" \/>\n<script type=\"application\/ld+json\" class=\"yoast-schema-graph\">{\"@context\":\"https:\/\/schema.org\",\"@graph\":[{\"@type\":\"WebPage\",\"@id\":\"https:\/\/sharpcaci4.betademowork.com\/en\/reglement\/\",\"url\":\"https:\/\/sharpcaci4.betademowork.com\/en\/reglement\/\",\"name\":\"Reglement - Sharp Electronics of Canada Ltd\",\"isPartOf\":{\"@id\":\"https:\/\/sharpcaci4.betademowork.com\/en\/#website\"},\"datePublished\":\"2025-10-04T20:55:09+00:00\",\"dateModified\":\"2025-10-09T19:46:35+00:00\",\"description\":\"For residents of Quebec only\",\"breadcrumb\":{\"@id\":\"https:\/\/sharpcaci4.betademowork.com\/en\/reglement\/#breadcrumb\"},\"inLanguage\":\"en-US\",\"potentialAction\":[{\"@type\":\"ReadAction\",\"target\":[\"https:\/\/sharpcaci4.betademowork.com\/en\/reglement\/\"]}]},{\"@type\":\"BreadcrumbList\",\"@id\":\"https:\/\/sharpcaci4.betademowork.com\/en\/reglement\/#breadcrumb\",\"itemListElement\":[{\"@type\":\"ListItem\",\"position\":1,\"name\":\"Home | About Us\",\"item\":\"https:\/\/sharpcaci4.betademowork.com\/en\/\"},{\"@type\":\"ListItem\",\"position\":2,\"name\":\"Reglement\"}]},{\"@type\":\"WebSite\",\"@id\":\"https:\/\/sharpcaci4.betademowork.com\/en\/#website\",\"url\":\"https:\/\/sharpcaci4.betademowork.com\/en\/\",\"name\":\"Sharp Electronics of Canada Ltd\",\"description\":\"\",\"publisher\":{\"@id\":\"https:\/\/sharpcaci4.betademowork.com\/en\/#organization\"},\"potentialAction\":[{\"@type\":\"SearchAction\",\"target\":{\"@type\":\"EntryPoint\",\"urlTemplate\":\"https:\/\/sharpcaci4.betademowork.com\/en\/?s={search_term_string}\"},\"query-input\":{\"@type\":\"PropertyValueSpecification\",\"valueRequired\":true,\"valueName\":\"search_term_string\"}}],\"inLanguage\":\"en-US\"},{\"@type\":\"Organization\",\"@id\":\"https:\/\/sharpcaci4.betademowork.com\/en\/#organization\",\"name\":\"Sharp Electronics of Canada Ltd\",\"url\":\"https:\/\/sharpcaci4.betademowork.com\/en\/\",\"logo\":{\"@type\":\"ImageObject\",\"inLanguage\":\"en-US\",\"@id\":\"https:\/\/sharpcaci4.betademowork.com\/en\/#\/schema\/logo\/image\/\",\"url\":\"https:\/\/sharpcaci4.betademowork.com\/wp-content\/uploads\/2025\/10\/Sharp_logo-200.png\",\"contentUrl\":\"https:\/\/sharpcaci4.betademowork.com\/wp-content\/uploads\/2025\/10\/Sharp_logo-200.png\",\"width\":200,\"height\":55,\"caption\":\"Sharp Electronics of Canada Ltd\"},\"image\":{\"@id\":\"https:\/\/sharpcaci4.betademowork.com\/en\/#\/schema\/logo\/image\/\"}}]}<\/script>\n<!-- \/ Yoast SEO plugin. -->","yoast_head_json":{"title":"Reglement - Sharp Electronics of Canada Ltd","description":"For residents of Quebec only","robots":{"index":"noindex","follow":"follow","max-snippet":"max-snippet:-1","max-image-preview":"max-image-preview:large","max-video-preview":"max-video-preview:-1"},"og_locale":"en_US","og_type":"article","og_title":"Reglement - Sharp Electronics of Canada Ltd","og_description":"For residents of Quebec only","og_url":"https:\/\/sharpcaci4.betademowork.com\/en\/reglement\/","og_site_name":"Sharp Electronics of Canada Ltd","article_modified_time":"2025-10-09T19:46:35+00:00","twitter_card":"summary_large_image","twitter_misc":{"Est. reading time":"1 minute"},"schema":{"@context":"https:\/\/schema.org","@graph":[{"@type":"WebPage","@id":"https:\/\/sharpcaci4.betademowork.com\/en\/reglement\/","url":"https:\/\/sharpcaci4.betademowork.com\/en\/reglement\/","name":"Reglement - Sharp Electronics of Canada Ltd","isPartOf":{"@id":"https:\/\/sharpcaci4.betademowork.com\/en\/#website"},"datePublished":"2025-10-04T20:55:09+00:00","dateModified":"2025-10-09T19:46:35+00:00","description":"For residents of Quebec only","breadcrumb":{"@id":"https:\/\/sharpcaci4.betademowork.com\/en\/reglement\/#breadcrumb"},"inLanguage":"en-US","potentialAction":[{"@type":"ReadAction","target":["https:\/\/sharpcaci4.betademowork.com\/en\/reglement\/"]}]},{"@type":"BreadcrumbList","@id":"https:\/\/sharpcaci4.betademowork.com\/en\/reglement\/#breadcrumb","itemListElement":[{"@type":"ListItem","position":1,"name":"Home | About Us","item":"https:\/\/sharpcaci4.betademowork.com\/en\/"},{"@type":"ListItem","position":2,"name":"Reglement"}]},{"@type":"WebSite","@id":"https:\/\/sharpcaci4.betademowork.com\/en\/#website","url":"https:\/\/sharpcaci4.betademowork.com\/en\/","name":"Sharp Electronics of Canada Ltd","description":"","publisher":{"@id":"https:\/\/sharpcaci4.betademowork.com\/en\/#organization"},"potentialAction":[{"@type":"SearchAction","target":{"@type":"EntryPoint","urlTemplate":"https:\/\/sharpcaci4.betademowork.com\/en\/?s={search_term_string}"},"query-input":{"@type":"PropertyValueSpecification","valueRequired":true,"valueName":"search_term_string"}}],"inLanguage":"en-US"},{"@type":"Organization","@id":"https:\/\/sharpcaci4.betademowork.com\/en\/#organization","name":"Sharp Electronics of Canada Ltd","url":"https:\/\/sharpcaci4.betademowork.com\/en\/","logo":{"@type":"ImageObject","inLanguage":"en-US","@id":"https:\/\/sharpcaci4.betademowork.com\/en\/#\/schema\/logo\/image\/","url":"https:\/\/sharpcaci4.betademowork.com\/wp-content\/uploads\/2025\/10\/Sharp_logo-200.png","contentUrl":"https:\/\/sharpcaci4.betademowork.com\/wp-content\/uploads\/2025\/10\/Sharp_logo-200.png","width":200,"height":55,"caption":"Sharp Electronics of Canada Ltd"},"image":{"@id":"https:\/\/sharpcaci4.betademowork.com\/en\/#\/schema\/logo\/image\/"}}]}},"_links":{"self":[{"href":"https:\/\/sharpcaci4.betademowork.com\/en\/wp-json\/wp\/v2\/pages\/8481","targetHints":{"allow":["GET"]}}],"collection":[{"href":"https:\/\/sharpcaci4.betademowork.com\/en\/wp-json\/wp\/v2\/pages"}],"about":[{"href":"https:\/\/sharpcaci4.betademowork.com\/en\/wp-json\/wp\/v2\/types\/page"}],"author":[{"embeddable":true,"href":"https:\/\/sharpcaci4.betademowork.com\/en\/wp-json\/wp\/v2\/users\/1"}],"replies":[{"embeddable":true,"href":"https:\/\/sharpcaci4.betademowork.com\/en\/wp-json\/wp\/v2\/comments?post=8481"}],"version-history":[{"count":3,"href":"https:\/\/sharpcaci4.betademowork.com\/en\/wp-json\/wp\/v2\/pages\/8481\/revisions"}],"predecessor-version":[{"id":9183,"href":"https:\/\/sharpcaci4.betademowork.com\/en\/wp-json\/wp\/v2\/pages\/8481\/revisions\/9183"}],"wp:attachment":[{"href":"https:\/\/sharpcaci4.betademowork.com\/en\/wp-json\/wp\/v2\/media?parent=8481"}],"curies":[{"name":"wp","href":"https:\/\/api.w.org\/{rel}","templated":true}]}}